{"id":119,"date":"2014-10-23T21:53:33","date_gmt":"2014-10-23T19:53:33","guid":{"rendered":"http:\/\/sanito.org\/?page_id=119"},"modified":"2015-05-04T23:05:40","modified_gmt":"2015-05-04T21:05:40","slug":"pie-de-imprenta","status":"publish","type":"page","link":"https:\/\/sanito.org\/de\/pie-de-imprenta\/","title":{"rendered":"Impressum"},"content":{"rendered":"<p><\/p>\n<h3 style=\"text-align: justify;\"><strong>Anbieter und verantwortlich nach \u00a7 6 Abs.2 MDStV:<\/strong><\/h3>\n<p style=\"text-align: justify;\">Ronny Gey<\/p>\n<h3 style=\"text-align: justify;\"><strong>Kontakt:<\/strong><\/h3>\n<p style=\"text-align: justify;\">e-Mail: <a title=\"Mail an Sanito\" href=\"mailto:info [at] sanito.org\">info [at] sanito.org<\/a><\/p>\n<h3 style=\"text-align: justify;\"><strong>Haftung f\u00fcr Inhalte<\/strong><\/h3>\n<p style=\"text-align: justify;\">Die Inhalte unserer Seiten wurden mit gr\u00f6\u00dfter Sorgfalt erstellt. F\u00fcr die Richtigkeit, Vollst\u00e4ndigkeit und Aktualit\u00e4t der Inhalte k\u00f6nnen wir jedoch keine Gew\u00e4hr \u00fcbernehmen. Als Diensteanbieter sind wir gem\u00e4\u00df \u00a7 7 Abs.1 TMG f\u00fcr eigene Inhalte auf diesen Seiten nach den allgemeinen Gesetzen verantwortlich. Nach \u00a7\u00a7 8 bis 10 TMG sind wir als Diensteanbieter jedoch nicht verpflichtet, \u00fcbermittelte oder gespeicherte fremde Informationen zu \u00fcberwachen oder nach Umst\u00e4nden zu forschen, die auf eine rechtswidrige T\u00e4tigkeit hinweisen. Verpflichtungen zur Entfernung oder Sperrung der Nutzung von Informationen nach den allgemeinen Gesetzen bleiben hiervon unber\u00fchrt. Eine diesbez\u00fcgliche Haftung ist jedoch erst ab dem Zeitpunkt der Kenntnis einer konkreten Rechtsverletzung m\u00f6glich. Bei Bekanntwerden von entsprechenden Rechtsverletzungen werden wir diese Inhalte umgehend entfernen.<\/p>\n<h3 style=\"text-align: justify;\"><strong>Haftung f\u00fcr Links<\/strong><\/h3>\n<p style=\"text-align: justify;\">Unser Angebot enth\u00e4lt Links zu externen Webseiten Dritter, auf deren Inhalte wir keinen Einfluss haben. Deshalb k\u00f6nnen wir f\u00fcr diese fremden Inhalte auch keine Gew\u00e4hr \u00fcbernehmen. F\u00fcr die Inhalte der verlinkten Seiten ist stets der jeweilige Anbieter oder Betreiber der Seiten verantwortlich. Die verlinkten Seiten wurden zum Zeitpunkt der Verlinkung auf m\u00f6gliche Rechtsverst\u00f6\u00dfe \u00fcberpr\u00fcft. Rechtswidrige Inhalte waren zum Zeitpunkt der Verlinkung nicht erkennbar. Eine permanente inhaltliche Kontrolle der verlinkten Seiten ist jedoch ohne konkrete Anhaltspunkte einer Rechtsverletzung nicht zumutbar. Bei Bekanntwerden von Rechtsverletzungen werden wir derartige Links umgehend entfernen.<\/p>\n<h3 style=\"text-align: justify;\"><strong>Urheberrecht<\/strong><\/h3>\n<p style=\"text-align: justify;\">Die durch die Seitenbetreiber erstellten Texte sowie das Sanito-Logo auf diesen Seiten unterliegen einer <a href=\"http:\/\/creativecommons.org\/licenses\/by-nc-nd\/3.0\/deed.de\" rel=\"license\">Creative Commons BY-NC-ND 3.0 Lizenz<\/a>.<\/p>\n<h3 style=\"text-align: justify;\"><strong>Datenschutz<\/strong><\/h3>\n<p style=\"text-align: justify;\">Die Nutzung unserer Webseite ist in der Regel ohne Angabe personenbezogener Daten m\u00f6glich. Soweit auf unseren Seiten personenbezogene Daten (beispielsweise Name, Anschrift oder eMail-Adressen) erhoben werden, erfolgt dies, soweit m\u00f6glich, stets auf freiwilliger Basis. Diese Daten werden ohne Ihre ausdr\u00fcckliche Zustimmung nicht an Dritte weitergegeben.<\/p>\n<p style=\"text-align: justify;\">Wir weisen darauf hin, dass die Daten\u00fcbertragung im Internet (z.B. bei der Kommunikation per E-Mail) Sicherheitsl\u00fccken aufweisen kann. Ein l\u00fcckenloser Schutz der Daten vor dem Zugriff durch Dritte ist nicht<\/p>\n<p style=\"text-align: justify;\">m\u00f6glich.<\/p>\n<p style=\"text-align: justify;\">Der Nutzung von im Rahmen der Impressumspflicht ver\u00f6ffentlichten Kontaktdaten durch Dritte zur \u00dcbersendung von nicht ausdr\u00fccklich angeforderter Werbung und Informationsmaterialien wird hiermit ausdr\u00fccklich widersprochen. Die Betreiber der Seiten behalten sich ausdr\u00fccklich rechtliche Schritte im Falle der unverlangten Zusendung von Werbeinformationen, etwa durch Spam-Mails, vor.<\/p>\n<h3 style=\"text-align: justify;\"><strong>Datenschutzerkl\u00e4rung f\u00fcr die Nutzung von PIWIK<\/strong><\/h3>\n<p style=\"text-align: justify;\">Unsere Website verwendet Piwik, dabei handelt es sich um einen sogenannten Webanalysedienst. Piwik verwendet sog. \u201cCookies\u201d, dass sind Textdateien, die auf Ihrem Computer gespeichert werden und die unsererseits eine Analyse der Benutzung der Webseite erm\u00f6glichen. Zu diesem Zweck werden die durch den Cookie erzeugten Nutzungsinformationen (einschlie\u00dflich Ihrer gek\u00fcrzten IP-Adresse) an unseren Server \u00fcbertragen und zu Nutzungsanalysezwecken gespeichert, was der Webseitenoptimierung unsererseits dient. Ihre IP-Adresse wird bei diesem Vorgang umgehend anonymisiert, so dass Sie als Nutzer f\u00fcr uns anonym bleiben. Die durch den Cookie erzeugten Informationen \u00fcber Ihre Benutzung dieser Webseite werden nicht an Dritte weitergegeben. Sie k\u00f6nnen die Verwendung der Cookies durch eine entsprechende Einstellung Ihrer Browser Software verhindern, es kann jedoch sein, dass Sie in diesem Fall gegebenenfalls nicht s\u00e4mtliche Funktionen dieser Website voll umf\u00e4nglich nutzen k\u00f6nnen.<\/p>\n<p style=\"text-align: justify;\">Wenn Sie mit der Speicherung und Auswertung dieser Daten aus Ihrem Besuch nicht einverstanden sind, dann k\u00f6nnen Sie der Speicherung und Nutzung nachfolgend per Mausklick jederzeit widersprechen. In diesem Fall wird in Ihrem Browser ein sog. Opt-Out-Cookie abgelegt, was zur Folge hat, dass Piwik keinerlei Sitzungsdaten erhebt. Achtung: Wenn Sie Ihre Cookies l\u00f6schen, so hat dies zur Folge, dass auch das Opt-Out-Cookie gel\u00f6scht wird und ggf. von Ihnen erneut aktiviert werden muss.<\/p>\n<p style=\"text-align: justify;\"><iframe loading=\"lazy\" src=\"http:\/\/piwik.sosciso.de\/index.php?module=CoreAdminHome&amp;action=optOut&amp;language=de\" width=\"850px\" height=\"200px\" frameborder=\"no\"><\/iframe><\/p>\n<h3 style=\"text-align: justify;\"><strong>Datenschutzerkl\u00e4rung f\u00fcr die Nutzung von Facebook-Plugins(Like-Button)<\/strong><\/h3>\n<p style=\"text-align: justify;\">Auf unseren Seiten sind Plugins des sozialen Netzwerks Facebook, 1601 South California Avenue, Palo Alto, CA 94304, USA integriert. Die Facebook-Plugins erkennen Sie an dem Facebook-Logo oder dem &#8222;Like-Button&#8220; (&#8222;Gef\u00e4llt mir&#8220;) auf unserer Seite. Eine \u00dcbersicht \u00fcber die Facebook-Plugins finden Sie hier: <a href=\"http:\/\/developers.facebook.com\/docs\/plugins\/\" target=\"_blank\">http:\/\/developers.facebook.com\/docs\/plugins\/<\/a>.<\/p>\n<p style=\"text-align: justify;\">Wenn Sie unsere Seiten besuchen, wird \u00fcber das Plugin eine direkte Verbindung zwischen Ihrem Browser und dem Facebook-Server hergestellt. Facebook erh\u00e4lt dadurch die Information, dass Sie mit Ihrer IP-Adresse unsere Seite besucht haben. Wenn Sie den Facebook &#8222;Like-Button&#8220; anklicken w\u00e4hrend Sie in Ihrem Facebook-Account eingeloggt sind, k\u00f6nnen Sie die Inhalte unserer Seiten auf Ihrem Facebook-Profil verlinken. Dadurch kann Facebook den Besuch unserer Seiten Ihrem Benutzerkonto zuordnen. Wir weisen darauf hin, dass wir als Anbieter der Seiten keine Kenntnis vom Inhalt der \u00fcbermittelten Daten sowie deren Nutzung durch Facebook erhalten. Weitere Informationen hierzu finden Sie in der Datenschutzerkl\u00e4rung von facebook unter <a href=\"http:\/\/de-de.facebook.com\/policy.php\" target=\"_blank\">http:\/\/de-de.facebook.com\/policy.php<\/a><\/p>\n<p style=\"text-align: justify;\">Wenn Sie nicht w\u00fcnschen, dass Facebook den Besuch unserer Seiten Ihrem Facebook-Nutzerkonto zuordnen kann, loggen Sie sich bitte aus Ihrem Facebook-Benutzerkonto aus.<\/p>\n<p style=\"text-align: justify;\"><em>Quellen: <a href=\"http:\/\/www.e-recht24.de\/muster-disclaimer.htm\" target=\"_blank\">Disclaimer<\/a> von eRecht24, dem Portal zum Internetrecht von Rechtsanwalt S\u00f6ren Siebert, <a href=\"http:\/\/www.e-recht24.de\/artikel\/datenschutz\/6590-facebook-like-button-datenschutz-disclaimer.html\" target=\"_blank\">Facebook Disclaimer<\/a><\/em><\/p>\n<p><\/p>\n<div class=\"shariff\"><ul class=\"shariff-buttons theme-default orientation-horizontal buttonsize-medium\"><li class=\"shariff-button facebook shariff-nocustomcolor\" style=\"background-color:#4273c8\"><a href=\"https:\/\/www.facebook.com\/sharer\/sharer.php?u=https%3A%2F%2Fsanito.org%2Fde%2Fpie-de-imprenta%2F\" title=\"Bei Facebook teilen\" aria-label=\"Bei Facebook teilen\" role=\"button\" rel=\"nofollow\" class=\"shariff-link\" style=\"; background-color:#3b5998; color:#fff\" target=\"_blank\"><span class=\"shariff-icon\" style=\"\"><svg width=\"32px\" height=\"20px\" xmlns=\"http:\/\/www.w3.org\/2000\/svg\" viewBox=\"0 0 18 32\"><path fill=\"#3b5998\" d=\"M17.1 0.2v4.7h-2.8q-1.5 0-2.1 0.6t-0.5 1.9v3.4h5.2l-0.7 5.3h-4.5v13.6h-5.5v-13.6h-4.5v-5.3h4.5v-3.9q0-3.3 1.9-5.2t5-1.8q2.6 0 4.1 0.2z\"\/><\/svg><\/span><span class=\"shariff-text\">teilen<\/span>&nbsp;<\/a><\/li><li class=\"shariff-button twitter shariff-nocustomcolor\" style=\"background-color:#595959\"><a href=\"https:\/\/twitter.com\/share?url=https%3A%2F%2Fsanito.org%2Fde%2Fpie-de-imprenta%2F&text=Impressum\" title=\"Bei X teilen\" aria-label=\"Bei X teilen\" role=\"button\" rel=\"noopener nofollow\" class=\"shariff-link\" style=\"; background-color:#000; color:#fff\" target=\"_blank\"><span class=\"shariff-icon\" style=\"\"><svg width=\"32px\" height=\"20px\" xmlns=\"http:\/\/www.w3.org\/2000\/svg\" viewBox=\"0 0 24 24\"><path fill=\"#000\" d=\"M14.258 10.152L23.176 0h-2.113l-7.747 8.813L7.133 0H0l9.352 13.328L0 23.973h2.113l8.176-9.309 6.531 9.309h7.133zm-2.895 3.293l-.949-1.328L2.875 1.56h3.246l6.086 8.523.945 1.328 7.91 11.078h-3.246zm0 0\"\/><\/svg><\/span><span class=\"shariff-text\">teilen<\/span>&nbsp;<\/a><\/li><li class=\"shariff-button diaspora shariff-nocustomcolor\" style=\"background-color:#b3b3b3\"><a href=\"https:\/\/share.diasporafoundation.org\/?url=https%3A%2F%2Fsanito.org%2Fde%2Fpie-de-imprenta%2F&title=Impressum\" title=\"Bei diaspora* teilen\" aria-label=\"Bei diaspora* teilen\" role=\"button\" rel=\"noopener nofollow\" class=\"shariff-link\" style=\"; background-color:#999; color:#fff\" target=\"_blank\"><span class=\"shariff-icon\" style=\"\"><svg width=\"32px\" height=\"20px\" xmlns=\"http:\/\/www.w3.org\/2000\/svg\" viewBox=\"0 0 33 32\"><path fill=\"#999\" d=\"M20.6 28.2c-0.8-1.2-2.1-2.9-2.9-4-0.8-1.1-1.4-1.9-1.4-1.9s-1.2 1.6-2.8 3.8c-1.5 2.1-2.8 3.8-2.8 3.8 0 0-5.5-3.9-5.5-3.9 0 0 1.2-1.8 2.8-4s2.8-4 2.8-4.1c0-0.1-0.5-0.2-4.4-1.5-2.4-0.8-4.4-1.5-4.4-1.5 0 0 0.2-0.8 1-3.2 0.6-1.8 1-3.2 1.1-3.3s2.1 0.6 4.6 1.5c2.5 0.8 4.6 1.5 4.6 1.5s0.1 0 0.1-0.1c0 0 0-2.2 0-4.8s0-4.7 0.1-4.7c0 0 0.7 0 3.3 0 1.8 0 3.3 0 3.4 0 0 0 0.1 1.4 0.2 4.6 0.1 5.2 0.1 5.3 0.2 5.3 0 0 2-0.7 4.5-1.5s4.4-1.5 4.4-1.5c0 0.1 2 6.5 2 6.5 0 0-2 0.7-4.5 1.5-3.4 1.1-4.5 1.5-4.5 1.6 0 0 1.2 1.8 2.6 3.9 1.5 2.1 2.6 3.9 2.6 3.9 0 0-5.4 4-5.5 4 0 0-0.7-0.9-1.5-2.1z\"\/><\/svg><\/span><span class=\"shariff-text\">teilen<\/span>&nbsp;<\/a><\/li><li class=\"shariff-button printer shariff-nocustomcolor\" style=\"background-color:#a8a8a8\"><a href=\"javascript:window.print()\" title=\"drucken\" aria-label=\"drucken\" role=\"button\" rel=\"noopener nofollow\" class=\"shariff-link\" style=\"; background-color:#999; color:#fff\"><span class=\"shariff-icon\" style=\"\"><svg width=\"32px\" height=\"20px\" xmlns=\"http:\/\/www.w3.org\/2000\/svg\" viewBox=\"0 0 30 32\"><path fill=\"#999\" d=\"M6.8 27.4h16v-4.6h-16v4.6zM6.8 16h16v-6.8h-2.8q-0.7 0-1.2-0.5t-0.5-1.2v-2.8h-11.4v11.4zM27.4 17.2q0-0.5-0.3-0.8t-0.8-0.4-0.8 0.4-0.3 0.8 0.3 0.8 0.8 0.3 0.8-0.3 0.3-0.8zM29.7 17.2v7.4q0 0.2-0.2 0.4t-0.4 0.2h-4v2.8q0 0.7-0.5 1.2t-1.2 0.5h-17.2q-0.7 0-1.2-0.5t-0.5-1.2v-2.8h-4q-0.2 0-0.4-0.2t-0.2-0.4v-7.4q0-1.4 1-2.4t2.4-1h1.2v-9.7q0-0.7 0.5-1.2t1.2-0.5h12q0.7 0 1.6 0.4t1.3 0.8l2.7 2.7q0.5 0.5 0.9 1.4t0.4 1.6v4.6h1.1q1.4 0 2.4 1t1 2.4z\"\/><\/svg><\/span><span class=\"shariff-text\">drucken<\/span>&nbsp;<\/a><\/li><li class=\"shariff-button rss shariff-nocustomcolor\" style=\"background-color:#ff8c00\"><a href=\"https:\/\/sanito.org\/de\/feed\/rss\/\" title=\"RSS-feed\" aria-label=\"RSS-feed\" role=\"button\" class=\"shariff-link\" style=\"; background-color:#fe9312; color:#fff\" target=\"_blank\"><span class=\"shariff-icon\" style=\"\"><svg width=\"32px\" height=\"20px\" xmlns=\"http:\/\/www.w3.org\/2000\/svg\" viewBox=\"0 0 32 32\"><path fill=\"#fe9312\" d=\"M4.3 23.5c-2.3 0-4.3 1.9-4.3 4.3 0 2.3 1.9 4.2 4.3 4.2 2.4 0 4.3-1.9 4.3-4.2 0-2.3-1.9-4.3-4.3-4.3zM0 10.9v6.1c4 0 7.7 1.6 10.6 4.4 2.8 2.8 4.4 6.6 4.4 10.6h6.2c0-11.7-9.5-21.1-21.1-21.1zM0 0v6.1c14.2 0 25.8 11.6 25.8 25.9h6.2c0-17.6-14.4-32-32-32z\"\/><\/svg><\/span><span class=\"shariff-text\">RSS-feed<\/span>&nbsp;<\/a><\/li><li class=\"shariff-button info shariff-nocustomcolor\" style=\"background-color:#eee\"><a href=\"http:\/\/ct.de\/-2467514\" title=\"Weitere Informationen\" aria-label=\"Weitere Informationen\" role=\"button\" rel=\"noopener \" class=\"shariff-link\" style=\"; background-color:#fff; color:#fff\" target=\"_blank\"><span class=\"shariff-icon\" style=\"\"><svg width=\"32px\" height=\"20px\" xmlns=\"http:\/\/www.w3.org\/2000\/svg\" viewBox=\"0 0 11 32\"><path fill=\"#999\" d=\"M11.4 24v2.3q0 0.5-0.3 0.8t-0.8 0.4h-9.1q-0.5 0-0.8-0.4t-0.4-0.8v-2.3q0-0.5 0.4-0.8t0.8-0.4h1.1v-6.8h-1.1q-0.5 0-0.8-0.4t-0.4-0.8v-2.3q0-0.5 0.4-0.8t0.8-0.4h6.8q0.5 0 0.8 0.4t0.4 0.8v10.3h1.1q0.5 0 0.8 0.4t0.3 0.8zM9.2 3.4v3.4q0 0.5-0.4 0.8t-0.8 0.4h-4.6q-0.4 0-0.8-0.4t-0.4-0.8v-3.4q0-0.4 0.4-0.8t0.8-0.4h4.6q0.5 0 0.8 0.4t0.4 0.8z\"\/><\/svg><\/span><\/a><\/li><\/ul><\/div>","protected":false},"excerpt":{"rendered":"<p>Anbieter und verantwortlich nach \u00a7 6 Abs.2 MDStV: Ronny Gey Kontakt: e-Mail: info [at] sanito.org Haftung f\u00fcr Inhalte Die Inhalte unserer Seiten wurden mit gr\u00f6\u00dfter Sorgfalt erstellt. F\u00fcr die Richtigkeit, Vollst\u00e4ndigkeit und Aktualit\u00e4t der Inhalte k\u00f6nnen wir jedoch keine Gew\u00e4hr \u00fcbernehmen. Als Diensteanbieter sind wir gem\u00e4\u00df \u00a7 7 Abs.1 TMG f\u00fcr eigene Inhalte auf diesen<\/p>\n","protected":false},"author":1,"featured_media":0,"parent":0,"menu_order":0,"comment_status":"closed","ping_status":"open","template":"fullwidth.php","meta":{"footnotes":""},"class_list":["post-119","page","type-page","status-publish","hentry"],"yoast_head":"<!-- This site is optimized with the Yoast SEO plugin v26.5 - https:\/\/yoast.com\/wordpress\/plugins\/seo\/ -->\n<title>Pie de imprentaImpressumImprint - Sanito<\/title>\n<meta name=\"robots\" content=\"index, follow, max-snippet:-1, max-image-preview:large, max-video-preview:-1\" \/>\n<link rel=\"canonical\" href=\"https:\/\/sanito.org\/de\/pie-de-imprenta\/\" \/>\n<meta property=\"og:locale\" content=\"de_DE\" \/>\n<meta property=\"og:type\" content=\"article\" \/>\n<meta property=\"og:title\" content=\"Pie de imprentaImpressumImprint - Sanito\" \/>\n<meta property=\"og:description\" content=\"Anbieter und verantwortlich nach \u00a7 6 Abs.2 MDStV: Ronny Gey Kontakt: e-Mail: info [at] sanito.org Haftung f\u00fcr Inhalte Die Inhalte unserer Seiten wurden mit gr\u00f6\u00dfter Sorgfalt erstellt. F\u00fcr die Richtigkeit, Vollst\u00e4ndigkeit und Aktualit\u00e4t der Inhalte k\u00f6nnen wir jedoch keine Gew\u00e4hr \u00fcbernehmen. Als Diensteanbieter sind wir gem\u00e4\u00df \u00a7 7 Abs.1 TMG f\u00fcr eigene Inhalte auf diesen\" \/>\n<meta property=\"og:url\" content=\"https:\/\/sanito.org\/de\/pie-de-imprenta\/\" \/>\n<meta property=\"og:site_name\" content=\"Sanito\" \/>\n<meta property=\"article:publisher\" content=\"https:\/\/www.facebook.com\/sanito.org\" \/>\n<meta property=\"article:modified_time\" content=\"2015-05-04T21:05:40+00:00\" \/>\n<meta name=\"twitter:label1\" content=\"Gesch\u00e4tzte Lesezeit\" \/>\n\t<meta name=\"twitter:data1\" content=\"13\u00a0Minuten\" \/>\n<script type=\"application\/ld+json\" class=\"yoast-schema-graph\">{\"@context\":\"https:\/\/schema.org\",\"@graph\":[{\"@type\":\"WebPage\",\"@id\":\"https:\/\/sanito.org\/de\/pie-de-imprenta\/\",\"url\":\"https:\/\/sanito.org\/de\/pie-de-imprenta\/\",\"name\":\"Pie de imprentaImpressumImprint - Sanito\",\"isPartOf\":{\"@id\":\"https:\/\/sanito.org\/de\/#website\"},\"datePublished\":\"2014-10-23T19:53:33+00:00\",\"dateModified\":\"2015-05-04T21:05:40+00:00\",\"breadcrumb\":{\"@id\":\"https:\/\/sanito.org\/de\/pie-de-imprenta\/#breadcrumb\"},\"inLanguage\":\"de\",\"potentialAction\":[{\"@type\":\"ReadAction\",\"target\":[\"https:\/\/sanito.org\/de\/pie-de-imprenta\/\"]}]},{\"@type\":\"BreadcrumbList\",\"@id\":\"https:\/\/sanito.org\/de\/pie-de-imprenta\/#breadcrumb\",\"itemListElement\":[{\"@type\":\"ListItem\",\"position\":1,\"name\":\"Home\",\"item\":\"https:\/\/sanito.org\/de\/\"},{\"@type\":\"ListItem\",\"position\":2,\"name\":\"Impressum\"}]},{\"@type\":\"WebSite\",\"@id\":\"https:\/\/sanito.org\/de\/#website\",\"url\":\"https:\/\/sanito.org\/de\/\",\"name\":\"Sanito\",\"description\":\"\",\"potentialAction\":[{\"@type\":\"SearchAction\",\"target\":{\"@type\":\"EntryPoint\",\"urlTemplate\":\"https:\/\/sanito.org\/de\/?s={search_term_string}\"},\"query-input\":{\"@type\":\"PropertyValueSpecification\",\"valueRequired\":true,\"valueName\":\"search_term_string\"}}],\"inLanguage\":\"de\"}]}<\/script>\n<!-- \/ Yoast SEO plugin. -->","yoast_head_json":{"title":"Pie de imprentaImpressumImprint - Sanito","robots":{"index":"index","follow":"follow","max-snippet":"max-snippet:-1","max-image-preview":"max-image-preview:large","max-video-preview":"max-video-preview:-1"},"canonical":"https:\/\/sanito.org\/de\/pie-de-imprenta\/","og_locale":"de_DE","og_type":"article","og_title":"Pie de imprentaImpressumImprint - Sanito","og_description":"Anbieter und verantwortlich nach \u00a7 6 Abs.2 MDStV: Ronny Gey Kontakt: e-Mail: info [at] sanito.org Haftung f\u00fcr Inhalte Die Inhalte unserer Seiten wurden mit gr\u00f6\u00dfter Sorgfalt erstellt. F\u00fcr die Richtigkeit, Vollst\u00e4ndigkeit und Aktualit\u00e4t der Inhalte k\u00f6nnen wir jedoch keine Gew\u00e4hr \u00fcbernehmen. Als Diensteanbieter sind wir gem\u00e4\u00df \u00a7 7 Abs.1 TMG f\u00fcr eigene Inhalte auf diesen","og_url":"https:\/\/sanito.org\/de\/pie-de-imprenta\/","og_site_name":"Sanito","article_publisher":"https:\/\/www.facebook.com\/sanito.org","article_modified_time":"2015-05-04T21:05:40+00:00","twitter_misc":{"Gesch\u00e4tzte Lesezeit":"13\u00a0Minuten"},"schema":{"@context":"https:\/\/schema.org","@graph":[{"@type":"WebPage","@id":"https:\/\/sanito.org\/de\/pie-de-imprenta\/","url":"https:\/\/sanito.org\/de\/pie-de-imprenta\/","name":"Pie de imprentaImpressumImprint - Sanito","isPartOf":{"@id":"https:\/\/sanito.org\/de\/#website"},"datePublished":"2014-10-23T19:53:33+00:00","dateModified":"2015-05-04T21:05:40+00:00","breadcrumb":{"@id":"https:\/\/sanito.org\/de\/pie-de-imprenta\/#breadcrumb"},"inLanguage":"de","potentialAction":[{"@type":"ReadAction","target":["https:\/\/sanito.org\/de\/pie-de-imprenta\/"]}]},{"@type":"BreadcrumbList","@id":"https:\/\/sanito.org\/de\/pie-de-imprenta\/#breadcrumb","itemListElement":[{"@type":"ListItem","position":1,"name":"Home","item":"https:\/\/sanito.org\/de\/"},{"@type":"ListItem","position":2,"name":"Impressum"}]},{"@type":"WebSite","@id":"https:\/\/sanito.org\/de\/#website","url":"https:\/\/sanito.org\/de\/","name":"Sanito","description":"","potentialAction":[{"@type":"SearchAction","target":{"@type":"EntryPoint","urlTemplate":"https:\/\/sanito.org\/de\/?s={search_term_string}"},"query-input":{"@type":"PropertyValueSpecification","valueRequired":true,"valueName":"search_term_string"}}],"inLanguage":"de"}]}},"_links":{"self":[{"href":"https:\/\/sanito.org\/de\/wp-json\/wp\/v2\/pages\/119","targetHints":{"allow":["GET"]}}],"collection":[{"href":"https:\/\/sanito.org\/de\/wp-json\/wp\/v2\/pages"}],"about":[{"href":"https:\/\/sanito.org\/de\/wp-json\/wp\/v2\/types\/page"}],"author":[{"embeddable":true,"href":"https:\/\/sanito.org\/de\/wp-json\/wp\/v2\/users\/1"}],"replies":[{"embeddable":true,"href":"https:\/\/sanito.org\/de\/wp-json\/wp\/v2\/comments?post=119"}],"version-history":[{"count":19,"href":"https:\/\/sanito.org\/de\/wp-json\/wp\/v2\/pages\/119\/revisions"}],"predecessor-version":[{"id":672,"href":"https:\/\/sanito.org\/de\/wp-json\/wp\/v2\/pages\/119\/revisions\/672"}],"wp:attachment":[{"href":"https:\/\/sanito.org\/de\/wp-json\/wp\/v2\/media?parent=119"}],"curies":[{"name":"wp","href":"https:\/\/api.w.org\/{rel}","templated":true}]}}