{"id":1192,"date":"2017-10-30T04:05:23","date_gmt":"2017-10-30T02:05:23","guid":{"rendered":"http:\/\/sanito.org\/?page_id=1192"},"modified":"2018-05-24T18:43:10","modified_gmt":"2018-05-24T17:43:10","slug":"umweltschutz-projekt-amigos-de-ometepe","status":"publish","type":"page","link":"https:\/\/sanito.org\/de\/umweltschutz-projekt-amigos-de-ometepe\/","title":{"rendered":"Umweltschutz-Projekt &#8222;Amigos de Ometepe&#8220;"},"content":{"rendered":"<p>Umweltschutz ist ein bedeutender Teil der Gesundheitsvorsorge. Wir von Sanito sind uns bewusst: Ein unausgeglichenes Verh\u00e4ltnis zwischen Mensch und Natur hat immer langfristige Konsequenzen und schr\u00e4nkt die Lebensqualit\u00e4t ein. Umso wichtiger ist es, dass der Mensch seine Nutzungsinteressen nicht ungeachtet der Bed\u00fcrfnisse seiner Umwelt durchsetzt. Aus diesem Grund unterst\u00fctzt Sanito Nicaragua das Umweltschutzprojekt am Vulkan Maderas \u201e<a href=\"https:\/\/www.facebook.com\/amigosdeometepe\/\">Amigos de Ometepe<\/a>\u201c.<\/p>\n<h2>Zum Hintergrund des Projektes<\/h2>\n<p>Die Insel Ometepe \u2013 der Gr\u00fcndungsort von Sanito \u2013 besteht aus zwei Vulkanen. Diese bestimmen ma\u00dfgeblich das Bild der Natur sowie das Leben der Bewohner_innen. Sie nutzen die Insel zur Landwirtschaft und f\u00fcr touristische Zwecke. Unter anderem befindet sich hier am Fu\u00df des Vulkans Maderas die Kaffee-Finka Magdalena. Sie spielt f\u00fcr die Bev\u00f6lkerung eine wichtige Rolle, da sich dort Kaffeebauern organisieren und gemeinsam ihren Kaffee verarbeiten. Zus\u00e4tzlich stehen den Eigent\u00fcmer der Finka gr\u00f6\u00dfere Fl\u00e4chen an den H\u00e4ngen des Vulkans f\u00fcr den Ackerbau zur Verf\u00fcgung. Neben Kaffee bauen sie insbesondere Reis, Bohnen, Bananen und Mais an. Au\u00dferdem ist die Finka Ausgangsort f\u00fcr eine der wichtigsten Routen hinauf zum Vulkan. T\u00e4glich machen sich zahlreiche Touristen auf den Weg. Vorbei an den landwirtschaftlichen Nutzfl\u00e4chen wandern sie durch eine atemberaubende Natur. Das Highlight ist der spektakul\u00e4re Nebelwald mit seiner artenreichen Flora und Fauna.<\/p>\n<p>Die Schattenseite: Die Ausweitung der Anbaufl\u00e4chen und die best\u00e4ndigen Arbeiten auf den Feldern vertreiben urspr\u00fcnglich hier lebende Tiere, wie zum Beispiel die Br\u00fcllaffen, die auf h\u00f6hergelegene oder nicht genutzte Bereiche des Vulkans ausweichen m\u00fcssen. Zudem verringern die zunehmenden Agrarfl\u00e4chen die Ausbreitungsgebiete der heimischen tropischen Pflanzenwelt und machen den Vulkan anf\u00e4llig f\u00fcr Umweltrisiken. Die Auswirkungen sind j\u00e4hrlich zur Regenzeit zu sp\u00fcren. Bei heftigen Regenf\u00e4llen st\u00fcrzen sich die Wassermassen den Hang hinunter und \u00fcberschwemmen die D\u00f6rfer entlang der K\u00fcstenabschnitte. Nicht selten verw\u00fcsten auch Tropenst\u00fcrme und Hurrikane den Vulkan.<\/p>\n<p>Dennoch hat der Tourismus um den Vulkan Madera in den letzten Jahren stark zugenommen. Die Bewohner_innen haben das Potenzial ihrer Heimat erkannt. Einige lassen sich als Tourleiter f\u00fcr die Vulkane ausbilden, andere er\u00f6ffnen ein Restaurant oder Hotel. So steigt die Anzahl der Wanderer auf dem Vulkan und die Ruhebereiche der Tiere werden weiter eingeschr\u00e4nkt.<\/p>\n<h2>Inhalt und Ziel des Projekts<\/h2>\n<p>Um die Sch\u00f6nheit des Vulkans Maderas und die Intaktheit der Tier- und Pflanzenwelt zu erhalten, haben sich mehrere Organisationen zusammengeschlossen und das Schutzprojekt \u201e<a href=\"https:\/\/www.facebook.com\/amigosdeometepe\/\">Amigos de Ometepe<\/a>\u201c ins Leben gerufen. Dazu geh\u00f6ren die Organisation \u201aFlora und Fauna\u2018, Finca Magdalena, f\u00fchrende Hotels auf dem Vulkan sowie Sanito Nicaragua.<\/p>\n<p>Ziel des Programmes ist die Konservierung der Umwelt auf dem Vulkan Maderas mit Fokus auf den Schutz der nat\u00fcrlichen Wasserquellen, die der Trinkwasserversorgung dienen. . Dazu hat \u201aFlora und Fauna\u2018 gemeinsam mit anderen Unternehmen Strategien entwickelt, die sich auf die lokalen M\u00f6glichkeiten und die speziellen Eigenarten des Vulkans und der tropischen Natur beziehen. Zur Finanzierung dieser Projekte erheben Tourveranstalter 3\u20ac Eintritt f\u00fcr das Besteigen des Vulkans Madera. Davon geht 1 Dollar pro Tourist an die Finca Magdalena, die Konservierungsprojekte in der Landwirtschaft durchf\u00fchrt. Ein Dollar geht an Parkranger, die den Vulkan pflegen und der dritte Dollar geht an das Projekt \u201e<a href=\"https:\/\/www.facebook.com\/amigosdeometepe\/\">Amigos de Ometepe<\/a><em>\u201c<\/em>, welches \u00fcbergreifende Schutzprojekte durchf\u00fchrt<\/p>\n<p>Sanito Nicaragua hat eine koordinierende Rolle in der Verteilung der Finanzen angenommen. Als eine von zwei offiziell registrierte Nichtregierungsorganisationen auf der Insel ist Sanito Nicaragua in der Lage, die Finanzierung und Kontrolle der Projekte zu \u00fcbernehmen. Damit leistet Sanito Nicaragua einen Beitrag f\u00fcr den Umweltschutz auf Ometepe und die langfristige Erhaltung der Natur. Die Konservierung der Umwelt auf dem Vulkan ist ein Beitrag zur Ern\u00e4hrungssicherung der Insel, da eine gesunde Umwelt eine wichtige Grundlage f\u00fcr die lokale Landwirtschaft ist, von der viele Bewohner_innen der Insel abh\u00e4ngen.<\/p>\n<div class=\"shariff\"><ul class=\"shariff-buttons theme-default orientation-horizontal buttonsize-medium\"><li class=\"shariff-button facebook shariff-nocustomcolor\" style=\"background-color:#4273c8\"><a href=\"https:\/\/www.facebook.com\/sharer\/sharer.php?u=https%3A%2F%2Fsanito.org%2Fde%2Fumweltschutz-projekt-amigos-de-ometepe%2F\" title=\"Bei Facebook teilen\" aria-label=\"Bei Facebook teilen\" role=\"button\" rel=\"nofollow\" class=\"shariff-link\" style=\"; background-color:#3b5998; color:#fff\" target=\"_blank\"><span class=\"shariff-icon\" style=\"\"><svg width=\"32px\" height=\"20px\" xmlns=\"http:\/\/www.w3.org\/2000\/svg\" viewBox=\"0 0 18 32\"><path fill=\"#3b5998\" d=\"M17.1 0.2v4.7h-2.8q-1.5 0-2.1 0.6t-0.5 1.9v3.4h5.2l-0.7 5.3h-4.5v13.6h-5.5v-13.6h-4.5v-5.3h4.5v-3.9q0-3.3 1.9-5.2t5-1.8q2.6 0 4.1 0.2z\"\/><\/svg><\/span><span class=\"shariff-text\">teilen<\/span>&nbsp;<\/a><\/li><li class=\"shariff-button twitter shariff-nocustomcolor\" style=\"background-color:#595959\"><a href=\"https:\/\/twitter.com\/share?url=https%3A%2F%2Fsanito.org%2Fde%2Fumweltschutz-projekt-amigos-de-ometepe%2F&text=Umweltschutz-Projekt%20%E2%80%9EAmigos%20de%20Ometepe%E2%80%9C\" title=\"Bei X teilen\" aria-label=\"Bei X teilen\" role=\"button\" rel=\"noopener nofollow\" class=\"shariff-link\" style=\"; background-color:#000; color:#fff\" target=\"_blank\"><span class=\"shariff-icon\" style=\"\"><svg width=\"32px\" height=\"20px\" xmlns=\"http:\/\/www.w3.org\/2000\/svg\" viewBox=\"0 0 24 24\"><path fill=\"#000\" d=\"M14.258 10.152L23.176 0h-2.113l-7.747 8.813L7.133 0H0l9.352 13.328L0 23.973h2.113l8.176-9.309 6.531 9.309h7.133zm-2.895 3.293l-.949-1.328L2.875 1.56h3.246l6.086 8.523.945 1.328 7.91 11.078h-3.246zm0 0\"\/><\/svg><\/span><span class=\"shariff-text\">teilen<\/span>&nbsp;<\/a><\/li><li class=\"shariff-button diaspora shariff-nocustomcolor\" style=\"background-color:#b3b3b3\"><a href=\"https:\/\/share.diasporafoundation.org\/?url=https%3A%2F%2Fsanito.org%2Fde%2Fumweltschutz-projekt-amigos-de-ometepe%2F&title=Umweltschutz-Projekt%20%E2%80%9EAmigos%20de%20Ometepe%E2%80%9C\" title=\"Bei diaspora* teilen\" aria-label=\"Bei diaspora* teilen\" role=\"button\" rel=\"noopener nofollow\" class=\"shariff-link\" style=\"; background-color:#999; color:#fff\" target=\"_blank\"><span class=\"shariff-icon\" style=\"\"><svg width=\"32px\" height=\"20px\" xmlns=\"http:\/\/www.w3.org\/2000\/svg\" viewBox=\"0 0 33 32\"><path fill=\"#999\" d=\"M20.6 28.2c-0.8-1.2-2.1-2.9-2.9-4-0.8-1.1-1.4-1.9-1.4-1.9s-1.2 1.6-2.8 3.8c-1.5 2.1-2.8 3.8-2.8 3.8 0 0-5.5-3.9-5.5-3.9 0 0 1.2-1.8 2.8-4s2.8-4 2.8-4.1c0-0.1-0.5-0.2-4.4-1.5-2.4-0.8-4.4-1.5-4.4-1.5 0 0 0.2-0.8 1-3.2 0.6-1.8 1-3.2 1.1-3.3s2.1 0.6 4.6 1.5c2.5 0.8 4.6 1.5 4.6 1.5s0.1 0 0.1-0.1c0 0 0-2.2 0-4.8s0-4.7 0.1-4.7c0 0 0.7 0 3.3 0 1.8 0 3.3 0 3.4 0 0 0 0.1 1.4 0.2 4.6 0.1 5.2 0.1 5.3 0.2 5.3 0 0 2-0.7 4.5-1.5s4.4-1.5 4.4-1.5c0 0.1 2 6.5 2 6.5 0 0-2 0.7-4.5 1.5-3.4 1.1-4.5 1.5-4.5 1.6 0 0 1.2 1.8 2.6 3.9 1.5 2.1 2.6 3.9 2.6 3.9 0 0-5.4 4-5.5 4 0 0-0.7-0.9-1.5-2.1z\"\/><\/svg><\/span><span class=\"shariff-text\">teilen<\/span>&nbsp;<\/a><\/li><li class=\"shariff-button printer shariff-nocustomcolor\" style=\"background-color:#a8a8a8\"><a href=\"javascript:window.print()\" title=\"drucken\" aria-label=\"drucken\" role=\"button\" rel=\"noopener nofollow\" class=\"shariff-link\" style=\"; background-color:#999; color:#fff\"><span class=\"shariff-icon\" style=\"\"><svg width=\"32px\" height=\"20px\" xmlns=\"http:\/\/www.w3.org\/2000\/svg\" viewBox=\"0 0 30 32\"><path fill=\"#999\" d=\"M6.8 27.4h16v-4.6h-16v4.6zM6.8 16h16v-6.8h-2.8q-0.7 0-1.2-0.5t-0.5-1.2v-2.8h-11.4v11.4zM27.4 17.2q0-0.5-0.3-0.8t-0.8-0.4-0.8 0.4-0.3 0.8 0.3 0.8 0.8 0.3 0.8-0.3 0.3-0.8zM29.7 17.2v7.4q0 0.2-0.2 0.4t-0.4 0.2h-4v2.8q0 0.7-0.5 1.2t-1.2 0.5h-17.2q-0.7 0-1.2-0.5t-0.5-1.2v-2.8h-4q-0.2 0-0.4-0.2t-0.2-0.4v-7.4q0-1.4 1-2.4t2.4-1h1.2v-9.7q0-0.7 0.5-1.2t1.2-0.5h12q0.7 0 1.6 0.4t1.3 0.8l2.7 2.7q0.5 0.5 0.9 1.4t0.4 1.6v4.6h1.1q1.4 0 2.4 1t1 2.4z\"\/><\/svg><\/span><span class=\"shariff-text\">drucken<\/span>&nbsp;<\/a><\/li><li class=\"shariff-button rss shariff-nocustomcolor\" style=\"background-color:#ff8c00\"><a href=\"https:\/\/sanito.org\/de\/feed\/rss\/\" title=\"RSS-feed\" aria-label=\"RSS-feed\" role=\"button\" class=\"shariff-link\" style=\"; background-color:#fe9312; color:#fff\" target=\"_blank\"><span class=\"shariff-icon\" style=\"\"><svg width=\"32px\" height=\"20px\" xmlns=\"http:\/\/www.w3.org\/2000\/svg\" viewBox=\"0 0 32 32\"><path fill=\"#fe9312\" d=\"M4.3 23.5c-2.3 0-4.3 1.9-4.3 4.3 0 2.3 1.9 4.2 4.3 4.2 2.4 0 4.3-1.9 4.3-4.2 0-2.3-1.9-4.3-4.3-4.3zM0 10.9v6.1c4 0 7.7 1.6 10.6 4.4 2.8 2.8 4.4 6.6 4.4 10.6h6.2c0-11.7-9.5-21.1-21.1-21.1zM0 0v6.1c14.2 0 25.8 11.6 25.8 25.9h6.2c0-17.6-14.4-32-32-32z\"\/><\/svg><\/span><span class=\"shariff-text\">RSS-feed<\/span>&nbsp;<\/a><\/li><li class=\"shariff-button info shariff-nocustomcolor\" style=\"background-color:#eee\"><a href=\"http:\/\/ct.de\/-2467514\" title=\"Weitere Informationen\" aria-label=\"Weitere Informationen\" role=\"button\" rel=\"noopener \" class=\"shariff-link\" style=\"; background-color:#fff; color:#fff\" target=\"_blank\"><span class=\"shariff-icon\" style=\"\"><svg width=\"32px\" height=\"20px\" xmlns=\"http:\/\/www.w3.org\/2000\/svg\" viewBox=\"0 0 11 32\"><path fill=\"#999\" d=\"M11.4 24v2.3q0 0.5-0.3 0.8t-0.8 0.4h-9.1q-0.5 0-0.8-0.4t-0.4-0.8v-2.3q0-0.5 0.4-0.8t0.8-0.4h1.1v-6.8h-1.1q-0.5 0-0.8-0.4t-0.4-0.8v-2.3q0-0.5 0.4-0.8t0.8-0.4h6.8q0.5 0 0.8 0.4t0.4 0.8v10.3h1.1q0.5 0 0.8 0.4t0.3 0.8zM9.2 3.4v3.4q0 0.5-0.4 0.8t-0.8 0.4h-4.6q-0.4 0-0.8-0.4t-0.4-0.8v-3.4q0-0.4 0.4-0.8t0.8-0.4h4.6q0.5 0 0.8 0.4t0.4 0.8z\"\/><\/svg><\/span><\/a><\/li><\/ul><\/div>","protected":false},"excerpt":{"rendered":"<p>Umweltschutz ist ein bedeutender Teil der Gesundheitsvorsorge. Wir von Sanito sind uns bewusst: Ein unausgeglichenes Verh\u00e4ltnis zwischen Mensch und Natur hat immer langfristige Konsequenzen und schr\u00e4nkt die Lebensqualit\u00e4t ein. Umso wichtiger ist es, dass der Mensch seine Nutzungsinteressen nicht ungeachtet der Bed\u00fcrfnisse seiner Umwelt durchsetzt. Aus diesem Grund unterst\u00fctzt Sanito Nicaragua das Umweltschutzprojekt am Vulkan<\/p>\n","protected":false},"author":2,"featured_media":0,"parent":0,"menu_order":0,"comment_status":"closed","ping_status":"closed","template":"","meta":{"footnotes":""},"class_list":["post-1192","page","type-page","status-publish","hentry"],"yoast_head":"<!-- This site is optimized with the Yoast SEO plugin v26.5 - https:\/\/yoast.com\/wordpress\/plugins\/seo\/ -->\n<title>Umweltschutz-Projekt &quot;Amigos de Ometepe&quot; - Sanito<\/title>\n<meta name=\"robots\" content=\"index, follow, max-snippet:-1, max-image-preview:large, max-video-preview:-1\" \/>\n<link rel=\"canonical\" href=\"https:\/\/sanito.org\/umweltschutz-projekt-amigos-de-ometepe\/\" \/>\n<meta property=\"og:locale\" content=\"de_DE\" \/>\n<meta property=\"og:type\" content=\"article\" \/>\n<meta property=\"og:title\" content=\"[:es]Proyecto ambiental &quot;Amigos de Ometepe&quot;[:de]Umweltschutz-Projekt &quot;Amigos de Ometepe&quot;[:en]Environmental protection project &#039;Amigos de Ometepe&#039;[:] - Sanito\" \/>\n<meta property=\"og:description\" content=\"Umweltschutz ist ein bedeutender Teil der Gesundheitsvorsorge. Wir von Sanito sind uns bewusst: Ein unausgeglichenes Verh\u00e4ltnis zwischen Mensch und Natur hat immer langfristige Konsequenzen und schr\u00e4nkt die Lebensqualit\u00e4t ein. Umso wichtiger ist es, dass der Mensch seine Nutzungsinteressen nicht ungeachtet der Bed\u00fcrfnisse seiner Umwelt durchsetzt. Aus diesem Grund unterst\u00fctzt Sanito Nicaragua das Umweltschutzprojekt am Vulkan\" \/>\n<meta property=\"og:url\" content=\"https:\/\/sanito.org\/umweltschutz-projekt-amigos-de-ometepe\/\" \/>\n<meta property=\"og:site_name\" content=\"Sanito\" \/>\n<meta property=\"article:publisher\" content=\"https:\/\/www.facebook.com\/sanito.org\" \/>\n<meta property=\"article:modified_time\" content=\"2018-05-24T17:43:10+00:00\" \/>\n<meta name=\"twitter:label1\" content=\"Gesch\u00e4tzte Lesezeit\" \/>\n\t<meta name=\"twitter:data1\" content=\"10\u00a0Minuten\" \/>\n<script type=\"application\/ld+json\" class=\"yoast-schema-graph\">{\"@context\":\"https:\/\/schema.org\",\"@graph\":[{\"@type\":\"WebPage\",\"@id\":\"https:\/\/sanito.org\/umweltschutz-projekt-amigos-de-ometepe\/\",\"url\":\"https:\/\/sanito.org\/umweltschutz-projekt-amigos-de-ometepe\/\",\"name\":\"[:es]Proyecto ambiental \\\"Amigos de Ometepe\\\"[:de]Umweltschutz-Projekt \\\"Amigos de Ometepe\\\"[:en]Environmental protection project 'Amigos de Ometepe'[:] - Sanito\",\"isPartOf\":{\"@id\":\"https:\/\/sanito.org\/de\/#website\"},\"datePublished\":\"2017-10-30T02:05:23+00:00\",\"dateModified\":\"2018-05-24T17:43:10+00:00\",\"breadcrumb\":{\"@id\":\"https:\/\/sanito.org\/umweltschutz-projekt-amigos-de-ometepe\/#breadcrumb\"},\"inLanguage\":\"de\",\"potentialAction\":[{\"@type\":\"ReadAction\",\"target\":[\"https:\/\/sanito.org\/umweltschutz-projekt-amigos-de-ometepe\/\"]}]},{\"@type\":\"BreadcrumbList\",\"@id\":\"https:\/\/sanito.org\/umweltschutz-projekt-amigos-de-ometepe\/#breadcrumb\",\"itemListElement\":[{\"@type\":\"ListItem\",\"position\":1,\"name\":\"Home\",\"item\":\"https:\/\/sanito.org\/de\/\"},{\"@type\":\"ListItem\",\"position\":2,\"name\":\"Umweltschutz-Projekt &#8222;Amigos de Ometepe&#8220;\"}]},{\"@type\":\"WebSite\",\"@id\":\"https:\/\/sanito.org\/de\/#website\",\"url\":\"https:\/\/sanito.org\/de\/\",\"name\":\"Sanito\",\"description\":\"\",\"potentialAction\":[{\"@type\":\"SearchAction\",\"target\":{\"@type\":\"EntryPoint\",\"urlTemplate\":\"https:\/\/sanito.org\/de\/?s={search_term_string}\"},\"query-input\":{\"@type\":\"PropertyValueSpecification\",\"valueRequired\":true,\"valueName\":\"search_term_string\"}}],\"inLanguage\":\"de\"}]}<\/script>\n<!-- \/ Yoast SEO plugin. -->","yoast_head_json":{"title":"[:es]Proyecto ambiental \"Amigos de Ometepe\"[:de]Umweltschutz-Projekt \"Amigos de Ometepe\"[:en]Environmental protection project 'Amigos de Ometepe'[:] - Sanito","robots":{"index":"index","follow":"follow","max-snippet":"max-snippet:-1","max-image-preview":"max-image-preview:large","max-video-preview":"max-video-preview:-1"},"canonical":"https:\/\/sanito.org\/umweltschutz-projekt-amigos-de-ometepe\/","og_locale":"de_DE","og_type":"article","og_title":"[:es]Proyecto ambiental \"Amigos de Ometepe\"[:de]Umweltschutz-Projekt \"Amigos de Ometepe\"[:en]Environmental protection project 'Amigos de Ometepe'[:] - Sanito","og_description":"Umweltschutz ist ein bedeutender Teil der Gesundheitsvorsorge. Wir von Sanito sind uns bewusst: Ein unausgeglichenes Verh\u00e4ltnis zwischen Mensch und Natur hat immer langfristige Konsequenzen und schr\u00e4nkt die Lebensqualit\u00e4t ein. Umso wichtiger ist es, dass der Mensch seine Nutzungsinteressen nicht ungeachtet der Bed\u00fcrfnisse seiner Umwelt durchsetzt. Aus diesem Grund unterst\u00fctzt Sanito Nicaragua das Umweltschutzprojekt am Vulkan","og_url":"https:\/\/sanito.org\/umweltschutz-projekt-amigos-de-ometepe\/","og_site_name":"Sanito","article_publisher":"https:\/\/www.facebook.com\/sanito.org","article_modified_time":"2018-05-24T17:43:10+00:00","twitter_misc":{"Gesch\u00e4tzte Lesezeit":"10\u00a0Minuten"},"schema":{"@context":"https:\/\/schema.org","@graph":[{"@type":"WebPage","@id":"https:\/\/sanito.org\/umweltschutz-projekt-amigos-de-ometepe\/","url":"https:\/\/sanito.org\/umweltschutz-projekt-amigos-de-ometepe\/","name":"[:es]Proyecto ambiental \"Amigos de Ometepe\"[:de]Umweltschutz-Projekt \"Amigos de Ometepe\"[:en]Environmental protection project 'Amigos de Ometepe'[:] - Sanito","isPartOf":{"@id":"https:\/\/sanito.org\/de\/#website"},"datePublished":"2017-10-30T02:05:23+00:00","dateModified":"2018-05-24T17:43:10+00:00","breadcrumb":{"@id":"https:\/\/sanito.org\/umweltschutz-projekt-amigos-de-ometepe\/#breadcrumb"},"inLanguage":"de","potentialAction":[{"@type":"ReadAction","target":["https:\/\/sanito.org\/umweltschutz-projekt-amigos-de-ometepe\/"]}]},{"@type":"BreadcrumbList","@id":"https:\/\/sanito.org\/umweltschutz-projekt-amigos-de-ometepe\/#breadcrumb","itemListElement":[{"@type":"ListItem","position":1,"name":"Home","item":"https:\/\/sanito.org\/de\/"},{"@type":"ListItem","position":2,"name":"Umweltschutz-Projekt &#8222;Amigos de Ometepe&#8220;"}]},{"@type":"WebSite","@id":"https:\/\/sanito.org\/de\/#website","url":"https:\/\/sanito.org\/de\/","name":"Sanito","description":"","potentialAction":[{"@type":"SearchAction","target":{"@type":"EntryPoint","urlTemplate":"https:\/\/sanito.org\/de\/?s={search_term_string}"},"query-input":{"@type":"PropertyValueSpecification","valueRequired":true,"valueName":"search_term_string"}}],"inLanguage":"de"}]}},"_links":{"self":[{"href":"https:\/\/sanito.org\/de\/wp-json\/wp\/v2\/pages\/1192","targetHints":{"allow":["GET"]}}],"collection":[{"href":"https:\/\/sanito.org\/de\/wp-json\/wp\/v2\/pages"}],"about":[{"href":"https:\/\/sanito.org\/de\/wp-json\/wp\/v2\/types\/page"}],"author":[{"embeddable":true,"href":"https:\/\/sanito.org\/de\/wp-json\/wp\/v2\/users\/2"}],"replies":[{"embeddable":true,"href":"https:\/\/sanito.org\/de\/wp-json\/wp\/v2\/comments?post=1192"}],"version-history":[{"count":13,"href":"https:\/\/sanito.org\/de\/wp-json\/wp\/v2\/pages\/1192\/revisions"}],"predecessor-version":[{"id":1377,"href":"https:\/\/sanito.org\/de\/wp-json\/wp\/v2\/pages\/1192\/revisions\/1377"}],"wp:attachment":[{"href":"https:\/\/sanito.org\/de\/wp-json\/wp\/v2\/media?parent=1192"}],"curies":[{"name":"wp","href":"https:\/\/api.w.org\/{rel}","templated":true}]}}