{"id":14,"date":"2014-10-22T18:41:05","date_gmt":"2014-10-22T16:41:05","guid":{"rendered":"http:\/\/sanito.org\/?page_id=14"},"modified":"2018-01-31T10:36:26","modified_gmt":"2018-01-31T09:36:26","slug":"voluntariado","status":"publish","type":"page","link":"https:\/\/sanito.org\/de\/apoyarnos\/voluntariado\/","title":{"rendered":"Freiwilligenarbeit"},"content":{"rendered":"<p><\/p>\n<h3><strong>Freiwilligeneinsatz in Nicaragua<\/strong><\/h3>\n<p style=\"text-align: justify;\">Der Verein \u201eAsociaci\u00f3n Sanito Nicaragua\u201c l\u00e4dt Dich zur Freiwilligenarbeit in verschiedenen Projekten auf Ometepe, Nicaragua, ein. Erlebe vor Ort, wie viel m\u00f6glich ist, wenn sich Menschen f\u00fcr ein gr\u00f6\u00dferes Ziel zusammentun, den Einzelnen dabei aber nie aus den Augen verlieren.<\/p>\n<p style=\"text-align: justify;\">Die Arbeit unseres Vereins lebt vom Engagement der Mitglieder und Unterst\u00fctzerInnen, die ehrenamtlich t\u00e4tig sind. Auf diese Weise stellen wir sicher, dass sich Spendengelder nicht in hohen Verwaltungskosten zerstreuen, sondern alleine den Projekten zugutekommen.<\/p>\n<p style=\"text-align: justify;\">Damit wir k\u00fcnftig in verschiedenen Bereichen arbeiten k\u00f6nnen, freuen wir uns immer \u00fcber Interessierte, die in bestehenden Arbeitsgruppen und -bereichen mitarbeiten oder auch ganz neue Arbeitsfelder erschlie\u00dfen m\u00f6chten.<\/p>\n<p style=\"text-align: justify;\">Wenn Du Dich f\u00fcr einen ehrenamtlichen Einsatz bei uns in Nicaragua interessierst, dann schreib uns einfach eine E-Mail an <a href=\"mailto:contact@sanito.org\">contact@sanito.org<\/a> mit Deinen Ideen, Fragen und Vorschl\u00e4gen!<\/p>\n<p style=\"text-align: justify;\"><img loading=\"lazy\" decoding=\"async\" class=\" size-full wp-image-502 aligncenter\" src=\"https:\/\/sanito.org\/wp-content\/uploads\/2014\/10\/CollageFreiwilligenarbeit750x300.jpg\" alt=\"CollageFreiwilligenarbeit750x300\" width=\"750\" height=\"300\" srcset=\"https:\/\/sanito.org\/wp-content\/uploads\/2014\/10\/CollageFreiwilligenarbeit750x300.jpg 750w, https:\/\/sanito.org\/wp-content\/uploads\/2014\/10\/CollageFreiwilligenarbeit750x300-300x120.jpg 300w\" sizes=\"auto, (max-width: 750px) 100vw, 750px\" \/><\/p>\n<h3 style=\"text-align: justify;\"><\/h3>\n<h3 style=\"text-align: justify;\"><strong>Wie Du uns jederzeit in Nicaragua unterst\u00fctzen kannst:<\/strong><\/h3>\n<ul style=\"text-align: justify;\">\n<li>Hilf uns bei der Planung und Durchf\u00fchrung von Infoveranstaltungen und Workshops zum Thema gesunde Ern\u00e4hrung.<\/li>\n<li>Durchf\u00fchrung von kulturellen Aktivit\u00e4ten: Wie w\u00e4re es zum Beispiel mit der Leitung eines Yoga-Kurses f\u00fcr Erwachsene oder einem Maltreffen f\u00fcr Kinder?<\/li>\n<li>Hilf uns bei der Erstellung von Infomaterial f\u00fcr Kinder und Erwachsene zu verschiedenen Themen z. B. gesunde Ern\u00e4hrung, Bewegung, etc.<\/li>\n<li>\u00dcbernimm die Entwicklung und Umsetzung von eigenen Projektideen innerhalb unserer Projektbereiche.<\/li>\n<li>Unterst\u00fctzung der Administration \u2013 Hilf uns beim Aufbau der beiden jungen Vereine!<\/li>\n<li>Au\u00dferdem kannst Du Sprachunterricht in unserer Partnerorganisation Proyecto Mano Amiga geben (bislang angeboten: Englisch und Deutsch).<\/li>\n<\/ul>\n<h3 style=\"text-align: justify;\"><strong>Dar\u00fcber hinaus findest Du hier konkrete Stellenangebote<br \/>\n<\/strong><\/h3>\n<p style=\"text-align: justify;\"><script type=\"text\/javascript\">\nvar _bp_iframe = window._bp_iframe || {};\n_bp_iframe.job_descriptions = _bp_iframe.job_descriptions || [];\n_bp_iframe.job_descriptions.push({\n  job_description_id: 48172,\n  color: 'bad304',\n  width: '600',\n  locale: \"de\",\n});\n(function() {\n  var bp = document.createElement('script'); bp.type = 'text\/javascript'; bp.async = true;\n  bp.src = 'https:\/\/asset1.betterplace.org\/assets\/load_job_description_iframe.js';\n  var s = document.getElementsByTagName('script')[0]; s.parentNode.insertBefore(bp, s);\n})();\n<\/script><\/p>\n<p><script type=\"text\/javascript\">\nvar _bp_iframe = window._bp_iframe || {};\n_bp_iframe.job_descriptions = _bp_iframe.job_descriptions || [];\n_bp_iframe.job_descriptions.push({\n  job_description_id: 54028,\n  color: 'bad304',\n  width: '600',\n  locale: \"de\",\n});\n(function() {\n  var bp = document.createElement('script'); bp.type = 'text\/javascript'; bp.async = true;\n  bp.src = 'https:\/\/asset1.betterplace.org\/assets\/load_job_description_iframe.js';\n  var s = document.getElementsByTagName('script')[0]; s.parentNode.insertBefore(bp, s);\n})();\n<\/script><\/p>\n<div id=\"betterplace_job_description_48172\" style=\"background: transparent url('https:\/\/www.betterplace.org\/assets\/new_spinner.gif') 275px 20px no-repeat;\"><strong><a href=\"https:\/\/www.betterplace.org\/de\/volunteering\/48172-ubersetzen-fur-nicaragua-es-en-de\">Erfahre mehr \u00fcber unsere Zeitspenden-Suche \u201e\u00dcbersetzen f\u00fcr Nicaragua (ES\/EN\/DE)\u201c auf der Website unseres Partner betterplace.org.<\/a><\/strong><\/div>\n<div id=\"betterplace_job_description_54028\" style=\"background: transparent url('https:\/\/www.betterplace.org\/assets\/new_spinner.gif') 275px 20px no-repeat;\"><strong><a href=\"https:\/\/www.betterplace.org\/de\/volunteering\/54028-schreibe-uber-die-gesundheitsversorgung-in-mittelamerika\">Erfahre mehr \u00fcber unsere Zeitspenden-Suche \u201eSchreibe \u00fcber die Gesundheitsversorgung in Mittelamerika\u201c auf der Website unseres Partner betterplace.org.<\/a><\/strong><\/div>\n<h3 style=\"text-align: justify;\"><strong>Was Du mitbringen solltest <\/strong><\/h3>\n<p style=\"text-align: justify;\">Unseren Freiwilligen sollten Neugier und Offenheit mitgegeben sein, sowie der Wille, sich auf die Bedingungen des Gastlandes einzulassen. Ein gro\u00dfes Interesse an aktiver Mitarbeit, wie auch eine hohe Dialog- und Teamkompetenz sind deshalb sehr wichtig.<\/p>\n<p style=\"text-align: justify;\">Sehr vorteilhaft sind zumindest Basiskenntnisse der spanischen Sprache. Solltest Du gar kein Spanisch sprechen, w\u00e4re Deine Mitarbeit zun\u00e4chst auf den administrativen Bereich beschr\u00e4nkt. Dabei kannst Du aber w\u00e4hrend Deines Aufenthaltes in Nicaragua Spanisch lernen. Wir k\u00f6nnen Dir hier einen Privatlehrer oder eine Privatlehrerin vermitteln.<\/p>\n<p style=\"text-align: justify;\">Wir empfehlen Dir einen Mindestaufenthalt von einem Monat f\u00fcr die Arbeit in unseren Projekten einzuplanen. Erfahrungsgem\u00e4\u00df lasst sich sagen: Je l\u00e4nger Dein Aufenthalt desto besser wird er f\u00fcr alle Beteiligten.<\/p>\n<h3 style=\"text-align: justify;\"><strong>Deine Bewerbung <\/strong><\/h3>\n<p style=\"text-align: justify;\">Wir freuen uns auf Deine Unterst\u00fctzung! Wenn wir Dich \u00fcberzeugen konnten, bewirb Dich jetzt und sende das ausgef\u00fcllte Formular an <a href=\"mailto:contact@sanito.org\">contact@sanito.org<\/a>.<\/p>\n<p style=\"text-align: justify;\"><a href=\"https:\/\/sanito.org\/wp-content\/uploads\/2014\/10\/Volunteer-Deutsch.pdf\">Bewerbungsformular Deutsch<\/a><\/p>\n<p style=\"text-align: justify;\"><span style=\"color: #99cc00;\"><a href=\"https:\/\/sanito.org\/wp-content\/uploads\/2014\/10\/Volunteer-English.pdf\">Bewerbungsformular Englisch<\/a><\/span><\/p>\n<p style=\"text-align: justify;\"><a href=\"https:\/\/sanito.org\/wp-content\/uploads\/2014\/10\/Volunteer-Spanish.pdf\">Bewerbungsformular Spanisch<\/a><\/p>\n<h3 style=\"text-align: justify;\"><\/h3>\n<h3 style=\"text-align: justify;\"><strong>Wie wir Dich unterst\u00fctzen<\/strong><\/h3>\n<p style=\"text-align: justify;\">Wir werden Dir dabei helfen, Deine Reise und Deinen Aufenthalt vorab zu organisieren. So k\u00f6nnen wir Dir z. B. eine Unterkunft im Hotel, Hostal oder bei einer Familie mit Verpflegung vermitteln. Gerne vermitteln wir Dir auch einen Privatlehrer oder eine Privatlehrerin, die Dir helfen k\u00f6nnen, Dein Spanisch zu vertiefen oder auch die Sprache vor Beginn Deiner Arbeit mit uns zu erlernen.<\/p>\n<p style=\"text-align: justify;\">Nach Deinem Einsatz k\u00f6nnen wir Dir eine Bescheinigung \u00fcber deinen Freiwilligeneinsatz ausstellen. Diese kann Dir z. B. in einigen Studieng\u00e4ngen als Praktikumsnachweis dienen. Bitte informiere Dich jedoch im Vorfeld bei Deiner Studieneinrichtung, ob dies m\u00f6glich ist.<\/p>\n<p><\/p>\n<div class=\"shariff\"><ul class=\"shariff-buttons theme-default orientation-horizontal buttonsize-medium\"><li class=\"shariff-button facebook shariff-nocustomcolor\" style=\"background-color:#4273c8\"><a href=\"https:\/\/www.facebook.com\/sharer\/sharer.php?u=https%3A%2F%2Fsanito.org%2Fde%2Fapoyarnos%2Fvoluntariado%2F\" title=\"Bei Facebook teilen\" aria-label=\"Bei Facebook teilen\" role=\"button\" rel=\"nofollow\" class=\"shariff-link\" style=\"; background-color:#3b5998; color:#fff\" target=\"_blank\"><span class=\"shariff-icon\" style=\"\"><svg width=\"32px\" height=\"20px\" xmlns=\"http:\/\/www.w3.org\/2000\/svg\" viewBox=\"0 0 18 32\"><path fill=\"#3b5998\" d=\"M17.1 0.2v4.7h-2.8q-1.5 0-2.1 0.6t-0.5 1.9v3.4h5.2l-0.7 5.3h-4.5v13.6h-5.5v-13.6h-4.5v-5.3h4.5v-3.9q0-3.3 1.9-5.2t5-1.8q2.6 0 4.1 0.2z\"\/><\/svg><\/span><span class=\"shariff-text\">teilen<\/span>&nbsp;<\/a><\/li><li class=\"shariff-button twitter shariff-nocustomcolor\" style=\"background-color:#595959\"><a href=\"https:\/\/twitter.com\/share?url=https%3A%2F%2Fsanito.org%2Fde%2Fapoyarnos%2Fvoluntariado%2F&text=Freiwilligenarbeit\" title=\"Bei X teilen\" aria-label=\"Bei X teilen\" role=\"button\" rel=\"noopener nofollow\" class=\"shariff-link\" style=\"; background-color:#000; color:#fff\" target=\"_blank\"><span class=\"shariff-icon\" style=\"\"><svg width=\"32px\" height=\"20px\" xmlns=\"http:\/\/www.w3.org\/2000\/svg\" viewBox=\"0 0 24 24\"><path fill=\"#000\" d=\"M14.258 10.152L23.176 0h-2.113l-7.747 8.813L7.133 0H0l9.352 13.328L0 23.973h2.113l8.176-9.309 6.531 9.309h7.133zm-2.895 3.293l-.949-1.328L2.875 1.56h3.246l6.086 8.523.945 1.328 7.91 11.078h-3.246zm0 0\"\/><\/svg><\/span><span class=\"shariff-text\">teilen<\/span>&nbsp;<\/a><\/li><li class=\"shariff-button diaspora shariff-nocustomcolor\" style=\"background-color:#b3b3b3\"><a href=\"https:\/\/share.diasporafoundation.org\/?url=https%3A%2F%2Fsanito.org%2Fde%2Fapoyarnos%2Fvoluntariado%2F&title=Freiwilligenarbeit\" title=\"Bei diaspora* teilen\" aria-label=\"Bei diaspora* teilen\" role=\"button\" rel=\"noopener nofollow\" class=\"shariff-link\" style=\"; background-color:#999; color:#fff\" target=\"_blank\"><span class=\"shariff-icon\" style=\"\"><svg width=\"32px\" height=\"20px\" xmlns=\"http:\/\/www.w3.org\/2000\/svg\" viewBox=\"0 0 33 32\"><path fill=\"#999\" d=\"M20.6 28.2c-0.8-1.2-2.1-2.9-2.9-4-0.8-1.1-1.4-1.9-1.4-1.9s-1.2 1.6-2.8 3.8c-1.5 2.1-2.8 3.8-2.8 3.8 0 0-5.5-3.9-5.5-3.9 0 0 1.2-1.8 2.8-4s2.8-4 2.8-4.1c0-0.1-0.5-0.2-4.4-1.5-2.4-0.8-4.4-1.5-4.4-1.5 0 0 0.2-0.8 1-3.2 0.6-1.8 1-3.2 1.1-3.3s2.1 0.6 4.6 1.5c2.5 0.8 4.6 1.5 4.6 1.5s0.1 0 0.1-0.1c0 0 0-2.2 0-4.8s0-4.7 0.1-4.7c0 0 0.7 0 3.3 0 1.8 0 3.3 0 3.4 0 0 0 0.1 1.4 0.2 4.6 0.1 5.2 0.1 5.3 0.2 5.3 0 0 2-0.7 4.5-1.5s4.4-1.5 4.4-1.5c0 0.1 2 6.5 2 6.5 0 0-2 0.7-4.5 1.5-3.4 1.1-4.5 1.5-4.5 1.6 0 0 1.2 1.8 2.6 3.9 1.5 2.1 2.6 3.9 2.6 3.9 0 0-5.4 4-5.5 4 0 0-0.7-0.9-1.5-2.1z\"\/><\/svg><\/span><span class=\"shariff-text\">teilen<\/span>&nbsp;<\/a><\/li><li class=\"shariff-button printer shariff-nocustomcolor\" style=\"background-color:#a8a8a8\"><a href=\"javascript:window.print()\" title=\"drucken\" aria-label=\"drucken\" role=\"button\" rel=\"noopener nofollow\" class=\"shariff-link\" style=\"; background-color:#999; color:#fff\"><span class=\"shariff-icon\" style=\"\"><svg width=\"32px\" height=\"20px\" xmlns=\"http:\/\/www.w3.org\/2000\/svg\" viewBox=\"0 0 30 32\"><path fill=\"#999\" d=\"M6.8 27.4h16v-4.6h-16v4.6zM6.8 16h16v-6.8h-2.8q-0.7 0-1.2-0.5t-0.5-1.2v-2.8h-11.4v11.4zM27.4 17.2q0-0.5-0.3-0.8t-0.8-0.4-0.8 0.4-0.3 0.8 0.3 0.8 0.8 0.3 0.8-0.3 0.3-0.8zM29.7 17.2v7.4q0 0.2-0.2 0.4t-0.4 0.2h-4v2.8q0 0.7-0.5 1.2t-1.2 0.5h-17.2q-0.7 0-1.2-0.5t-0.5-1.2v-2.8h-4q-0.2 0-0.4-0.2t-0.2-0.4v-7.4q0-1.4 1-2.4t2.4-1h1.2v-9.7q0-0.7 0.5-1.2t1.2-0.5h12q0.7 0 1.6 0.4t1.3 0.8l2.7 2.7q0.5 0.5 0.9 1.4t0.4 1.6v4.6h1.1q1.4 0 2.4 1t1 2.4z\"\/><\/svg><\/span><span class=\"shariff-text\">drucken<\/span>&nbsp;<\/a><\/li><li class=\"shariff-button rss shariff-nocustomcolor\" style=\"background-color:#ff8c00\"><a href=\"https:\/\/sanito.org\/de\/feed\/rss\/\" title=\"RSS-feed\" aria-label=\"RSS-feed\" role=\"button\" class=\"shariff-link\" style=\"; background-color:#fe9312; color:#fff\" target=\"_blank\"><span class=\"shariff-icon\" style=\"\"><svg width=\"32px\" height=\"20px\" xmlns=\"http:\/\/www.w3.org\/2000\/svg\" viewBox=\"0 0 32 32\"><path fill=\"#fe9312\" d=\"M4.3 23.5c-2.3 0-4.3 1.9-4.3 4.3 0 2.3 1.9 4.2 4.3 4.2 2.4 0 4.3-1.9 4.3-4.2 0-2.3-1.9-4.3-4.3-4.3zM0 10.9v6.1c4 0 7.7 1.6 10.6 4.4 2.8 2.8 4.4 6.6 4.4 10.6h6.2c0-11.7-9.5-21.1-21.1-21.1zM0 0v6.1c14.2 0 25.8 11.6 25.8 25.9h6.2c0-17.6-14.4-32-32-32z\"\/><\/svg><\/span><span class=\"shariff-text\">RSS-feed<\/span>&nbsp;<\/a><\/li><li class=\"shariff-button info shariff-nocustomcolor\" style=\"background-color:#eee\"><a href=\"http:\/\/ct.de\/-2467514\" title=\"Weitere Informationen\" aria-label=\"Weitere Informationen\" role=\"button\" rel=\"noopener \" class=\"shariff-link\" style=\"; background-color:#fff; color:#fff\" target=\"_blank\"><span class=\"shariff-icon\" style=\"\"><svg width=\"32px\" height=\"20px\" xmlns=\"http:\/\/www.w3.org\/2000\/svg\" viewBox=\"0 0 11 32\"><path fill=\"#999\" d=\"M11.4 24v2.3q0 0.5-0.3 0.8t-0.8 0.4h-9.1q-0.5 0-0.8-0.4t-0.4-0.8v-2.3q0-0.5 0.4-0.8t0.8-0.4h1.1v-6.8h-1.1q-0.5 0-0.8-0.4t-0.4-0.8v-2.3q0-0.5 0.4-0.8t0.8-0.4h6.8q0.5 0 0.8 0.4t0.4 0.8v10.3h1.1q0.5 0 0.8 0.4t0.3 0.8zM9.2 3.4v3.4q0 0.5-0.4 0.8t-0.8 0.4h-4.6q-0.4 0-0.8-0.4t-0.4-0.8v-3.4q0-0.4 0.4-0.8t0.8-0.4h4.6q0.5 0 0.8 0.4t0.4 0.8z\"\/><\/svg><\/span><\/a><\/li><\/ul><\/div>","protected":false},"excerpt":{"rendered":"<p>Freiwilligeneinsatz in Nicaragua Der Verein \u201eAsociaci\u00f3n Sanito Nicaragua\u201c l\u00e4dt Dich zur Freiwilligenarbeit in verschiedenen Projekten auf Ometepe, Nicaragua, ein. Erlebe vor Ort, wie viel m\u00f6glich ist, wenn sich Menschen f\u00fcr ein gr\u00f6\u00dferes Ziel zusammentun, den Einzelnen dabei aber nie aus den Augen verlieren. Die Arbeit unseres Vereins lebt vom Engagement der Mitglieder und Unterst\u00fctzerInnen, die<\/p>\n","protected":false},"author":1,"featured_media":0,"parent":12,"menu_order":0,"comment_status":"closed","ping_status":"open","template":"","meta":{"footnotes":""},"class_list":["post-14","page","type-page","status-publish","hentry"],"yoast_head":"<!-- This site is optimized with the Yoast SEO plugin v26.5 - https:\/\/yoast.com\/wordpress\/plugins\/seo\/ -->\n<title>Volunteering - Freiwilligenarbeit - ... - Sanito<\/title>\n<meta name=\"description\" content=\"Volunteering - Freiwilligenarbeit - ... - Sanito\" \/>\n<meta name=\"robots\" content=\"index, follow, max-snippet:-1, max-image-preview:large, max-video-preview:-1\" \/>\n<link rel=\"canonical\" href=\"https:\/\/sanito.org\/apoyarnos\/voluntariado\/\" \/>\n<meta property=\"og:locale\" content=\"de_DE\" \/>\n<meta property=\"og:type\" content=\"article\" \/>\n<meta property=\"og:title\" content=\"Volunteering - Freiwilligenarbeit - ... - Sanito\" \/>\n<meta property=\"og:description\" content=\"Volunteering - Freiwilligenarbeit - ... - Sanito\" \/>\n<meta property=\"og:url\" content=\"https:\/\/sanito.org\/apoyarnos\/voluntariado\/\" \/>\n<meta property=\"og:site_name\" content=\"Sanito\" \/>\n<meta property=\"article:publisher\" content=\"https:\/\/www.facebook.com\/sanito.org\" \/>\n<meta property=\"article:modified_time\" content=\"2018-01-31T09:36:26+00:00\" \/>\n<meta property=\"og:image\" content=\"https:\/\/sanito.org\/wp-content\/uploads\/2014\/10\/CollageFreiwilligenarbeit750x300.jpg\" \/>\n<meta name=\"twitter:label1\" content=\"Gesch\u00e4tzte Lesezeit\" \/>\n\t<meta name=\"twitter:data1\" content=\"9\u00a0Minuten\" \/>\n<script type=\"application\/ld+json\" class=\"yoast-schema-graph\">{\"@context\":\"https:\/\/schema.org\",\"@graph\":[{\"@type\":\"WebPage\",\"@id\":\"https:\/\/sanito.org\/apoyarnos\/voluntariado\/\",\"url\":\"https:\/\/sanito.org\/apoyarnos\/voluntariado\/\",\"name\":\"Volunteering - Freiwilligenarbeit - ... - Sanito\",\"isPartOf\":{\"@id\":\"https:\/\/sanito.org\/de\/#website\"},\"primaryImageOfPage\":{\"@id\":\"https:\/\/sanito.org\/apoyarnos\/voluntariado\/#primaryimage\"},\"image\":{\"@id\":\"https:\/\/sanito.org\/apoyarnos\/voluntariado\/#primaryimage\"},\"thumbnailUrl\":\"https:\/\/sanito.org\/wp-content\/uploads\/2014\/10\/CollageFreiwilligenarbeit750x300.jpg\",\"datePublished\":\"2014-10-22T16:41:05+00:00\",\"dateModified\":\"2018-01-31T09:36:26+00:00\",\"description\":\"Volunteering - Freiwilligenarbeit - ... - Sanito\",\"breadcrumb\":{\"@id\":\"https:\/\/sanito.org\/apoyarnos\/voluntariado\/#breadcrumb\"},\"inLanguage\":\"de\",\"potentialAction\":[{\"@type\":\"ReadAction\",\"target\":[\"https:\/\/sanito.org\/apoyarnos\/voluntariado\/\"]}]},{\"@type\":\"ImageObject\",\"inLanguage\":\"de\",\"@id\":\"https:\/\/sanito.org\/apoyarnos\/voluntariado\/#primaryimage\",\"url\":\"https:\/\/sanito.org\/wp-content\/uploads\/2014\/10\/CollageFreiwilligenarbeit750x300.jpg\",\"contentUrl\":\"https:\/\/sanito.org\/wp-content\/uploads\/2014\/10\/CollageFreiwilligenarbeit750x300.jpg\"},{\"@type\":\"BreadcrumbList\",\"@id\":\"https:\/\/sanito.org\/apoyarnos\/voluntariado\/#breadcrumb\",\"itemListElement\":[{\"@type\":\"ListItem\",\"position\":1,\"name\":\"Home\",\"item\":\"https:\/\/sanito.org\/de\/\"},{\"@type\":\"ListItem\",\"position\":2,\"name\":\"[:es]Apoyarnos [:de]Unterst\u00fctze uns [:en]Support us [:]\",\"item\":\"https:\/\/sanito.org\/apoyarnos\/\"},{\"@type\":\"ListItem\",\"position\":3,\"name\":\"[:es]Voluntariado[:de]Freiwilligenarbeit[:en]Volunteering[:]\"}]},{\"@type\":\"WebSite\",\"@id\":\"https:\/\/sanito.org\/de\/#website\",\"url\":\"https:\/\/sanito.org\/de\/\",\"name\":\"Sanito\",\"description\":\"\",\"potentialAction\":[{\"@type\":\"SearchAction\",\"target\":{\"@type\":\"EntryPoint\",\"urlTemplate\":\"https:\/\/sanito.org\/de\/?s={search_term_string}\"},\"query-input\":{\"@type\":\"PropertyValueSpecification\",\"valueRequired\":true,\"valueName\":\"search_term_string\"}}],\"inLanguage\":\"de\"}]}<\/script>\n<!-- \/ Yoast SEO plugin. -->","yoast_head_json":{"title":"Volunteering - Freiwilligenarbeit - ... - Sanito","description":"Volunteering - Freiwilligenarbeit - ... - Sanito","robots":{"index":"index","follow":"follow","max-snippet":"max-snippet:-1","max-image-preview":"max-image-preview:large","max-video-preview":"max-video-preview:-1"},"canonical":"https:\/\/sanito.org\/apoyarnos\/voluntariado\/","og_locale":"de_DE","og_type":"article","og_title":"Volunteering - Freiwilligenarbeit - ... - Sanito","og_description":"Volunteering - Freiwilligenarbeit - ... - Sanito","og_url":"https:\/\/sanito.org\/apoyarnos\/voluntariado\/","og_site_name":"Sanito","article_publisher":"https:\/\/www.facebook.com\/sanito.org","article_modified_time":"2018-01-31T09:36:26+00:00","og_image":[{"url":"https:\/\/sanito.org\/wp-content\/uploads\/2014\/10\/CollageFreiwilligenarbeit750x300.jpg","type":"","width":"","height":""}],"twitter_misc":{"Gesch\u00e4tzte Lesezeit":"9\u00a0Minuten"},"schema":{"@context":"https:\/\/schema.org","@graph":[{"@type":"WebPage","@id":"https:\/\/sanito.org\/apoyarnos\/voluntariado\/","url":"https:\/\/sanito.org\/apoyarnos\/voluntariado\/","name":"Volunteering - Freiwilligenarbeit - ... - Sanito","isPartOf":{"@id":"https:\/\/sanito.org\/de\/#website"},"primaryImageOfPage":{"@id":"https:\/\/sanito.org\/apoyarnos\/voluntariado\/#primaryimage"},"image":{"@id":"https:\/\/sanito.org\/apoyarnos\/voluntariado\/#primaryimage"},"thumbnailUrl":"https:\/\/sanito.org\/wp-content\/uploads\/2014\/10\/CollageFreiwilligenarbeit750x300.jpg","datePublished":"2014-10-22T16:41:05+00:00","dateModified":"2018-01-31T09:36:26+00:00","description":"Volunteering - Freiwilligenarbeit - ... - Sanito","breadcrumb":{"@id":"https:\/\/sanito.org\/apoyarnos\/voluntariado\/#breadcrumb"},"inLanguage":"de","potentialAction":[{"@type":"ReadAction","target":["https:\/\/sanito.org\/apoyarnos\/voluntariado\/"]}]},{"@type":"ImageObject","inLanguage":"de","@id":"https:\/\/sanito.org\/apoyarnos\/voluntariado\/#primaryimage","url":"https:\/\/sanito.org\/wp-content\/uploads\/2014\/10\/CollageFreiwilligenarbeit750x300.jpg","contentUrl":"https:\/\/sanito.org\/wp-content\/uploads\/2014\/10\/CollageFreiwilligenarbeit750x300.jpg"},{"@type":"BreadcrumbList","@id":"https:\/\/sanito.org\/apoyarnos\/voluntariado\/#breadcrumb","itemListElement":[{"@type":"ListItem","position":1,"name":"Home","item":"https:\/\/sanito.org\/de\/"},{"@type":"ListItem","position":2,"name":"[:es]Apoyarnos [:de]Unterst\u00fctze uns [:en]Support us [:]","item":"https:\/\/sanito.org\/apoyarnos\/"},{"@type":"ListItem","position":3,"name":"[:es]Voluntariado[:de]Freiwilligenarbeit[:en]Volunteering[:]"}]},{"@type":"WebSite","@id":"https:\/\/sanito.org\/de\/#website","url":"https:\/\/sanito.org\/de\/","name":"Sanito","description":"","potentialAction":[{"@type":"SearchAction","target":{"@type":"EntryPoint","urlTemplate":"https:\/\/sanito.org\/de\/?s={search_term_string}"},"query-input":{"@type":"PropertyValueSpecification","valueRequired":true,"valueName":"search_term_string"}}],"inLanguage":"de"}]}},"_links":{"self":[{"href":"https:\/\/sanito.org\/de\/wp-json\/wp\/v2\/pages\/14","targetHints":{"allow":["GET"]}}],"collection":[{"href":"https:\/\/sanito.org\/de\/wp-json\/wp\/v2\/pages"}],"about":[{"href":"https:\/\/sanito.org\/de\/wp-json\/wp\/v2\/types\/page"}],"author":[{"embeddable":true,"href":"https:\/\/sanito.org\/de\/wp-json\/wp\/v2\/users\/1"}],"replies":[{"embeddable":true,"href":"https:\/\/sanito.org\/de\/wp-json\/wp\/v2\/comments?post=14"}],"version-history":[{"count":36,"href":"https:\/\/sanito.org\/de\/wp-json\/wp\/v2\/pages\/14\/revisions"}],"predecessor-version":[{"id":1344,"href":"https:\/\/sanito.org\/de\/wp-json\/wp\/v2\/pages\/14\/revisions\/1344"}],"up":[{"embeddable":true,"href":"https:\/\/sanito.org\/de\/wp-json\/wp\/v2\/pages\/12"}],"wp:attachment":[{"href":"https:\/\/sanito.org\/de\/wp-json\/wp\/v2\/media?parent=14"}],"curies":[{"name":"wp","href":"https:\/\/api.w.org\/{rel}","templated":true}]}}