{"id":20,"date":"2014-10-22T18:43:32","date_gmt":"2014-10-22T16:43:32","guid":{"rendered":"http:\/\/sanito.org\/?page_id=20"},"modified":"2017-11-10T17:10:37","modified_gmt":"2017-11-10T15:10:37","slug":"publicidad","status":"publish","type":"page","link":"https:\/\/sanito.org\/de\/apoyarnos\/publicidad\/","title":{"rendered":"Werbung"},"content":{"rendered":"<p><\/p>\n<h3 style=\"text-align: justify;\"><strong>Sprich \u00fcber uns!<\/strong><\/h3>\n<p style=\"text-align: justify;\">Auch auf dem Weg zu mehr Bekanntheit k\u00f6nnen wir Deine Hilfe gut gebrauchen. Erz\u00e4hl Deinen Freunden und Angeh\u00f6rigen doch von uns oder verteile unser Werbematerial. Was Du genau f\u00fcr uns tun kannst:<\/p>\n<ul style=\"text-align: justify;\">\n<li>Leite unseren Flyer an interessierte Personen in deinem Umfeld weiter!<\/li>\n<li>H\u00e4ng ein Poster von uns an Deiner Schule, Uni oder gar am Arbeitsplatz aus!<\/li>\n<li>Du hast einen Stand auf dem Flohmarkt? Nutz doch die Gelegenheit, um auch dabei unser Werbematerial zu verteilen.<\/li>\n<li>Du musst einen Vortrag im Spanischunterricht oder an der Uni halten? Warum nicht \u00fcber uns, wenn unsere Arbeit zum Thema passt. Auch daf\u00fcr steht dir unser Werbematerial inklusive einer Pr\u00e4sentationsvorlage zur Verf\u00fcgung.<\/li>\n<li>Erz\u00e4hl von deinen Erfahrungen mit uns! Das kann im pers\u00f6nlichen Gespr\u00e4ch erfolgen oder \u00fcber Facebook und Co.<\/li>\n<\/ul>\n<p style=\"text-align: justify;\">Gerne helfen wir Dir dabei, Deine Werbung f\u00fcr uns zu gestalten. Schreib einfach eine Email an <a href=\"mailto:contact@sanito.org\">contact@sanito.org<\/a><\/p>\n<h3><strong><br \/>\nFolgende Materialien kannst du verwenden:<\/strong><\/h3>\n<ul style=\"text-align: justify;\">\n<li><a href=\"https:\/\/sanito.org\/wp-content\/uploads\/2015\/02\/Logo-bunt.png\" target=\"_blank\" rel=\"noopener\">Logo Sanito<\/a><\/li>\n<li>Poster Sanito<\/li>\n<li><a href=\"https:\/\/sanito.org\/wp-content\/uploads\/2014\/10\/Din-Lang-Flyer.pdf\">Sanito Flyer <\/a><\/li>\n<li><a href=\"https:\/\/sanito.org\/wp-content\/uploads\/2014\/10\/SANITO-PPT.pptx\">Vorlage PowerPoint Sanito 2015<\/a><\/li>\n<\/ul>\n<p style=\"text-align: justify;\">Bitte beachte, dass wir noch an unserem Poster arbeiten. Sobald es fertig ist, stellen wir es an dieser Stelle zur Verf\u00fcgung.<\/p>\n<p style=\"text-align: justify;\"><strong>\u00a0<\/strong><\/p>\n<h3 style=\"text-align: justify;\"><strong>Folge uns auf Facebook!<\/strong><\/h3>\n<p style=\"text-align: justify;\">Dir gef\u00e4llt unsere Arbeit und unsere Facebok-Seite? Dann klick doch einfach auf \u201eGef\u00e4llt mir\u201c und folge unseren Aktivit\u00e4ten. Wir berichten regelm\u00e4\u00dfig \u00fcber Neuigkeiten aus dem Vereinsleben. Unsere Beitr\u00e4ge kannst Du dann mit Deinen Freunden teilen, damit auch sie \u00fcber uns informiert werden.<\/p>\n<div class=\"social_text_facebook\" title=\"Facebook Nicaragua\" data-toggle=\"tooltip\" data-placement=\"bottom\"><a href=\"https:\/\/facebook.com\\sanito.ni.org\"><i class=\"fa icon-fbnica\"><\/i><\/a><\/div>\n<p>Folge hier der Arbeit von Sanito Nicaragua!<\/p>\n<div class=\"social_text_facebook\" title=\"Facebook Deutschland\" data-toggle=\"tooltip\" data-placement=\"bottom\"><a href=\"https:\/\/facebook.com\\sanito.org\"><i class=\"fa icon-fb_de\"><\/i><\/a><\/div>\n<p>Folge hier der Arbeit von Sanito Deutschland!<\/p>\n<div class=\"shariff\"><ul class=\"shariff-buttons theme-default orientation-horizontal buttonsize-medium\"><li class=\"shariff-button facebook shariff-nocustomcolor\" style=\"background-color:#4273c8\"><a href=\"https:\/\/www.facebook.com\/sharer\/sharer.php?u=https%3A%2F%2Fsanito.org%2Fde%2Fapoyarnos%2Fpublicidad%2F\" title=\"Bei Facebook teilen\" aria-label=\"Bei Facebook teilen\" role=\"button\" rel=\"nofollow\" class=\"shariff-link\" style=\"; background-color:#3b5998; color:#fff\" target=\"_blank\"><span class=\"shariff-icon\" style=\"\"><svg width=\"32px\" height=\"20px\" xmlns=\"http:\/\/www.w3.org\/2000\/svg\" viewBox=\"0 0 18 32\"><path fill=\"#3b5998\" d=\"M17.1 0.2v4.7h-2.8q-1.5 0-2.1 0.6t-0.5 1.9v3.4h5.2l-0.7 5.3h-4.5v13.6h-5.5v-13.6h-4.5v-5.3h4.5v-3.9q0-3.3 1.9-5.2t5-1.8q2.6 0 4.1 0.2z\"\/><\/svg><\/span><span class=\"shariff-text\">teilen<\/span>&nbsp;<\/a><\/li><li class=\"shariff-button twitter shariff-nocustomcolor\" style=\"background-color:#595959\"><a href=\"https:\/\/twitter.com\/share?url=https%3A%2F%2Fsanito.org%2Fde%2Fapoyarnos%2Fpublicidad%2F&text=Werbung\" title=\"Bei X teilen\" aria-label=\"Bei X teilen\" role=\"button\" rel=\"noopener nofollow\" class=\"shariff-link\" style=\"; background-color:#000; color:#fff\" target=\"_blank\"><span class=\"shariff-icon\" style=\"\"><svg width=\"32px\" height=\"20px\" xmlns=\"http:\/\/www.w3.org\/2000\/svg\" viewBox=\"0 0 24 24\"><path fill=\"#000\" d=\"M14.258 10.152L23.176 0h-2.113l-7.747 8.813L7.133 0H0l9.352 13.328L0 23.973h2.113l8.176-9.309 6.531 9.309h7.133zm-2.895 3.293l-.949-1.328L2.875 1.56h3.246l6.086 8.523.945 1.328 7.91 11.078h-3.246zm0 0\"\/><\/svg><\/span><span class=\"shariff-text\">teilen<\/span>&nbsp;<\/a><\/li><li class=\"shariff-button diaspora shariff-nocustomcolor\" style=\"background-color:#b3b3b3\"><a href=\"https:\/\/share.diasporafoundation.org\/?url=https%3A%2F%2Fsanito.org%2Fde%2Fapoyarnos%2Fpublicidad%2F&title=Werbung\" title=\"Bei diaspora* teilen\" aria-label=\"Bei diaspora* teilen\" role=\"button\" rel=\"noopener nofollow\" class=\"shariff-link\" style=\"; background-color:#999; color:#fff\" target=\"_blank\"><span class=\"shariff-icon\" style=\"\"><svg width=\"32px\" height=\"20px\" xmlns=\"http:\/\/www.w3.org\/2000\/svg\" viewBox=\"0 0 33 32\"><path fill=\"#999\" d=\"M20.6 28.2c-0.8-1.2-2.1-2.9-2.9-4-0.8-1.1-1.4-1.9-1.4-1.9s-1.2 1.6-2.8 3.8c-1.5 2.1-2.8 3.8-2.8 3.8 0 0-5.5-3.9-5.5-3.9 0 0 1.2-1.8 2.8-4s2.8-4 2.8-4.1c0-0.1-0.5-0.2-4.4-1.5-2.4-0.8-4.4-1.5-4.4-1.5 0 0 0.2-0.8 1-3.2 0.6-1.8 1-3.2 1.1-3.3s2.1 0.6 4.6 1.5c2.5 0.8 4.6 1.5 4.6 1.5s0.1 0 0.1-0.1c0 0 0-2.2 0-4.8s0-4.7 0.1-4.7c0 0 0.7 0 3.3 0 1.8 0 3.3 0 3.4 0 0 0 0.1 1.4 0.2 4.6 0.1 5.2 0.1 5.3 0.2 5.3 0 0 2-0.7 4.5-1.5s4.4-1.5 4.4-1.5c0 0.1 2 6.5 2 6.5 0 0-2 0.7-4.5 1.5-3.4 1.1-4.5 1.5-4.5 1.6 0 0 1.2 1.8 2.6 3.9 1.5 2.1 2.6 3.9 2.6 3.9 0 0-5.4 4-5.5 4 0 0-0.7-0.9-1.5-2.1z\"\/><\/svg><\/span><span class=\"shariff-text\">teilen<\/span>&nbsp;<\/a><\/li><li class=\"shariff-button printer shariff-nocustomcolor\" style=\"background-color:#a8a8a8\"><a href=\"javascript:window.print()\" title=\"drucken\" aria-label=\"drucken\" role=\"button\" rel=\"noopener nofollow\" class=\"shariff-link\" style=\"; background-color:#999; color:#fff\"><span class=\"shariff-icon\" style=\"\"><svg width=\"32px\" height=\"20px\" xmlns=\"http:\/\/www.w3.org\/2000\/svg\" viewBox=\"0 0 30 32\"><path fill=\"#999\" d=\"M6.8 27.4h16v-4.6h-16v4.6zM6.8 16h16v-6.8h-2.8q-0.7 0-1.2-0.5t-0.5-1.2v-2.8h-11.4v11.4zM27.4 17.2q0-0.5-0.3-0.8t-0.8-0.4-0.8 0.4-0.3 0.8 0.3 0.8 0.8 0.3 0.8-0.3 0.3-0.8zM29.7 17.2v7.4q0 0.2-0.2 0.4t-0.4 0.2h-4v2.8q0 0.7-0.5 1.2t-1.2 0.5h-17.2q-0.7 0-1.2-0.5t-0.5-1.2v-2.8h-4q-0.2 0-0.4-0.2t-0.2-0.4v-7.4q0-1.4 1-2.4t2.4-1h1.2v-9.7q0-0.7 0.5-1.2t1.2-0.5h12q0.7 0 1.6 0.4t1.3 0.8l2.7 2.7q0.5 0.5 0.9 1.4t0.4 1.6v4.6h1.1q1.4 0 2.4 1t1 2.4z\"\/><\/svg><\/span><span class=\"shariff-text\">drucken<\/span>&nbsp;<\/a><\/li><li class=\"shariff-button rss shariff-nocustomcolor\" style=\"background-color:#ff8c00\"><a href=\"https:\/\/sanito.org\/de\/feed\/rss\/\" title=\"RSS-feed\" aria-label=\"RSS-feed\" role=\"button\" class=\"shariff-link\" style=\"; background-color:#fe9312; color:#fff\" target=\"_blank\"><span class=\"shariff-icon\" style=\"\"><svg width=\"32px\" height=\"20px\" xmlns=\"http:\/\/www.w3.org\/2000\/svg\" viewBox=\"0 0 32 32\"><path fill=\"#fe9312\" d=\"M4.3 23.5c-2.3 0-4.3 1.9-4.3 4.3 0 2.3 1.9 4.2 4.3 4.2 2.4 0 4.3-1.9 4.3-4.2 0-2.3-1.9-4.3-4.3-4.3zM0 10.9v6.1c4 0 7.7 1.6 10.6 4.4 2.8 2.8 4.4 6.6 4.4 10.6h6.2c0-11.7-9.5-21.1-21.1-21.1zM0 0v6.1c14.2 0 25.8 11.6 25.8 25.9h6.2c0-17.6-14.4-32-32-32z\"\/><\/svg><\/span><span class=\"shariff-text\">RSS-feed<\/span>&nbsp;<\/a><\/li><li class=\"shariff-button info shariff-nocustomcolor\" style=\"background-color:#eee\"><a href=\"http:\/\/ct.de\/-2467514\" title=\"Weitere Informationen\" aria-label=\"Weitere Informationen\" role=\"button\" rel=\"noopener \" class=\"shariff-link\" style=\"; background-color:#fff; color:#fff\" target=\"_blank\"><span class=\"shariff-icon\" style=\"\"><svg width=\"32px\" height=\"20px\" xmlns=\"http:\/\/www.w3.org\/2000\/svg\" viewBox=\"0 0 11 32\"><path fill=\"#999\" d=\"M11.4 24v2.3q0 0.5-0.3 0.8t-0.8 0.4h-9.1q-0.5 0-0.8-0.4t-0.4-0.8v-2.3q0-0.5 0.4-0.8t0.8-0.4h1.1v-6.8h-1.1q-0.5 0-0.8-0.4t-0.4-0.8v-2.3q0-0.5 0.4-0.8t0.8-0.4h6.8q0.5 0 0.8 0.4t0.4 0.8v10.3h1.1q0.5 0 0.8 0.4t0.3 0.8zM9.2 3.4v3.4q0 0.5-0.4 0.8t-0.8 0.4h-4.6q-0.4 0-0.8-0.4t-0.4-0.8v-3.4q0-0.4 0.4-0.8t0.8-0.4h4.6q0.5 0 0.8 0.4t0.4 0.8z\"\/><\/svg><\/span><\/a><\/li><\/ul><\/div>","protected":false},"excerpt":{"rendered":"<p>Sprich \u00fcber uns! Auch auf dem Weg zu mehr Bekanntheit k\u00f6nnen wir Deine Hilfe gut gebrauchen. Erz\u00e4hl Deinen Freunden und Angeh\u00f6rigen doch von uns oder verteile unser Werbematerial. Was Du genau f\u00fcr uns tun kannst: Leite unseren Flyer an interessierte Personen in deinem Umfeld weiter! H\u00e4ng ein Poster von uns an Deiner Schule, Uni oder<\/p>\n","protected":false},"author":1,"featured_media":0,"parent":12,"menu_order":0,"comment_status":"closed","ping_status":"open","template":"","meta":{"footnotes":""},"class_list":["post-20","page","type-page","status-publish","hentry"],"yoast_head":"<!-- This site is optimized with the Yoast SEO plugin v26.5 - https:\/\/yoast.com\/wordpress\/plugins\/seo\/ -->\n<title>Werbung - Advertisement - ... - Sanito<\/title>\n<meta name=\"description\" content=\"Werbung - Advertisement - ... - Sanito\" \/>\n<meta name=\"robots\" content=\"index, follow, max-snippet:-1, max-image-preview:large, max-video-preview:-1\" \/>\n<link rel=\"canonical\" href=\"https:\/\/sanito.org\/apoyarnos\/publicidad\/\" \/>\n<meta property=\"og:locale\" content=\"de_DE\" \/>\n<meta property=\"og:type\" content=\"article\" \/>\n<meta property=\"og:title\" content=\"Werbung - Advertisement - ... - Sanito\" \/>\n<meta property=\"og:description\" content=\"Werbung - Advertisement - ... - Sanito\" \/>\n<meta property=\"og:url\" content=\"https:\/\/sanito.org\/apoyarnos\/publicidad\/\" \/>\n<meta property=\"og:site_name\" content=\"Sanito\" \/>\n<meta property=\"article:publisher\" content=\"https:\/\/www.facebook.com\/sanito.org\" \/>\n<meta property=\"article:modified_time\" content=\"2017-11-10T15:10:37+00:00\" \/>\n<meta name=\"twitter:label1\" content=\"Gesch\u00e4tzte Lesezeit\" \/>\n\t<meta name=\"twitter:data1\" content=\"4\u00a0Minuten\" \/>\n<script type=\"application\/ld+json\" class=\"yoast-schema-graph\">{\"@context\":\"https:\/\/schema.org\",\"@graph\":[{\"@type\":\"WebPage\",\"@id\":\"https:\/\/sanito.org\/apoyarnos\/publicidad\/\",\"url\":\"https:\/\/sanito.org\/apoyarnos\/publicidad\/\",\"name\":\"Werbung - Advertisement - ... - Sanito\",\"isPartOf\":{\"@id\":\"https:\/\/sanito.org\/de\/#website\"},\"datePublished\":\"2014-10-22T16:43:32+00:00\",\"dateModified\":\"2017-11-10T15:10:37+00:00\",\"description\":\"Werbung - Advertisement - ... - Sanito\",\"breadcrumb\":{\"@id\":\"https:\/\/sanito.org\/apoyarnos\/publicidad\/#breadcrumb\"},\"inLanguage\":\"de\",\"potentialAction\":[{\"@type\":\"ReadAction\",\"target\":[\"https:\/\/sanito.org\/apoyarnos\/publicidad\/\"]}]},{\"@type\":\"BreadcrumbList\",\"@id\":\"https:\/\/sanito.org\/apoyarnos\/publicidad\/#breadcrumb\",\"itemListElement\":[{\"@type\":\"ListItem\",\"position\":1,\"name\":\"Home\",\"item\":\"https:\/\/sanito.org\/de\/\"},{\"@type\":\"ListItem\",\"position\":2,\"name\":\"[:es]Apoyarnos [:de]Unterst\u00fctze uns [:en]Support us [:]\",\"item\":\"https:\/\/sanito.org\/apoyarnos\/\"},{\"@type\":\"ListItem\",\"position\":3,\"name\":\"[:es]Publicidad[:de]Werbung[:en]Advertisement[:]\"}]},{\"@type\":\"WebSite\",\"@id\":\"https:\/\/sanito.org\/de\/#website\",\"url\":\"https:\/\/sanito.org\/de\/\",\"name\":\"Sanito\",\"description\":\"\",\"potentialAction\":[{\"@type\":\"SearchAction\",\"target\":{\"@type\":\"EntryPoint\",\"urlTemplate\":\"https:\/\/sanito.org\/de\/?s={search_term_string}\"},\"query-input\":{\"@type\":\"PropertyValueSpecification\",\"valueRequired\":true,\"valueName\":\"search_term_string\"}}],\"inLanguage\":\"de\"}]}<\/script>\n<!-- \/ Yoast SEO plugin. -->","yoast_head_json":{"title":"Werbung - Advertisement - ... - Sanito","description":"Werbung - Advertisement - ... - Sanito","robots":{"index":"index","follow":"follow","max-snippet":"max-snippet:-1","max-image-preview":"max-image-preview:large","max-video-preview":"max-video-preview:-1"},"canonical":"https:\/\/sanito.org\/apoyarnos\/publicidad\/","og_locale":"de_DE","og_type":"article","og_title":"Werbung - Advertisement - ... - Sanito","og_description":"Werbung - Advertisement - ... - Sanito","og_url":"https:\/\/sanito.org\/apoyarnos\/publicidad\/","og_site_name":"Sanito","article_publisher":"https:\/\/www.facebook.com\/sanito.org","article_modified_time":"2017-11-10T15:10:37+00:00","twitter_misc":{"Gesch\u00e4tzte Lesezeit":"4\u00a0Minuten"},"schema":{"@context":"https:\/\/schema.org","@graph":[{"@type":"WebPage","@id":"https:\/\/sanito.org\/apoyarnos\/publicidad\/","url":"https:\/\/sanito.org\/apoyarnos\/publicidad\/","name":"Werbung - Advertisement - ... - Sanito","isPartOf":{"@id":"https:\/\/sanito.org\/de\/#website"},"datePublished":"2014-10-22T16:43:32+00:00","dateModified":"2017-11-10T15:10:37+00:00","description":"Werbung - Advertisement - ... - Sanito","breadcrumb":{"@id":"https:\/\/sanito.org\/apoyarnos\/publicidad\/#breadcrumb"},"inLanguage":"de","potentialAction":[{"@type":"ReadAction","target":["https:\/\/sanito.org\/apoyarnos\/publicidad\/"]}]},{"@type":"BreadcrumbList","@id":"https:\/\/sanito.org\/apoyarnos\/publicidad\/#breadcrumb","itemListElement":[{"@type":"ListItem","position":1,"name":"Home","item":"https:\/\/sanito.org\/de\/"},{"@type":"ListItem","position":2,"name":"[:es]Apoyarnos [:de]Unterst\u00fctze uns [:en]Support us [:]","item":"https:\/\/sanito.org\/apoyarnos\/"},{"@type":"ListItem","position":3,"name":"[:es]Publicidad[:de]Werbung[:en]Advertisement[:]"}]},{"@type":"WebSite","@id":"https:\/\/sanito.org\/de\/#website","url":"https:\/\/sanito.org\/de\/","name":"Sanito","description":"","potentialAction":[{"@type":"SearchAction","target":{"@type":"EntryPoint","urlTemplate":"https:\/\/sanito.org\/de\/?s={search_term_string}"},"query-input":{"@type":"PropertyValueSpecification","valueRequired":true,"valueName":"search_term_string"}}],"inLanguage":"de"}]}},"_links":{"self":[{"href":"https:\/\/sanito.org\/de\/wp-json\/wp\/v2\/pages\/20","targetHints":{"allow":["GET"]}}],"collection":[{"href":"https:\/\/sanito.org\/de\/wp-json\/wp\/v2\/pages"}],"about":[{"href":"https:\/\/sanito.org\/de\/wp-json\/wp\/v2\/types\/page"}],"author":[{"embeddable":true,"href":"https:\/\/sanito.org\/de\/wp-json\/wp\/v2\/users\/1"}],"replies":[{"embeddable":true,"href":"https:\/\/sanito.org\/de\/wp-json\/wp\/v2\/comments?post=20"}],"version-history":[{"count":65,"href":"https:\/\/sanito.org\/de\/wp-json\/wp\/v2\/pages\/20\/revisions"}],"predecessor-version":[{"id":1226,"href":"https:\/\/sanito.org\/de\/wp-json\/wp\/v2\/pages\/20\/revisions\/1226"}],"up":[{"embeddable":true,"href":"https:\/\/sanito.org\/de\/wp-json\/wp\/v2\/pages\/12"}],"wp:attachment":[{"href":"https:\/\/sanito.org\/de\/wp-json\/wp\/v2\/media?parent=20"}],"curies":[{"name":"wp","href":"https:\/\/api.w.org\/{rel}","templated":true}]}}