{"id":42,"date":"2014-10-23T21:24:30","date_gmt":"2014-10-23T19:24:30","guid":{"rendered":"http:\/\/sanito.org\/?page_id=42"},"modified":"2018-07-30T19:22:25","modified_gmt":"2018-07-30T18:22:25","slug":"quienes-somos","status":"publish","type":"page","link":"https:\/\/sanito.org\/de\/sanito-alemania\/quienes-somos\/","title":{"rendered":"\u00dcber uns"},"content":{"rendered":"<p><\/p>\n<h3 style=\"text-align: justify;\"><strong>Wer wir sind<\/strong><\/h3>\n<p style=\"text-align: justify;\">Sanito \u2013 F\u00f6rderverein f\u00fcr gesundes Leben in Nicaragua e. V. ist ein deutscher gemeinn\u00fctziger Verein mit Sitz in Frohburg, Sachsen. Der Verein hat sich der F\u00f6rderung der Gesundheit auf der Insel Ometepe in Nicaragua, verschrieben.<\/p>\n<p style=\"text-align: justify;\">Wir setzen uns f\u00fcr eine nachhaltige regionale Lebensmittelversorgung, f\u00fcr eine \u00f6kologische Landwirtschaft und f\u00fcr eine umfassende Gesundheitsvorsorge ein. Aufgrund der bisherigen Erlebnisse und Erfahrungen engagieren wir uns in einem der \u00e4rmsten L\u00e4nder Lateinamerikas, in Nicaragua, und zwar auf der Insel Ometepe. Dort wurde bereits eine Partnerorganisation gegr\u00fcndet, die \u2019Asociaci\u00f3n Sanito Nicaragua\u2018. Beide Vereine arbeiten eng zusammen. Im Besonderen wird der deutsche F\u00f6rderverein Sanito die Projekte unserer Partnerorganisation finanziell unterst\u00fctzen als auch den Austausch von Freiwilligen und Wissen f\u00f6rdern. Dabei legen wir einen besonderen Fokus auf die Gesundheitsvorsorge. Au\u00dferdem m\u00f6chten wir den Austausch zwischen Deutschland und den Menschen in Nicaragua st\u00e4rken.<\/p>\n<p style=\"text-align: justify;\">Warum der Name Sanito? <em>Sano<\/em> ist ein spanisches Wort und bedeutet \u2019gesund\u2018, was Herzst\u00fcck unseres Anliegens ist. Und da wir sehr klein beginnen, um die Lasten der Globalisierung f\u00fcr die \u00c4rmsten in dieser Welt zu mindern, haben wir uns f\u00fcr eine verniedlichte Form von <em>sano<\/em> entschieden \u2013 Sanito.<\/p>\n<h3 style=\"text-align: justify;\"><strong>Unser Leitbild<a href=\"https:\/\/sanito.org\/wp-content\/uploads\/2014\/10\/H\u00e4nde-gro\u00df-Transparent.png\"><img loading=\"lazy\" decoding=\"async\" class=\" size-full wp-image-480 alignright\" src=\"https:\/\/sanito.org\/wp-content\/uploads\/2014\/10\/H\u00e4nde-gro\u00df-Transparent.png\" alt=\"H\u00e4nde gro\u00df Transparent\" width=\"188\" height=\"261\" \/><\/a><\/strong><\/h3>\n<p style=\"text-align: justify;\">Wir wollen als ein starker und zuverl\u00e4ssiger Partner der Entwicklungszusammenarbeit mit Lateinamerika auftreten, und damit f\u00fcr das k\u00f6rperliche, geistige und soziale Wohlergehen der lokalen Bev\u00f6lkerung Sorge tragen. Wir setzen uns daf\u00fcr ein, den Menschen in Nicaragua ein gesundes Leben zu gew\u00e4hrleisten und ihnen damit jedem ihr Recht auf Gesundheit zu sichern.<\/p>\n<h3 style=\"text-align: justify;\"><strong>Unsere Ziele<\/strong><\/h3>\n<ul style=\"text-align: justify;\">\n<li>F\u00f6rderung der Gesundheitsvorsorge und damit Verbesserung der Lebensqualit\u00e4t in Nicaragua<\/li>\n<li>Bewusstseinsschaffung in Deutschland \u00fcber bestehende globale Unterschiede im Bereich der Gesundheitsvorsorge, insbesondere am Beispiel Nicaragua und Deutschland<\/li>\n<\/ul>\n<h3 style=\"text-align: justify;\"><strong>Unsere Grunds\u00e4tze<\/strong><\/h3>\n<p style=\"text-align: justify;\">Die Grunds\u00e4tze des F\u00f6rdervereins bilden das Selbstverst\u00e4ndnis, mit dem der F\u00f6rderverein Sanito arbeitet. Unsere Grunds\u00e4tze sind:<\/p>\n<h3 style=\"text-align: justify; padding-left: 30px;\"><strong>Transparenz<\/strong><\/h3>\n<p style=\"text-align: justify; padding-left: 30px;\">Darunter verstehen wir, dass alle Projekte transparent gestaltet werden und wir s\u00e4mtliche Informationen zu unseren Finanzen im Detail ver\u00f6ffentlichen. Dazu geh\u00f6ren zum Beispiel das Spendenvolumen und die Verteilung der Gelder auf die verschiedenen Projekte. Au\u00dferdem werden die Ziele &amp; Ma\u00dfnahmen der einzelnen Teilprojekte genau dargestellt und w\u00e4hrend der Durchf\u00fchrung und im Nachhinein evaluiert.<\/p>\n<h3 style=\"text-align: justify; padding-left: 30px;\"><strong>Nachhaltigkeit<\/strong><\/h3>\n<p style=\"text-align: justify; padding-left: 30px;\">Alle Abl\u00e4ufe und Projekte basieren auf den drei wesentlichen Dimensionen der Nachhaltigkeit: \u00f6kologisch, \u00f6konomisch und sozial. So soll eine langfristige L\u00f6sung f\u00fcr das zugrunde liegende Problem realisiert werden k\u00f6nnen. Dazu sind wir bestrebt, immer den m\u00f6glichst sozial und \u00f6kologisch angemessensten Weg zu w\u00e4hlen und dabei auf eine m\u00f6glichst \u00f6konomisch sinnvoll gestaltete Arbeitsweise zu achten.<\/p>\n<h3 style=\"text-align: justify; padding-left: 30px;\"><strong>Fairness <\/strong><\/h3>\n<p style=\"text-align: justify; padding-left: 30px;\">Ein faires Handeln aller Beteiligten wird als \u00fcbergreifendes Prinzip innerhalb des Vereins gelebt, sowie extern in Deutschland gegen\u00fcber Spendern und F\u00f6rderern. Gleichzeitig wird es auch im Bezug auf die Zusammenarbeit mit internationalen Partnerorganisationen angewendet.<\/p>\n<h3 style=\"text-align: justify; padding-left: 30px;\"><strong>Selbstst\u00e4ndigkeit der Partnerorganisationen<\/strong><\/h3>\n<p style=\"text-align: justify; padding-left: 30px;\">Unsere Partnerorganisationen, allen voran Fundaci\u00f3n Sanito, arbeiten selbstst\u00e4ndig mit der lokalen Bev\u00f6lkerung an der Planung und Durchf\u00fchrung ihrer Projekte. Um deren Realisierbarkeit zu gew\u00e4hrleisten, wird regelm\u00e4\u00dfig eine Person aus dem deutschen Verein vor Ort sein und die Projekte beratend unterst\u00fctzen. Das f\u00f6rdert zudem die Kommunikation und die Zusammenarbeit der Partnerorganisationen mit dem deutschen F\u00f6rderverein. Au\u00dferdem m\u00f6chten wir sicherstellen, dass nur Projekte begonnen werden, deren Ziele sich mit den vorhandenen Mitteln auch erreichen lassen.<\/p>\n<h3 style=\"text-align: justify; padding-left: 30px;\"><strong>Freiwilliges Engagement<\/strong><\/h3>\n<p style=\"text-align: justify; padding-left: 30px;\">Die Arbeit unseres Vereins lebt vom freiwilligen Engagement unserer Mitglieder und Unterst\u00fctzer. So k\u00f6nnen wir gew\u00e4hren, dass Spendengelder nicht f\u00fcr hohe Personalkosten verwendet werden, sondern vielmehr in die Projekte flie\u00dfen.<\/p>\n<p style=\"text-align: justify;\"><a href=\"https:\/\/sanito.org\/wp-content\/uploads\/2014\/10\/Satzung-vom-27.03.2015.pdf\">Satzung vom 27.03.2015<\/a><\/p>\n<p><\/p>\n<div class=\"shariff\"><ul class=\"shariff-buttons theme-default orientation-horizontal buttonsize-medium\"><li class=\"shariff-button facebook shariff-nocustomcolor\" style=\"background-color:#4273c8\"><a href=\"https:\/\/www.facebook.com\/sharer\/sharer.php?u=https%3A%2F%2Fsanito.org%2Fde%2Fsanito-alemania%2Fquienes-somos%2F\" title=\"Bei Facebook teilen\" aria-label=\"Bei Facebook teilen\" role=\"button\" rel=\"nofollow\" class=\"shariff-link\" style=\"; background-color:#3b5998; color:#fff\" target=\"_blank\"><span class=\"shariff-icon\" style=\"\"><svg width=\"32px\" height=\"20px\" xmlns=\"http:\/\/www.w3.org\/2000\/svg\" viewBox=\"0 0 18 32\"><path fill=\"#3b5998\" d=\"M17.1 0.2v4.7h-2.8q-1.5 0-2.1 0.6t-0.5 1.9v3.4h5.2l-0.7 5.3h-4.5v13.6h-5.5v-13.6h-4.5v-5.3h4.5v-3.9q0-3.3 1.9-5.2t5-1.8q2.6 0 4.1 0.2z\"\/><\/svg><\/span><span class=\"shariff-text\">teilen<\/span>&nbsp;<\/a><\/li><li class=\"shariff-button twitter shariff-nocustomcolor\" style=\"background-color:#595959\"><a href=\"https:\/\/twitter.com\/share?url=https%3A%2F%2Fsanito.org%2Fde%2Fsanito-alemania%2Fquienes-somos%2F&text=%C3%9Cber%20uns\" title=\"Bei X teilen\" aria-label=\"Bei X teilen\" role=\"button\" rel=\"noopener nofollow\" class=\"shariff-link\" style=\"; background-color:#000; color:#fff\" target=\"_blank\"><span class=\"shariff-icon\" style=\"\"><svg width=\"32px\" height=\"20px\" xmlns=\"http:\/\/www.w3.org\/2000\/svg\" viewBox=\"0 0 24 24\"><path fill=\"#000\" d=\"M14.258 10.152L23.176 0h-2.113l-7.747 8.813L7.133 0H0l9.352 13.328L0 23.973h2.113l8.176-9.309 6.531 9.309h7.133zm-2.895 3.293l-.949-1.328L2.875 1.56h3.246l6.086 8.523.945 1.328 7.91 11.078h-3.246zm0 0\"\/><\/svg><\/span><span class=\"shariff-text\">teilen<\/span>&nbsp;<\/a><\/li><li class=\"shariff-button diaspora shariff-nocustomcolor\" style=\"background-color:#b3b3b3\"><a href=\"https:\/\/share.diasporafoundation.org\/?url=https%3A%2F%2Fsanito.org%2Fde%2Fsanito-alemania%2Fquienes-somos%2F&title=%C3%9Cber%20uns\" title=\"Bei diaspora* teilen\" aria-label=\"Bei diaspora* teilen\" role=\"button\" rel=\"noopener nofollow\" class=\"shariff-link\" style=\"; background-color:#999; color:#fff\" target=\"_blank\"><span class=\"shariff-icon\" style=\"\"><svg width=\"32px\" height=\"20px\" xmlns=\"http:\/\/www.w3.org\/2000\/svg\" viewBox=\"0 0 33 32\"><path fill=\"#999\" d=\"M20.6 28.2c-0.8-1.2-2.1-2.9-2.9-4-0.8-1.1-1.4-1.9-1.4-1.9s-1.2 1.6-2.8 3.8c-1.5 2.1-2.8 3.8-2.8 3.8 0 0-5.5-3.9-5.5-3.9 0 0 1.2-1.8 2.8-4s2.8-4 2.8-4.1c0-0.1-0.5-0.2-4.4-1.5-2.4-0.8-4.4-1.5-4.4-1.5 0 0 0.2-0.8 1-3.2 0.6-1.8 1-3.2 1.1-3.3s2.1 0.6 4.6 1.5c2.5 0.8 4.6 1.5 4.6 1.5s0.1 0 0.1-0.1c0 0 0-2.2 0-4.8s0-4.7 0.1-4.7c0 0 0.7 0 3.3 0 1.8 0 3.3 0 3.4 0 0 0 0.1 1.4 0.2 4.6 0.1 5.2 0.1 5.3 0.2 5.3 0 0 2-0.7 4.5-1.5s4.4-1.5 4.4-1.5c0 0.1 2 6.5 2 6.5 0 0-2 0.7-4.5 1.5-3.4 1.1-4.5 1.5-4.5 1.6 0 0 1.2 1.8 2.6 3.9 1.5 2.1 2.6 3.9 2.6 3.9 0 0-5.4 4-5.5 4 0 0-0.7-0.9-1.5-2.1z\"\/><\/svg><\/span><span class=\"shariff-text\">teilen<\/span>&nbsp;<\/a><\/li><li class=\"shariff-button printer shariff-nocustomcolor\" style=\"background-color:#a8a8a8\"><a href=\"javascript:window.print()\" title=\"drucken\" aria-label=\"drucken\" role=\"button\" rel=\"noopener nofollow\" class=\"shariff-link\" style=\"; background-color:#999; color:#fff\"><span class=\"shariff-icon\" style=\"\"><svg width=\"32px\" height=\"20px\" xmlns=\"http:\/\/www.w3.org\/2000\/svg\" viewBox=\"0 0 30 32\"><path fill=\"#999\" d=\"M6.8 27.4h16v-4.6h-16v4.6zM6.8 16h16v-6.8h-2.8q-0.7 0-1.2-0.5t-0.5-1.2v-2.8h-11.4v11.4zM27.4 17.2q0-0.5-0.3-0.8t-0.8-0.4-0.8 0.4-0.3 0.8 0.3 0.8 0.8 0.3 0.8-0.3 0.3-0.8zM29.7 17.2v7.4q0 0.2-0.2 0.4t-0.4 0.2h-4v2.8q0 0.7-0.5 1.2t-1.2 0.5h-17.2q-0.7 0-1.2-0.5t-0.5-1.2v-2.8h-4q-0.2 0-0.4-0.2t-0.2-0.4v-7.4q0-1.4 1-2.4t2.4-1h1.2v-9.7q0-0.7 0.5-1.2t1.2-0.5h12q0.7 0 1.6 0.4t1.3 0.8l2.7 2.7q0.5 0.5 0.9 1.4t0.4 1.6v4.6h1.1q1.4 0 2.4 1t1 2.4z\"\/><\/svg><\/span><span class=\"shariff-text\">drucken<\/span>&nbsp;<\/a><\/li><li class=\"shariff-button rss shariff-nocustomcolor\" style=\"background-color:#ff8c00\"><a href=\"https:\/\/sanito.org\/de\/feed\/rss\/\" title=\"RSS-feed\" aria-label=\"RSS-feed\" role=\"button\" class=\"shariff-link\" style=\"; background-color:#fe9312; color:#fff\" target=\"_blank\"><span class=\"shariff-icon\" style=\"\"><svg width=\"32px\" height=\"20px\" xmlns=\"http:\/\/www.w3.org\/2000\/svg\" viewBox=\"0 0 32 32\"><path fill=\"#fe9312\" d=\"M4.3 23.5c-2.3 0-4.3 1.9-4.3 4.3 0 2.3 1.9 4.2 4.3 4.2 2.4 0 4.3-1.9 4.3-4.2 0-2.3-1.9-4.3-4.3-4.3zM0 10.9v6.1c4 0 7.7 1.6 10.6 4.4 2.8 2.8 4.4 6.6 4.4 10.6h6.2c0-11.7-9.5-21.1-21.1-21.1zM0 0v6.1c14.2 0 25.8 11.6 25.8 25.9h6.2c0-17.6-14.4-32-32-32z\"\/><\/svg><\/span><span class=\"shariff-text\">RSS-feed<\/span>&nbsp;<\/a><\/li><li class=\"shariff-button info shariff-nocustomcolor\" style=\"background-color:#eee\"><a href=\"http:\/\/ct.de\/-2467514\" title=\"Weitere Informationen\" aria-label=\"Weitere Informationen\" role=\"button\" rel=\"noopener \" class=\"shariff-link\" style=\"; background-color:#fff; color:#fff\" target=\"_blank\"><span class=\"shariff-icon\" style=\"\"><svg width=\"32px\" height=\"20px\" xmlns=\"http:\/\/www.w3.org\/2000\/svg\" viewBox=\"0 0 11 32\"><path fill=\"#999\" d=\"M11.4 24v2.3q0 0.5-0.3 0.8t-0.8 0.4h-9.1q-0.5 0-0.8-0.4t-0.4-0.8v-2.3q0-0.5 0.4-0.8t0.8-0.4h1.1v-6.8h-1.1q-0.5 0-0.8-0.4t-0.4-0.8v-2.3q0-0.5 0.4-0.8t0.8-0.4h6.8q0.5 0 0.8 0.4t0.4 0.8v10.3h1.1q0.5 0 0.8 0.4t0.3 0.8zM9.2 3.4v3.4q0 0.5-0.4 0.8t-0.8 0.4h-4.6q-0.4 0-0.8-0.4t-0.4-0.8v-3.4q0-0.4 0.4-0.8t0.8-0.4h4.6q0.5 0 0.8 0.4t0.4 0.8z\"\/><\/svg><\/span><\/a><\/li><\/ul><\/div>","protected":false},"excerpt":{"rendered":"<p>Wer wir sind Sanito \u2013 F\u00f6rderverein f\u00fcr gesundes Leben in Nicaragua e. V. ist ein deutscher gemeinn\u00fctziger Verein mit Sitz in Frohburg, Sachsen. Der Verein hat sich der F\u00f6rderung der Gesundheit auf der Insel Ometepe in Nicaragua, verschrieben. Wir setzen uns f\u00fcr eine nachhaltige regionale Lebensmittelversorgung, f\u00fcr eine \u00f6kologische Landwirtschaft und f\u00fcr eine umfassende Gesundheitsvorsorge<\/p>\n","protected":false},"author":1,"featured_media":0,"parent":7,"menu_order":0,"comment_status":"closed","ping_status":"open","template":"","meta":{"footnotes":""},"class_list":["post-42","page","type-page","status-publish","hentry"],"yoast_head":"<!-- This site is optimized with the Yoast SEO plugin v26.5 - https:\/\/yoast.com\/wordpress\/plugins\/seo\/ -->\n<title>\u00dcber uns - Sanito<\/title>\n<meta name=\"robots\" content=\"index, follow, max-snippet:-1, max-image-preview:large, max-video-preview:-1\" \/>\n<link rel=\"canonical\" href=\"https:\/\/sanito.org\/sanito-alemania\/quienes-somos\/\" \/>\n<meta property=\"og:locale\" content=\"de_DE\" \/>\n<meta property=\"og:type\" content=\"article\" \/>\n<meta property=\"og:title\" content=\"[:es]\u00bfQui\u00e9nes somos?[:de]\u00dcber uns[:en]About us[:] - Sanito\" \/>\n<meta property=\"og:description\" content=\"Wer wir sind Sanito \u2013 F\u00f6rderverein f\u00fcr gesundes Leben in Nicaragua e. V. ist ein deutscher gemeinn\u00fctziger Verein mit Sitz in Frohburg, Sachsen. Der Verein hat sich der F\u00f6rderung der Gesundheit auf der Insel Ometepe in Nicaragua, verschrieben. Wir setzen uns f\u00fcr eine nachhaltige regionale Lebensmittelversorgung, f\u00fcr eine \u00f6kologische Landwirtschaft und f\u00fcr eine umfassende Gesundheitsvorsorge\" \/>\n<meta property=\"og:url\" content=\"https:\/\/sanito.org\/sanito-alemania\/quienes-somos\/\" \/>\n<meta property=\"og:site_name\" content=\"Sanito\" \/>\n<meta property=\"article:publisher\" content=\"https:\/\/www.facebook.com\/sanito.org\" \/>\n<meta property=\"article:modified_time\" content=\"2018-07-30T18:22:25+00:00\" \/>\n<meta name=\"twitter:label1\" content=\"Gesch\u00e4tzte Lesezeit\" \/>\n\t<meta name=\"twitter:data1\" content=\"9\u00a0Minuten\" \/>\n<script type=\"application\/ld+json\" class=\"yoast-schema-graph\">{\"@context\":\"https:\/\/schema.org\",\"@graph\":[{\"@type\":\"WebPage\",\"@id\":\"https:\/\/sanito.org\/sanito-alemania\/quienes-somos\/\",\"url\":\"https:\/\/sanito.org\/sanito-alemania\/quienes-somos\/\",\"name\":\"[:es]\u00bfQui\u00e9nes somos?[:de]\u00dcber uns[:en]About us[:] - Sanito\",\"isPartOf\":{\"@id\":\"https:\/\/sanito.org\/de\/#website\"},\"datePublished\":\"2014-10-23T19:24:30+00:00\",\"dateModified\":\"2018-07-30T18:22:25+00:00\",\"breadcrumb\":{\"@id\":\"https:\/\/sanito.org\/sanito-alemania\/quienes-somos\/#breadcrumb\"},\"inLanguage\":\"de\",\"potentialAction\":[{\"@type\":\"ReadAction\",\"target\":[\"https:\/\/sanito.org\/sanito-alemania\/quienes-somos\/\"]}]},{\"@type\":\"BreadcrumbList\",\"@id\":\"https:\/\/sanito.org\/sanito-alemania\/quienes-somos\/#breadcrumb\",\"itemListElement\":[{\"@type\":\"ListItem\",\"position\":1,\"name\":\"Home\",\"item\":\"https:\/\/sanito.org\/de\/\"},{\"@type\":\"ListItem\",\"position\":2,\"name\":\"Sanito\",\"item\":\"https:\/\/sanito.org\/sanito-alemania\/\"},{\"@type\":\"ListItem\",\"position\":3,\"name\":\"\u00dcber uns\"}]},{\"@type\":\"WebSite\",\"@id\":\"https:\/\/sanito.org\/de\/#website\",\"url\":\"https:\/\/sanito.org\/de\/\",\"name\":\"Sanito\",\"description\":\"\",\"potentialAction\":[{\"@type\":\"SearchAction\",\"target\":{\"@type\":\"EntryPoint\",\"urlTemplate\":\"https:\/\/sanito.org\/de\/?s={search_term_string}\"},\"query-input\":{\"@type\":\"PropertyValueSpecification\",\"valueRequired\":true,\"valueName\":\"search_term_string\"}}],\"inLanguage\":\"de\"}]}<\/script>\n<!-- \/ Yoast SEO plugin. -->","yoast_head_json":{"title":"[:es]\u00bfQui\u00e9nes somos?[:de]\u00dcber uns[:en]About us[:] - Sanito","robots":{"index":"index","follow":"follow","max-snippet":"max-snippet:-1","max-image-preview":"max-image-preview:large","max-video-preview":"max-video-preview:-1"},"canonical":"https:\/\/sanito.org\/sanito-alemania\/quienes-somos\/","og_locale":"de_DE","og_type":"article","og_title":"[:es]\u00bfQui\u00e9nes somos?[:de]\u00dcber uns[:en]About us[:] - Sanito","og_description":"Wer wir sind Sanito \u2013 F\u00f6rderverein f\u00fcr gesundes Leben in Nicaragua e. V. ist ein deutscher gemeinn\u00fctziger Verein mit Sitz in Frohburg, Sachsen. Der Verein hat sich der F\u00f6rderung der Gesundheit auf der Insel Ometepe in Nicaragua, verschrieben. Wir setzen uns f\u00fcr eine nachhaltige regionale Lebensmittelversorgung, f\u00fcr eine \u00f6kologische Landwirtschaft und f\u00fcr eine umfassende Gesundheitsvorsorge","og_url":"https:\/\/sanito.org\/sanito-alemania\/quienes-somos\/","og_site_name":"Sanito","article_publisher":"https:\/\/www.facebook.com\/sanito.org","article_modified_time":"2018-07-30T18:22:25+00:00","twitter_misc":{"Gesch\u00e4tzte Lesezeit":"9\u00a0Minuten"},"schema":{"@context":"https:\/\/schema.org","@graph":[{"@type":"WebPage","@id":"https:\/\/sanito.org\/sanito-alemania\/quienes-somos\/","url":"https:\/\/sanito.org\/sanito-alemania\/quienes-somos\/","name":"[:es]\u00bfQui\u00e9nes somos?[:de]\u00dcber uns[:en]About us[:] - Sanito","isPartOf":{"@id":"https:\/\/sanito.org\/de\/#website"},"datePublished":"2014-10-23T19:24:30+00:00","dateModified":"2018-07-30T18:22:25+00:00","breadcrumb":{"@id":"https:\/\/sanito.org\/sanito-alemania\/quienes-somos\/#breadcrumb"},"inLanguage":"de","potentialAction":[{"@type":"ReadAction","target":["https:\/\/sanito.org\/sanito-alemania\/quienes-somos\/"]}]},{"@type":"BreadcrumbList","@id":"https:\/\/sanito.org\/sanito-alemania\/quienes-somos\/#breadcrumb","itemListElement":[{"@type":"ListItem","position":1,"name":"Home","item":"https:\/\/sanito.org\/de\/"},{"@type":"ListItem","position":2,"name":"Sanito","item":"https:\/\/sanito.org\/sanito-alemania\/"},{"@type":"ListItem","position":3,"name":"\u00dcber uns"}]},{"@type":"WebSite","@id":"https:\/\/sanito.org\/de\/#website","url":"https:\/\/sanito.org\/de\/","name":"Sanito","description":"","potentialAction":[{"@type":"SearchAction","target":{"@type":"EntryPoint","urlTemplate":"https:\/\/sanito.org\/de\/?s={search_term_string}"},"query-input":{"@type":"PropertyValueSpecification","valueRequired":true,"valueName":"search_term_string"}}],"inLanguage":"de"}]}},"_links":{"self":[{"href":"https:\/\/sanito.org\/de\/wp-json\/wp\/v2\/pages\/42","targetHints":{"allow":["GET"]}}],"collection":[{"href":"https:\/\/sanito.org\/de\/wp-json\/wp\/v2\/pages"}],"about":[{"href":"https:\/\/sanito.org\/de\/wp-json\/wp\/v2\/types\/page"}],"author":[{"embeddable":true,"href":"https:\/\/sanito.org\/de\/wp-json\/wp\/v2\/users\/1"}],"replies":[{"embeddable":true,"href":"https:\/\/sanito.org\/de\/wp-json\/wp\/v2\/comments?post=42"}],"version-history":[{"count":26,"href":"https:\/\/sanito.org\/de\/wp-json\/wp\/v2\/pages\/42\/revisions"}],"predecessor-version":[{"id":1391,"href":"https:\/\/sanito.org\/de\/wp-json\/wp\/v2\/pages\/42\/revisions\/1391"}],"up":[{"embeddable":true,"href":"https:\/\/sanito.org\/de\/wp-json\/wp\/v2\/pages\/7"}],"wp:attachment":[{"href":"https:\/\/sanito.org\/de\/wp-json\/wp\/v2\/media?parent=42"}],"curies":[{"name":"wp","href":"https:\/\/api.w.org\/{rel}","templated":true}]}}