{"id":66,"date":"2014-10-23T21:33:15","date_gmt":"2014-10-23T19:33:15","guid":{"rendered":"http:\/\/sanito.org\/?page_id=66"},"modified":"2023-11-14T22:02:41","modified_gmt":"2023-11-14T21:02:41","slug":"riesgos-ecologicos","status":"publish","type":"page","link":"https:\/\/sanito.org\/de\/proyectos\/riesgos-ecologicos\/","title":{"rendered":"Reduzierung von Umweltrisiken"},"content":{"rendered":"<p><\/p>\n<p style=\"text-align: justify;\">Dieser Projektbereich widmet sich den Umweltrisiken, die nicht nur sch\u00e4dlich f\u00fcr die Natur sind, sondern auch die Gesundheit der Bev\u00f6lkerung gef\u00e4hrden. Solche Risiken k\u00f6nnen durch verschiedene Faktoren ausgel\u00f6st werden: Abfall, Giftstoffe, Luftverschmutzung, L\u00e4rm sowie der Verschmutzung von Boden und Gew\u00e4sser. Aber auch externe Faktoren, wie ein Sturm oder Hochwasser, k\u00f6nnen ein Risiko darstellen und Gesundheitssch\u00e4den verursachen.<\/p>\n<p style=\"text-align: justify;\">Ometepe und die Einwohner der Insel sind verschiedenen Umweltrisiken ausgesetzt. Zum einen ist das Gebiet w\u00e4hrend der Regenzeit durch \u00dcberschwemmungen und Erdrutsche gef\u00e4hrdet. Darauf wirken sich auch menschliche Einfl\u00fcsse negativ aus, wie zum Beispiel die zunehmende Abholzung von W\u00e4ldern zur Gewinnung von landwirtschaftlicher Nutzfl\u00e4che. Zum anderen verursachen das fehlendes Abfallwirtschaftssystem sowie das nicht vorhandene Abwassersystem gesundheitliche Risiken. M\u00fcll wird oft im Garten oder sogar w\u00e4hrend des Kochens \u00fcber offenem Feuer verbrannt. Abwasser flie\u00dft unbehandelt in den Garten.<\/p>\n<p>&nbsp;<\/p>\n<h3 style=\"text-align: justify;\"><strong>Die folgenden Herausforderungen m\u00f6chten wir angehen:<\/strong><\/h3>\n<ul style=\"text-align: justify;\">\n<li>Eliminierung der umweltspezifischen Gesundheitsrisiken im h\u00e4uslichen Bereich<\/li>\n<li>Hilfe nach Naturkatastrophen<\/li>\n<\/ul>\n<p style=\"text-align: justify;\"><strong>\u00a0<\/strong><\/p>\n<h3 style=\"text-align: justify;\"><strong>Was wir daf\u00fcr tun<\/strong><\/h3>\n<p style=\"text-align: justify;\">Aktuell arbeiten wir an folgenden Projekten:<\/p>\n<ul>\n<li><a href=\"https:\/\/sanito.org\/rauchfreie-kochstellen-fuer-die-menschen-aus-der-region-boaco-nicaragua\/\">Rauchfreie Kochstellen f\u00fcr Menschen aus der Region Boaco<\/a><\/li>\n<li><a href=\"https:\/\/sanito.org\/de\/umweltschutz-projekt-amigos-de-ometepe\/\">Kooperation mit dem Projekt &#8218;Amigos de Ometepe&#8216; &#8211; eine Umweltschutz-Initiative auf dem Vulkan Maderas<\/a><\/li>\n<\/ul>\n<p><\/p>\n<div class=\"shariff\"><ul class=\"shariff-buttons theme-default orientation-horizontal buttonsize-medium\"><li class=\"shariff-button facebook shariff-nocustomcolor\" style=\"background-color:#4273c8\"><a href=\"https:\/\/www.facebook.com\/sharer\/sharer.php?u=https%3A%2F%2Fsanito.org%2Fde%2Fproyectos%2Friesgos-ecologicos%2F\" title=\"Bei Facebook teilen\" aria-label=\"Bei Facebook teilen\" role=\"button\" rel=\"nofollow\" class=\"shariff-link\" style=\"; background-color:#3b5998; color:#fff\" target=\"_blank\"><span class=\"shariff-icon\" style=\"\"><svg width=\"32px\" height=\"20px\" xmlns=\"http:\/\/www.w3.org\/2000\/svg\" viewBox=\"0 0 18 32\"><path fill=\"#3b5998\" d=\"M17.1 0.2v4.7h-2.8q-1.5 0-2.1 0.6t-0.5 1.9v3.4h5.2l-0.7 5.3h-4.5v13.6h-5.5v-13.6h-4.5v-5.3h4.5v-3.9q0-3.3 1.9-5.2t5-1.8q2.6 0 4.1 0.2z\"\/><\/svg><\/span><span class=\"shariff-text\">teilen<\/span>&nbsp;<\/a><\/li><li class=\"shariff-button twitter shariff-nocustomcolor\" style=\"background-color:#595959\"><a href=\"https:\/\/twitter.com\/share?url=https%3A%2F%2Fsanito.org%2Fde%2Fproyectos%2Friesgos-ecologicos%2F&text=Reduzierung%20von%20Umweltrisiken\" title=\"Bei X teilen\" aria-label=\"Bei X teilen\" role=\"button\" rel=\"noopener nofollow\" class=\"shariff-link\" style=\"; background-color:#000; color:#fff\" target=\"_blank\"><span class=\"shariff-icon\" style=\"\"><svg width=\"32px\" height=\"20px\" xmlns=\"http:\/\/www.w3.org\/2000\/svg\" viewBox=\"0 0 24 24\"><path fill=\"#000\" d=\"M14.258 10.152L23.176 0h-2.113l-7.747 8.813L7.133 0H0l9.352 13.328L0 23.973h2.113l8.176-9.309 6.531 9.309h7.133zm-2.895 3.293l-.949-1.328L2.875 1.56h3.246l6.086 8.523.945 1.328 7.91 11.078h-3.246zm0 0\"\/><\/svg><\/span><span class=\"shariff-text\">teilen<\/span>&nbsp;<\/a><\/li><li class=\"shariff-button diaspora shariff-nocustomcolor\" style=\"background-color:#b3b3b3\"><a href=\"https:\/\/share.diasporafoundation.org\/?url=https%3A%2F%2Fsanito.org%2Fde%2Fproyectos%2Friesgos-ecologicos%2F&title=Reduzierung%20von%20Umweltrisiken\" title=\"Bei diaspora* teilen\" aria-label=\"Bei diaspora* teilen\" role=\"button\" rel=\"noopener nofollow\" class=\"shariff-link\" style=\"; background-color:#999; color:#fff\" target=\"_blank\"><span class=\"shariff-icon\" style=\"\"><svg width=\"32px\" height=\"20px\" xmlns=\"http:\/\/www.w3.org\/2000\/svg\" viewBox=\"0 0 33 32\"><path fill=\"#999\" d=\"M20.6 28.2c-0.8-1.2-2.1-2.9-2.9-4-0.8-1.1-1.4-1.9-1.4-1.9s-1.2 1.6-2.8 3.8c-1.5 2.1-2.8 3.8-2.8 3.8 0 0-5.5-3.9-5.5-3.9 0 0 1.2-1.8 2.8-4s2.8-4 2.8-4.1c0-0.1-0.5-0.2-4.4-1.5-2.4-0.8-4.4-1.5-4.4-1.5 0 0 0.2-0.8 1-3.2 0.6-1.8 1-3.2 1.1-3.3s2.1 0.6 4.6 1.5c2.5 0.8 4.6 1.5 4.6 1.5s0.1 0 0.1-0.1c0 0 0-2.2 0-4.8s0-4.7 0.1-4.7c0 0 0.7 0 3.3 0 1.8 0 3.3 0 3.4 0 0 0 0.1 1.4 0.2 4.6 0.1 5.2 0.1 5.3 0.2 5.3 0 0 2-0.7 4.5-1.5s4.4-1.5 4.4-1.5c0 0.1 2 6.5 2 6.5 0 0-2 0.7-4.5 1.5-3.4 1.1-4.5 1.5-4.5 1.6 0 0 1.2 1.8 2.6 3.9 1.5 2.1 2.6 3.9 2.6 3.9 0 0-5.4 4-5.5 4 0 0-0.7-0.9-1.5-2.1z\"\/><\/svg><\/span><span class=\"shariff-text\">teilen<\/span>&nbsp;<\/a><\/li><li class=\"shariff-button printer shariff-nocustomcolor\" style=\"background-color:#a8a8a8\"><a href=\"javascript:window.print()\" title=\"drucken\" aria-label=\"drucken\" role=\"button\" rel=\"noopener nofollow\" class=\"shariff-link\" style=\"; background-color:#999; color:#fff\"><span class=\"shariff-icon\" style=\"\"><svg width=\"32px\" height=\"20px\" xmlns=\"http:\/\/www.w3.org\/2000\/svg\" viewBox=\"0 0 30 32\"><path fill=\"#999\" d=\"M6.8 27.4h16v-4.6h-16v4.6zM6.8 16h16v-6.8h-2.8q-0.7 0-1.2-0.5t-0.5-1.2v-2.8h-11.4v11.4zM27.4 17.2q0-0.5-0.3-0.8t-0.8-0.4-0.8 0.4-0.3 0.8 0.3 0.8 0.8 0.3 0.8-0.3 0.3-0.8zM29.7 17.2v7.4q0 0.2-0.2 0.4t-0.4 0.2h-4v2.8q0 0.7-0.5 1.2t-1.2 0.5h-17.2q-0.7 0-1.2-0.5t-0.5-1.2v-2.8h-4q-0.2 0-0.4-0.2t-0.2-0.4v-7.4q0-1.4 1-2.4t2.4-1h1.2v-9.7q0-0.7 0.5-1.2t1.2-0.5h12q0.7 0 1.6 0.4t1.3 0.8l2.7 2.7q0.5 0.5 0.9 1.4t0.4 1.6v4.6h1.1q1.4 0 2.4 1t1 2.4z\"\/><\/svg><\/span><span class=\"shariff-text\">drucken<\/span>&nbsp;<\/a><\/li><li class=\"shariff-button rss shariff-nocustomcolor\" style=\"background-color:#ff8c00\"><a href=\"https:\/\/sanito.org\/de\/feed\/rss\/\" title=\"RSS-feed\" aria-label=\"RSS-feed\" role=\"button\" class=\"shariff-link\" style=\"; background-color:#fe9312; color:#fff\" target=\"_blank\"><span class=\"shariff-icon\" style=\"\"><svg width=\"32px\" height=\"20px\" xmlns=\"http:\/\/www.w3.org\/2000\/svg\" viewBox=\"0 0 32 32\"><path fill=\"#fe9312\" d=\"M4.3 23.5c-2.3 0-4.3 1.9-4.3 4.3 0 2.3 1.9 4.2 4.3 4.2 2.4 0 4.3-1.9 4.3-4.2 0-2.3-1.9-4.3-4.3-4.3zM0 10.9v6.1c4 0 7.7 1.6 10.6 4.4 2.8 2.8 4.4 6.6 4.4 10.6h6.2c0-11.7-9.5-21.1-21.1-21.1zM0 0v6.1c14.2 0 25.8 11.6 25.8 25.9h6.2c0-17.6-14.4-32-32-32z\"\/><\/svg><\/span><span class=\"shariff-text\">RSS-feed<\/span>&nbsp;<\/a><\/li><li class=\"shariff-button info shariff-nocustomcolor\" style=\"background-color:#eee\"><a href=\"http:\/\/ct.de\/-2467514\" title=\"Weitere Informationen\" aria-label=\"Weitere Informationen\" role=\"button\" rel=\"noopener \" class=\"shariff-link\" style=\"; background-color:#fff; color:#fff\" target=\"_blank\"><span class=\"shariff-icon\" style=\"\"><svg width=\"32px\" height=\"20px\" xmlns=\"http:\/\/www.w3.org\/2000\/svg\" viewBox=\"0 0 11 32\"><path fill=\"#999\" d=\"M11.4 24v2.3q0 0.5-0.3 0.8t-0.8 0.4h-9.1q-0.5 0-0.8-0.4t-0.4-0.8v-2.3q0-0.5 0.4-0.8t0.8-0.4h1.1v-6.8h-1.1q-0.5 0-0.8-0.4t-0.4-0.8v-2.3q0-0.5 0.4-0.8t0.8-0.4h6.8q0.5 0 0.8 0.4t0.4 0.8v10.3h1.1q0.5 0 0.8 0.4t0.3 0.8zM9.2 3.4v3.4q0 0.5-0.4 0.8t-0.8 0.4h-4.6q-0.4 0-0.8-0.4t-0.4-0.8v-3.4q0-0.4 0.4-0.8t0.8-0.4h4.6q0.5 0 0.8 0.4t0.4 0.8z\"\/><\/svg><\/span><\/a><\/li><\/ul><\/div>","protected":false},"excerpt":{"rendered":"<p>Dieser Projektbereich widmet sich den Umweltrisiken, die nicht nur sch\u00e4dlich f\u00fcr die Natur sind, sondern auch die Gesundheit der Bev\u00f6lkerung gef\u00e4hrden. Solche Risiken k\u00f6nnen durch verschiedene Faktoren ausgel\u00f6st werden: Abfall, Giftstoffe, Luftverschmutzung, L\u00e4rm sowie der Verschmutzung von Boden und Gew\u00e4sser. Aber auch externe Faktoren, wie ein Sturm oder Hochwasser, k\u00f6nnen ein Risiko darstellen und Gesundheitssch\u00e4den<\/p>\n","protected":false},"author":1,"featured_media":0,"parent":58,"menu_order":3,"comment_status":"closed","ping_status":"open","template":"","meta":{"footnotes":""},"class_list":["post-66","page","type-page","status-publish","hentry"],"yoast_head":"<!-- This site is optimized with the Yoast SEO plugin v26.5 - https:\/\/yoast.com\/wordpress\/plugins\/seo\/ -->\n<title>Reduzierung von Umweltrisiken - Sanito<\/title>\n<meta name=\"robots\" content=\"index, follow, max-snippet:-1, max-image-preview:large, max-video-preview:-1\" \/>\n<link rel=\"canonical\" href=\"https:\/\/sanito.org\/proyectos\/riesgos-ecologicos\/\" \/>\n<meta property=\"og:locale\" content=\"de_DE\" \/>\n<meta property=\"og:type\" content=\"article\" \/>\n<meta property=\"og:title\" content=\"[:es]Riesgos ecol\u00f3gicos[:de]Reduzierung von Umweltrisiken[:en]Reduction of ecological risks[:] - Sanito\" \/>\n<meta property=\"og:description\" content=\"Dieser Projektbereich widmet sich den Umweltrisiken, die nicht nur sch\u00e4dlich f\u00fcr die Natur sind, sondern auch die Gesundheit der Bev\u00f6lkerung gef\u00e4hrden. Solche Risiken k\u00f6nnen durch verschiedene Faktoren ausgel\u00f6st werden: Abfall, Giftstoffe, Luftverschmutzung, L\u00e4rm sowie der Verschmutzung von Boden und Gew\u00e4sser. Aber auch externe Faktoren, wie ein Sturm oder Hochwasser, k\u00f6nnen ein Risiko darstellen und Gesundheitssch\u00e4den\" \/>\n<meta property=\"og:url\" content=\"https:\/\/sanito.org\/proyectos\/riesgos-ecologicos\/\" \/>\n<meta property=\"og:site_name\" content=\"Sanito\" \/>\n<meta property=\"article:publisher\" content=\"https:\/\/www.facebook.com\/sanito.org\" \/>\n<meta property=\"article:modified_time\" content=\"2023-11-14T21:02:41+00:00\" \/>\n<meta name=\"twitter:label1\" content=\"Gesch\u00e4tzte Lesezeit\" \/>\n\t<meta name=\"twitter:data1\" content=\"2\u00a0Minuten\" \/>\n<script type=\"application\/ld+json\" class=\"yoast-schema-graph\">{\"@context\":\"https:\/\/schema.org\",\"@graph\":[{\"@type\":\"WebPage\",\"@id\":\"https:\/\/sanito.org\/proyectos\/riesgos-ecologicos\/\",\"url\":\"https:\/\/sanito.org\/proyectos\/riesgos-ecologicos\/\",\"name\":\"[:es]Riesgos ecol\u00f3gicos[:de]Reduzierung von Umweltrisiken[:en]Reduction of ecological risks[:] - Sanito\",\"isPartOf\":{\"@id\":\"https:\/\/sanito.org\/de\/#website\"},\"datePublished\":\"2014-10-23T19:33:15+00:00\",\"dateModified\":\"2023-11-14T21:02:41+00:00\",\"breadcrumb\":{\"@id\":\"https:\/\/sanito.org\/proyectos\/riesgos-ecologicos\/#breadcrumb\"},\"inLanguage\":\"de\",\"potentialAction\":[{\"@type\":\"ReadAction\",\"target\":[\"https:\/\/sanito.org\/proyectos\/riesgos-ecologicos\/\"]}]},{\"@type\":\"BreadcrumbList\",\"@id\":\"https:\/\/sanito.org\/proyectos\/riesgos-ecologicos\/#breadcrumb\",\"itemListElement\":[{\"@type\":\"ListItem\",\"position\":1,\"name\":\"Home\",\"item\":\"https:\/\/sanito.org\/de\/\"},{\"@type\":\"ListItem\",\"position\":2,\"name\":\"Projekte\",\"item\":\"https:\/\/sanito.org\/proyectos\/\"},{\"@type\":\"ListItem\",\"position\":3,\"name\":\"Reduzierung von Umweltrisiken\"}]},{\"@type\":\"WebSite\",\"@id\":\"https:\/\/sanito.org\/de\/#website\",\"url\":\"https:\/\/sanito.org\/de\/\",\"name\":\"Sanito\",\"description\":\"\",\"potentialAction\":[{\"@type\":\"SearchAction\",\"target\":{\"@type\":\"EntryPoint\",\"urlTemplate\":\"https:\/\/sanito.org\/de\/?s={search_term_string}\"},\"query-input\":{\"@type\":\"PropertyValueSpecification\",\"valueRequired\":true,\"valueName\":\"search_term_string\"}}],\"inLanguage\":\"de\"}]}<\/script>\n<!-- \/ Yoast SEO plugin. -->","yoast_head_json":{"title":"[:es]Riesgos ecol\u00f3gicos[:de]Reduzierung von Umweltrisiken[:en]Reduction of ecological risks[:] - Sanito","robots":{"index":"index","follow":"follow","max-snippet":"max-snippet:-1","max-image-preview":"max-image-preview:large","max-video-preview":"max-video-preview:-1"},"canonical":"https:\/\/sanito.org\/proyectos\/riesgos-ecologicos\/","og_locale":"de_DE","og_type":"article","og_title":"[:es]Riesgos ecol\u00f3gicos[:de]Reduzierung von Umweltrisiken[:en]Reduction of ecological risks[:] - Sanito","og_description":"Dieser Projektbereich widmet sich den Umweltrisiken, die nicht nur sch\u00e4dlich f\u00fcr die Natur sind, sondern auch die Gesundheit der Bev\u00f6lkerung gef\u00e4hrden. Solche Risiken k\u00f6nnen durch verschiedene Faktoren ausgel\u00f6st werden: Abfall, Giftstoffe, Luftverschmutzung, L\u00e4rm sowie der Verschmutzung von Boden und Gew\u00e4sser. Aber auch externe Faktoren, wie ein Sturm oder Hochwasser, k\u00f6nnen ein Risiko darstellen und Gesundheitssch\u00e4den","og_url":"https:\/\/sanito.org\/proyectos\/riesgos-ecologicos\/","og_site_name":"Sanito","article_publisher":"https:\/\/www.facebook.com\/sanito.org","article_modified_time":"2023-11-14T21:02:41+00:00","twitter_misc":{"Gesch\u00e4tzte Lesezeit":"2\u00a0Minuten"},"schema":{"@context":"https:\/\/schema.org","@graph":[{"@type":"WebPage","@id":"https:\/\/sanito.org\/proyectos\/riesgos-ecologicos\/","url":"https:\/\/sanito.org\/proyectos\/riesgos-ecologicos\/","name":"[:es]Riesgos ecol\u00f3gicos[:de]Reduzierung von Umweltrisiken[:en]Reduction of ecological risks[:] - Sanito","isPartOf":{"@id":"https:\/\/sanito.org\/de\/#website"},"datePublished":"2014-10-23T19:33:15+00:00","dateModified":"2023-11-14T21:02:41+00:00","breadcrumb":{"@id":"https:\/\/sanito.org\/proyectos\/riesgos-ecologicos\/#breadcrumb"},"inLanguage":"de","potentialAction":[{"@type":"ReadAction","target":["https:\/\/sanito.org\/proyectos\/riesgos-ecologicos\/"]}]},{"@type":"BreadcrumbList","@id":"https:\/\/sanito.org\/proyectos\/riesgos-ecologicos\/#breadcrumb","itemListElement":[{"@type":"ListItem","position":1,"name":"Home","item":"https:\/\/sanito.org\/de\/"},{"@type":"ListItem","position":2,"name":"Projekte","item":"https:\/\/sanito.org\/proyectos\/"},{"@type":"ListItem","position":3,"name":"Reduzierung von Umweltrisiken"}]},{"@type":"WebSite","@id":"https:\/\/sanito.org\/de\/#website","url":"https:\/\/sanito.org\/de\/","name":"Sanito","description":"","potentialAction":[{"@type":"SearchAction","target":{"@type":"EntryPoint","urlTemplate":"https:\/\/sanito.org\/de\/?s={search_term_string}"},"query-input":{"@type":"PropertyValueSpecification","valueRequired":true,"valueName":"search_term_string"}}],"inLanguage":"de"}]}},"_links":{"self":[{"href":"https:\/\/sanito.org\/de\/wp-json\/wp\/v2\/pages\/66","targetHints":{"allow":["GET"]}}],"collection":[{"href":"https:\/\/sanito.org\/de\/wp-json\/wp\/v2\/pages"}],"about":[{"href":"https:\/\/sanito.org\/de\/wp-json\/wp\/v2\/types\/page"}],"author":[{"embeddable":true,"href":"https:\/\/sanito.org\/de\/wp-json\/wp\/v2\/users\/1"}],"replies":[{"embeddable":true,"href":"https:\/\/sanito.org\/de\/wp-json\/wp\/v2\/comments?post=66"}],"version-history":[{"count":21,"href":"https:\/\/sanito.org\/de\/wp-json\/wp\/v2\/pages\/66\/revisions"}],"predecessor-version":[{"id":1479,"href":"https:\/\/sanito.org\/de\/wp-json\/wp\/v2\/pages\/66\/revisions\/1479"}],"up":[{"embeddable":true,"href":"https:\/\/sanito.org\/de\/wp-json\/wp\/v2\/pages\/58"}],"wp:attachment":[{"href":"https:\/\/sanito.org\/de\/wp-json\/wp\/v2\/media?parent=66"}],"curies":[{"name":"wp","href":"https:\/\/api.w.org\/{rel}","templated":true}]}}