{"id":7,"date":"2014-10-22T18:09:40","date_gmt":"2014-10-22T16:09:40","guid":{"rendered":"http:\/\/sanito.org\/?page_id=7"},"modified":"2022-11-19T18:08:48","modified_gmt":"2022-11-19T17:08:48","slug":"sanito-alemania","status":"publish","type":"page","link":"https:\/\/sanito.org\/de\/sanito-alemania\/","title":{"rendered":"Sanito"},"content":{"rendered":"<p><\/p>\n<p style=\"text-align: justify;\">Sanito (abgeleitet vom spanischen Wort f\u00fcr gesund \u2013 sano) steht f\u00fcr die gemeinsame ehrenamtliche Initiative von Menschen aus Deutschland, Nicaragua und anderen L\u00e4ndern dieser Welt, um die Gesundheitsvorsorge in Nicaragua an zu verbessern. So m\u00f6chten wir zusammen den \u00c4rmsten in Nicaragua zu einem ges\u00fcnderen Leben verhelfen.<\/p>\n<p style=\"text-align: justify;\"><a href=\"https:\/\/sanito.org\/wp-content\/uploads\/2015\/03\/Flaggen1.jpg\"><img loading=\"lazy\" decoding=\"async\" class=\" wp-image-342 size-medium alignleft\" src=\"https:\/\/sanito.org\/wp-content\/uploads\/2015\/03\/Flaggen1-300x184.jpg\" alt=\"Flaggen1\" width=\"300\" height=\"184\" srcset=\"https:\/\/sanito.org\/wp-content\/uploads\/2015\/03\/Flaggen1-300x184.jpg 300w, https:\/\/sanito.org\/wp-content\/uploads\/2015\/03\/Flaggen1-340x210.jpg 340w, https:\/\/sanito.org\/wp-content\/uploads\/2015\/03\/Flaggen1.jpg 570w\" sizes=\"auto, (max-width: 300px) 100vw, 300px\" \/><\/a>Aktuell besteht Sanito aus zwei Vereinen: Der &#8222;Asociaci\u00f3n Sanito Nicaragua&#8220; und dem deutschen Verein \u2019Sanito \u2013 F\u00f6rderverein f\u00fcr gesundes Leben in Nicaragua e. V.\u2018 Die <a title=\"Projekte\" href=\"https:\/\/sanito.org\/de\/sanito-nicaragua\/proyectos\/\">lokalen Projekte in Nicaragua<\/a> werden selbstbestimmt vom Verein vor Ort geplant und umgesetzt. Der deutsche F\u00f6rderverein unterst\u00fctzt diese T\u00e4tigkeiten durch die \u00dcbernahme von Fundraisingaktivit\u00e4ten, der Vermittlung von geeigneten Freiwilligen sowie durch fachliche Beratungen. Au\u00dferdem leisten wir entsprechende Aufkl\u00e4rungsarbeit in Deutschland, um auf die bestehende Problematik aufmerksam zu machen.<\/p>\n<p style=\"text-align: justify;\">Wir laden Dich dazu ein, Dich auf dieser Webseite mit unserer Arbeit\u00a0in Deutschland und Nicaragua vertraut zu machen. Unsere Arbeit st\u00fctzt sich auf Mitglieder und F\u00f6rderer, ohne die die gemeinn\u00fctzigen Vereine ihre Vorhaben nicht umsetzen k\u00f6nnten. Wenn Dich unsere Aktivit\u00e4ten \u00fcberzeugen, w\u00fcrden wir uns \u00fcber <a title=\"Unterst\u00fctze uns\" href=\"https:\/\/sanito.org\/de\/apoyarnos\/\">Deine Unterst\u00fctzung<\/a> sehr freuen!<\/p>\n<h3 style=\"text-align: justify;\"><strong>\u00dcber Sanito \u2013 F\u00f6rderverein f\u00fcr gesundes Leben in Nicaragua<\/strong><\/h3>\n<ul>\n<li><a title=\"\u00bfQui\u00e9nes somos?\" href=\"https:\/\/sanito.org\/de\/sanito-alemania\/quienes-somos\/\">\u00dcber uns<\/a><\/li>\n<li><a title=\"Equipo de trabajo\" href=\"https:\/\/sanito.org\/de\/sanito-alemania\/equipo-de-trabajo\/\">Team <\/a><\/li>\n<li><a title=\"Compromiso Social\" href=\"https:\/\/sanito.org\/de\/sanito-alemania\/compromiso-social\/\">Unser Engagement<\/a><\/li>\n<li><a href=\"https:\/\/sanito.org\/wp-content\/uploads\/2015\/03\/Flaggen1.jpg\">Kontakt<\/a><\/li>\n<\/ul>\n<p style=\"text-align: justify;\">\n<p><\/p>\n<div class=\"shariff\"><ul class=\"shariff-buttons theme-default orientation-horizontal buttonsize-medium\"><li class=\"shariff-button facebook shariff-nocustomcolor\" style=\"background-color:#4273c8\"><a href=\"https:\/\/www.facebook.com\/sharer\/sharer.php?u=https%3A%2F%2Fsanito.org%2Fde%2Fsanito-alemania%2F\" title=\"Bei Facebook teilen\" aria-label=\"Bei Facebook teilen\" role=\"button\" rel=\"nofollow\" class=\"shariff-link\" style=\"; background-color:#3b5998; color:#fff\" target=\"_blank\"><span class=\"shariff-icon\" style=\"\"><svg width=\"32px\" height=\"20px\" xmlns=\"http:\/\/www.w3.org\/2000\/svg\" viewBox=\"0 0 18 32\"><path fill=\"#3b5998\" d=\"M17.1 0.2v4.7h-2.8q-1.5 0-2.1 0.6t-0.5 1.9v3.4h5.2l-0.7 5.3h-4.5v13.6h-5.5v-13.6h-4.5v-5.3h4.5v-3.9q0-3.3 1.9-5.2t5-1.8q2.6 0 4.1 0.2z\"\/><\/svg><\/span><span class=\"shariff-text\">teilen<\/span>&nbsp;<\/a><\/li><li class=\"shariff-button twitter shariff-nocustomcolor\" style=\"background-color:#595959\"><a href=\"https:\/\/twitter.com\/share?url=https%3A%2F%2Fsanito.org%2Fde%2Fsanito-alemania%2F&text=Sanito\" title=\"Bei X teilen\" aria-label=\"Bei X teilen\" role=\"button\" rel=\"noopener nofollow\" class=\"shariff-link\" style=\"; background-color:#000; color:#fff\" target=\"_blank\"><span class=\"shariff-icon\" style=\"\"><svg width=\"32px\" height=\"20px\" xmlns=\"http:\/\/www.w3.org\/2000\/svg\" viewBox=\"0 0 24 24\"><path fill=\"#000\" d=\"M14.258 10.152L23.176 0h-2.113l-7.747 8.813L7.133 0H0l9.352 13.328L0 23.973h2.113l8.176-9.309 6.531 9.309h7.133zm-2.895 3.293l-.949-1.328L2.875 1.56h3.246l6.086 8.523.945 1.328 7.91 11.078h-3.246zm0 0\"\/><\/svg><\/span><span class=\"shariff-text\">teilen<\/span>&nbsp;<\/a><\/li><li class=\"shariff-button diaspora shariff-nocustomcolor\" style=\"background-color:#b3b3b3\"><a href=\"https:\/\/share.diasporafoundation.org\/?url=https%3A%2F%2Fsanito.org%2Fde%2Fsanito-alemania%2F&title=Sanito\" title=\"Bei diaspora* teilen\" aria-label=\"Bei diaspora* teilen\" role=\"button\" rel=\"noopener nofollow\" class=\"shariff-link\" style=\"; background-color:#999; color:#fff\" target=\"_blank\"><span class=\"shariff-icon\" style=\"\"><svg width=\"32px\" height=\"20px\" xmlns=\"http:\/\/www.w3.org\/2000\/svg\" viewBox=\"0 0 33 32\"><path fill=\"#999\" d=\"M20.6 28.2c-0.8-1.2-2.1-2.9-2.9-4-0.8-1.1-1.4-1.9-1.4-1.9s-1.2 1.6-2.8 3.8c-1.5 2.1-2.8 3.8-2.8 3.8 0 0-5.5-3.9-5.5-3.9 0 0 1.2-1.8 2.8-4s2.8-4 2.8-4.1c0-0.1-0.5-0.2-4.4-1.5-2.4-0.8-4.4-1.5-4.4-1.5 0 0 0.2-0.8 1-3.2 0.6-1.8 1-3.2 1.1-3.3s2.1 0.6 4.6 1.5c2.5 0.8 4.6 1.5 4.6 1.5s0.1 0 0.1-0.1c0 0 0-2.2 0-4.8s0-4.7 0.1-4.7c0 0 0.7 0 3.3 0 1.8 0 3.3 0 3.4 0 0 0 0.1 1.4 0.2 4.6 0.1 5.2 0.1 5.3 0.2 5.3 0 0 2-0.7 4.5-1.5s4.4-1.5 4.4-1.5c0 0.1 2 6.5 2 6.5 0 0-2 0.7-4.5 1.5-3.4 1.1-4.5 1.5-4.5 1.6 0 0 1.2 1.8 2.6 3.9 1.5 2.1 2.6 3.9 2.6 3.9 0 0-5.4 4-5.5 4 0 0-0.7-0.9-1.5-2.1z\"\/><\/svg><\/span><span class=\"shariff-text\">teilen<\/span>&nbsp;<\/a><\/li><li class=\"shariff-button printer shariff-nocustomcolor\" style=\"background-color:#a8a8a8\"><a href=\"javascript:window.print()\" title=\"drucken\" aria-label=\"drucken\" role=\"button\" rel=\"noopener nofollow\" class=\"shariff-link\" style=\"; background-color:#999; color:#fff\"><span class=\"shariff-icon\" style=\"\"><svg width=\"32px\" height=\"20px\" xmlns=\"http:\/\/www.w3.org\/2000\/svg\" viewBox=\"0 0 30 32\"><path fill=\"#999\" d=\"M6.8 27.4h16v-4.6h-16v4.6zM6.8 16h16v-6.8h-2.8q-0.7 0-1.2-0.5t-0.5-1.2v-2.8h-11.4v11.4zM27.4 17.2q0-0.5-0.3-0.8t-0.8-0.4-0.8 0.4-0.3 0.8 0.3 0.8 0.8 0.3 0.8-0.3 0.3-0.8zM29.7 17.2v7.4q0 0.2-0.2 0.4t-0.4 0.2h-4v2.8q0 0.7-0.5 1.2t-1.2 0.5h-17.2q-0.7 0-1.2-0.5t-0.5-1.2v-2.8h-4q-0.2 0-0.4-0.2t-0.2-0.4v-7.4q0-1.4 1-2.4t2.4-1h1.2v-9.7q0-0.7 0.5-1.2t1.2-0.5h12q0.7 0 1.6 0.4t1.3 0.8l2.7 2.7q0.5 0.5 0.9 1.4t0.4 1.6v4.6h1.1q1.4 0 2.4 1t1 2.4z\"\/><\/svg><\/span><span class=\"shariff-text\">drucken<\/span>&nbsp;<\/a><\/li><li class=\"shariff-button rss shariff-nocustomcolor\" style=\"background-color:#ff8c00\"><a href=\"https:\/\/sanito.org\/de\/feed\/rss\/\" title=\"RSS-feed\" aria-label=\"RSS-feed\" role=\"button\" class=\"shariff-link\" style=\"; background-color:#fe9312; color:#fff\" target=\"_blank\"><span class=\"shariff-icon\" style=\"\"><svg width=\"32px\" height=\"20px\" xmlns=\"http:\/\/www.w3.org\/2000\/svg\" viewBox=\"0 0 32 32\"><path fill=\"#fe9312\" d=\"M4.3 23.5c-2.3 0-4.3 1.9-4.3 4.3 0 2.3 1.9 4.2 4.3 4.2 2.4 0 4.3-1.9 4.3-4.2 0-2.3-1.9-4.3-4.3-4.3zM0 10.9v6.1c4 0 7.7 1.6 10.6 4.4 2.8 2.8 4.4 6.6 4.4 10.6h6.2c0-11.7-9.5-21.1-21.1-21.1zM0 0v6.1c14.2 0 25.8 11.6 25.8 25.9h6.2c0-17.6-14.4-32-32-32z\"\/><\/svg><\/span><span class=\"shariff-text\">RSS-feed<\/span>&nbsp;<\/a><\/li><li class=\"shariff-button info shariff-nocustomcolor\" style=\"background-color:#eee\"><a href=\"http:\/\/ct.de\/-2467514\" title=\"Weitere Informationen\" aria-label=\"Weitere Informationen\" role=\"button\" rel=\"noopener \" class=\"shariff-link\" style=\"; background-color:#fff; color:#fff\" target=\"_blank\"><span class=\"shariff-icon\" style=\"\"><svg width=\"32px\" height=\"20px\" xmlns=\"http:\/\/www.w3.org\/2000\/svg\" viewBox=\"0 0 11 32\"><path fill=\"#999\" d=\"M11.4 24v2.3q0 0.5-0.3 0.8t-0.8 0.4h-9.1q-0.5 0-0.8-0.4t-0.4-0.8v-2.3q0-0.5 0.4-0.8t0.8-0.4h1.1v-6.8h-1.1q-0.5 0-0.8-0.4t-0.4-0.8v-2.3q0-0.5 0.4-0.8t0.8-0.4h6.8q0.5 0 0.8 0.4t0.4 0.8v10.3h1.1q0.5 0 0.8 0.4t0.3 0.8zM9.2 3.4v3.4q0 0.5-0.4 0.8t-0.8 0.4h-4.6q-0.4 0-0.8-0.4t-0.4-0.8v-3.4q0-0.4 0.4-0.8t0.8-0.4h4.6q0.5 0 0.8 0.4t0.4 0.8z\"\/><\/svg><\/span><\/a><\/li><\/ul><\/div>","protected":false},"excerpt":{"rendered":"<p>Sanito (abgeleitet vom spanischen Wort f\u00fcr gesund \u2013 sano) steht f\u00fcr die gemeinsame ehrenamtliche Initiative von Menschen aus Deutschland, Nicaragua und anderen L\u00e4ndern dieser Welt, um die Gesundheitsvorsorge in Nicaragua an zu verbessern. So m\u00f6chten wir zusammen den \u00c4rmsten in Nicaragua zu einem ges\u00fcnderen Leben verhelfen. Aktuell besteht Sanito aus zwei Vereinen: Der &#8222;Asociaci\u00f3n Sanito<\/p>\n","protected":false},"author":1,"featured_media":0,"parent":0,"menu_order":0,"comment_status":"closed","ping_status":"open","template":"","meta":{"footnotes":""},"class_list":["post-7","page","type-page","status-publish","hentry"],"yoast_head":"<!-- This site is optimized with the Yoast SEO plugin v26.5 - https:\/\/yoast.com\/wordpress\/plugins\/seo\/ -->\n<title>Sanito Alemania - Sanito Deutschland - Sanito Germany<\/title>\n<meta name=\"description\" content=\"Sanito Alemania - Sanito Deutschland - Sanito Germany\" \/>\n<meta name=\"robots\" content=\"index, follow, max-snippet:-1, max-image-preview:large, max-video-preview:-1\" \/>\n<link rel=\"canonical\" href=\"https:\/\/sanito.org\/sanito-alemania\/\" \/>\n<meta property=\"og:locale\" content=\"de_DE\" \/>\n<meta property=\"og:type\" content=\"article\" \/>\n<meta property=\"og:title\" content=\"Sanito Alemania - Sanito Deutschland - Sanito Germany\" \/>\n<meta property=\"og:description\" content=\"Sanito Alemania - Sanito Deutschland - Sanito Germany\" \/>\n<meta property=\"og:url\" content=\"https:\/\/sanito.org\/sanito-alemania\/\" \/>\n<meta property=\"og:site_name\" content=\"Sanito\" \/>\n<meta property=\"article:publisher\" content=\"https:\/\/www.facebook.com\/sanito.org\" \/>\n<meta property=\"article:modified_time\" content=\"2022-11-19T17:08:48+00:00\" \/>\n<meta property=\"og:image\" content=\"https:\/\/sanito.org\/wp-content\/uploads\/2014\/10\/Flaggen1-300x184.jpg\" \/>\n<meta name=\"twitter:label1\" content=\"Gesch\u00e4tzte Lesezeit\" \/>\n\t<meta name=\"twitter:data1\" content=\"4\u00a0Minuten\" \/>\n<script type=\"application\/ld+json\" class=\"yoast-schema-graph\">{\"@context\":\"https:\/\/schema.org\",\"@graph\":[{\"@type\":\"WebPage\",\"@id\":\"https:\/\/sanito.org\/sanito-alemania\/\",\"url\":\"https:\/\/sanito.org\/sanito-alemania\/\",\"name\":\"Sanito Alemania - Sanito Deutschland - Sanito Germany\",\"isPartOf\":{\"@id\":\"https:\/\/sanito.org\/de\/#website\"},\"primaryImageOfPage\":{\"@id\":\"https:\/\/sanito.org\/sanito-alemania\/#primaryimage\"},\"image\":{\"@id\":\"https:\/\/sanito.org\/sanito-alemania\/#primaryimage\"},\"thumbnailUrl\":\"https:\/\/sanito.org\/wp-content\/uploads\/2014\/10\/Flaggen1-300x184.jpg\",\"datePublished\":\"2014-10-22T16:09:40+00:00\",\"dateModified\":\"2022-11-19T17:08:48+00:00\",\"description\":\"Sanito Alemania - Sanito Deutschland - Sanito Germany\",\"breadcrumb\":{\"@id\":\"https:\/\/sanito.org\/sanito-alemania\/#breadcrumb\"},\"inLanguage\":\"de\",\"potentialAction\":[{\"@type\":\"ReadAction\",\"target\":[\"https:\/\/sanito.org\/sanito-alemania\/\"]}]},{\"@type\":\"ImageObject\",\"inLanguage\":\"de\",\"@id\":\"https:\/\/sanito.org\/sanito-alemania\/#primaryimage\",\"url\":\"https:\/\/sanito.org\/wp-content\/uploads\/2014\/10\/Flaggen1-300x184.jpg\",\"contentUrl\":\"https:\/\/sanito.org\/wp-content\/uploads\/2014\/10\/Flaggen1-300x184.jpg\"},{\"@type\":\"BreadcrumbList\",\"@id\":\"https:\/\/sanito.org\/sanito-alemania\/#breadcrumb\",\"itemListElement\":[{\"@type\":\"ListItem\",\"position\":1,\"name\":\"Home\",\"item\":\"https:\/\/sanito.org\/de\/\"},{\"@type\":\"ListItem\",\"position\":2,\"name\":\"Sanito\"}]},{\"@type\":\"WebSite\",\"@id\":\"https:\/\/sanito.org\/de\/#website\",\"url\":\"https:\/\/sanito.org\/de\/\",\"name\":\"Sanito\",\"description\":\"\",\"potentialAction\":[{\"@type\":\"SearchAction\",\"target\":{\"@type\":\"EntryPoint\",\"urlTemplate\":\"https:\/\/sanito.org\/de\/?s={search_term_string}\"},\"query-input\":{\"@type\":\"PropertyValueSpecification\",\"valueRequired\":true,\"valueName\":\"search_term_string\"}}],\"inLanguage\":\"de\"}]}<\/script>\n<!-- \/ Yoast SEO plugin. -->","yoast_head_json":{"title":"Sanito Alemania - Sanito Deutschland - Sanito Germany","description":"Sanito Alemania - Sanito Deutschland - Sanito Germany","robots":{"index":"index","follow":"follow","max-snippet":"max-snippet:-1","max-image-preview":"max-image-preview:large","max-video-preview":"max-video-preview:-1"},"canonical":"https:\/\/sanito.org\/sanito-alemania\/","og_locale":"de_DE","og_type":"article","og_title":"Sanito Alemania - Sanito Deutschland - Sanito Germany","og_description":"Sanito Alemania - Sanito Deutschland - Sanito Germany","og_url":"https:\/\/sanito.org\/sanito-alemania\/","og_site_name":"Sanito","article_publisher":"https:\/\/www.facebook.com\/sanito.org","article_modified_time":"2022-11-19T17:08:48+00:00","og_image":[{"url":"https:\/\/sanito.org\/wp-content\/uploads\/2014\/10\/Flaggen1-300x184.jpg","type":"","width":"","height":""}],"twitter_misc":{"Gesch\u00e4tzte Lesezeit":"4\u00a0Minuten"},"schema":{"@context":"https:\/\/schema.org","@graph":[{"@type":"WebPage","@id":"https:\/\/sanito.org\/sanito-alemania\/","url":"https:\/\/sanito.org\/sanito-alemania\/","name":"Sanito Alemania - Sanito Deutschland - Sanito Germany","isPartOf":{"@id":"https:\/\/sanito.org\/de\/#website"},"primaryImageOfPage":{"@id":"https:\/\/sanito.org\/sanito-alemania\/#primaryimage"},"image":{"@id":"https:\/\/sanito.org\/sanito-alemania\/#primaryimage"},"thumbnailUrl":"https:\/\/sanito.org\/wp-content\/uploads\/2014\/10\/Flaggen1-300x184.jpg","datePublished":"2014-10-22T16:09:40+00:00","dateModified":"2022-11-19T17:08:48+00:00","description":"Sanito Alemania - Sanito Deutschland - Sanito Germany","breadcrumb":{"@id":"https:\/\/sanito.org\/sanito-alemania\/#breadcrumb"},"inLanguage":"de","potentialAction":[{"@type":"ReadAction","target":["https:\/\/sanito.org\/sanito-alemania\/"]}]},{"@type":"ImageObject","inLanguage":"de","@id":"https:\/\/sanito.org\/sanito-alemania\/#primaryimage","url":"https:\/\/sanito.org\/wp-content\/uploads\/2014\/10\/Flaggen1-300x184.jpg","contentUrl":"https:\/\/sanito.org\/wp-content\/uploads\/2014\/10\/Flaggen1-300x184.jpg"},{"@type":"BreadcrumbList","@id":"https:\/\/sanito.org\/sanito-alemania\/#breadcrumb","itemListElement":[{"@type":"ListItem","position":1,"name":"Home","item":"https:\/\/sanito.org\/de\/"},{"@type":"ListItem","position":2,"name":"Sanito"}]},{"@type":"WebSite","@id":"https:\/\/sanito.org\/de\/#website","url":"https:\/\/sanito.org\/de\/","name":"Sanito","description":"","potentialAction":[{"@type":"SearchAction","target":{"@type":"EntryPoint","urlTemplate":"https:\/\/sanito.org\/de\/?s={search_term_string}"},"query-input":{"@type":"PropertyValueSpecification","valueRequired":true,"valueName":"search_term_string"}}],"inLanguage":"de"}]}},"_links":{"self":[{"href":"https:\/\/sanito.org\/de\/wp-json\/wp\/v2\/pages\/7","targetHints":{"allow":["GET"]}}],"collection":[{"href":"https:\/\/sanito.org\/de\/wp-json\/wp\/v2\/pages"}],"about":[{"href":"https:\/\/sanito.org\/de\/wp-json\/wp\/v2\/types\/page"}],"author":[{"embeddable":true,"href":"https:\/\/sanito.org\/de\/wp-json\/wp\/v2\/users\/1"}],"replies":[{"embeddable":true,"href":"https:\/\/sanito.org\/de\/wp-json\/wp\/v2\/comments?post=7"}],"version-history":[{"count":22,"href":"https:\/\/sanito.org\/de\/wp-json\/wp\/v2\/pages\/7\/revisions"}],"predecessor-version":[{"id":1459,"href":"https:\/\/sanito.org\/de\/wp-json\/wp\/v2\/pages\/7\/revisions\/1459"}],"wp:attachment":[{"href":"https:\/\/sanito.org\/de\/wp-json\/wp\/v2\/media?parent=7"}],"curies":[{"name":"wp","href":"https:\/\/api.w.org\/{rel}","templated":true}]}}