{"id":85,"date":"2014-10-23T21:38:22","date_gmt":"2014-10-23T19:38:22","guid":{"rendered":"http:\/\/sanito.org\/?page_id=85"},"modified":"2022-11-19T18:08:09","modified_gmt":"2022-11-19T17:08:09","slug":"nicaragua","status":"publish","type":"page","link":"https:\/\/sanito.org\/de\/sanito-alemania\/nicaragua\/","title":{"rendered":"\u00dcber Nicaragua"},"content":{"rendered":"<p><\/p>\n<h3 style=\"text-align: justify;\"><strong>Nicaragua: Hier sind wir t\u00e4tig!<\/strong><\/h3>\n<div id=\"attachment_735\" style=\"width: 340px\" class=\"wp-caption alignright\"><a href=\"https:\/\/sanito.org\/wp-content\/uploads\/2014\/10\/nicaragua-karte-klein.png\"><img loading=\"lazy\" decoding=\"async\" aria-describedby=\"caption-attachment-735\" class=\"wp-image-735 size-full\" src=\"https:\/\/sanito.org\/wp-content\/uploads\/2014\/10\/nicaragua-karte-klein.png\" alt=\"\" width=\"330\" height=\"165\" srcset=\"https:\/\/sanito.org\/wp-content\/uploads\/2014\/10\/nicaragua-karte-klein.png 330w, https:\/\/sanito.org\/wp-content\/uploads\/2014\/10\/nicaragua-karte-klein-300x150.png 300w\" sizes=\"auto, (max-width: 330px) 100vw, 330px\" \/><\/a><p id=\"caption-attachment-735\" class=\"wp-caption-text\">Karte: Nicaragua<\/p><\/div>\n<p style=\"text-align: justify;\">Nicaragua ist ohne Frage ein sehr beeindruckendes Land: Traumhafte Landschaften erstrecken sich von der Pazifikk\u00fcste bis hin zum Atlantik. Darunter befinden sich die aktiven Vulkane im Westen sowie der weitl\u00e4ufige Regenwald im Osten des Landes. Hinzukommen ein au\u00dfergew\u00f6hnlich liebevolles Volk sowie eine bemerkenswerte Kultur voller Traditionen. Allerdings ist das Land vielmehr durch seine B\u00fcrgerkriege, politischen Probleme und Naturkatastrophen bekannt. Diese sorgen f\u00fcr Elend in der Bev\u00f6lkerung. Nicaragua ist in der Region Lateinamerika und Karibik hinter Haiti das zweit\u00e4rmste Land. Demnach ist es nicht verwunderlich, dass unter anderem die Gesundheit ein todernstes Thema ist.<\/p>\n<h3 style=\"text-align: justify;\"><strong>Sozio-\u00d6konomische Probleme<\/strong><\/h3>\n<p style=\"text-align: justify;\">Die Wirtschaft Nicaraguas ist in den letzten Jahren kontinuierlich gewachsen. Das Wirtschaftswachstum im Jahre 2014 wird auf 4,0 bis 4,5 % gesch\u00e4tzt. Zu den wichtigsten Exportg\u00fctern geh\u00f6ren: Kaffee, Rindfleisch, Zucker, Erdn\u00fcsse, Langusten und Krabben sowie neuerdings auch Gold. Dennoch haben sich die Armutsindikatoren in den letzten Jahren kaum ver\u00e4ndert. So lebten laut FIDEG im Jahre 2011 44,1 % der Bev\u00f6lkerung unter der Armutsgrenze und 8,2 % der Bev\u00f6lkerung sogar in extremer Armut.<\/p>\n<p style=\"text-align: justify;\">Von den Erwerbst\u00e4tigen arbeiteten 2013 ca. 34 % im Bereich der Landwirtschaft, 18 % in Industrie, Handwerk und Bauwesen und 48 % waren im Dienstleistungssektor t\u00e4tig. Insgesamt ist die Aufnahmef\u00e4higkeit des Arbeitsmarktes sehr gering. Heutzutage arbeiten die meisten Menschen, etwas weniger als 2\/3 der erwerbst\u00e4tigen Bev\u00f6lkerung, im informellen Bereich ohne formelles Arbeitsverh\u00e4ltnis.<\/p>\n<p style=\"text-align: justify;\">Neben der Bev\u00f6lkerungsarmut sind die gr\u00f6\u00dften sozialen Probleme Nicaraguas im leistungsschwachen und unterfinanzierten Bildungswesen sowie im unzureichenden Gesundheitssystem zu sehen. Zudem ist die soziale Rolle der Frau weiterhin als kritisch zu betrachten, auch wenn ein Wandel in dieser vom Machismo gepr\u00e4gten Kultur eingesetzt hat.<\/p>\n<p style=\"text-align: justify;\">Nur circa 19 % der Bev\u00f6lkerung sind \u00fcber die \u00f6ffentliche Sozialversicherung versichert und k\u00f6nnen sich somit kostenfrei in speziellen Kliniken f\u00fcr sozialversicherte Personen behandeln lassen. Die wenigen, die es sich leisten k\u00f6nnen, lassen sich zudem im privaten Sektor auf westlichem Niveau behandeln. Alle anderen Menschen m\u00fcssen sich in den allgemeinen \u00f6ffentlichen Gesundheitsposten und Kliniken versorgen lassen. Allerdings erm\u00f6glichen es diese \u00f6ffentlichen Einrichtungen nicht, die Bev\u00f6lkerung ad\u00e4quat zu versorgen und alle notwendigen Operationen durchzuf\u00fchren, da die Krankenh\u00e4user schlecht ausgestattet sind.<\/p>\n<h3 style=\"text-align: justify;\"><strong>Infrastrukturelle Probleme<\/strong><\/h3>\n<p style=\"text-align: justify;\">Im Zusammenhang mit dem Kampf gegen die Armut investiert die Regierung seit der Revolution von 1979 auch in den Ausbau der technologischen Infrastruktur. Die Situation hat sich in den letzten Jahren definitiv verbessert, wobei der Standard noch immer dem eines Entwicklungslandes entspricht:<\/p>\n<ul style=\"text-align: justify;\">\n<li>2013 waren nur 76 % der Bev\u00f6lkerung an das Stromnetz angeschlossen. Zus\u00e4tzlich muss in vielen Regionen t\u00e4glich mit Stromausfall gerechnet werden.<\/li>\n<li>Es existiert landesweit kein funktionsf\u00e4higes Abfallentsorgungssystem. In gr\u00f6\u00dferen St\u00e4dten gibt es zwar h\u00e4ufig eine M\u00fcllsammlung, aber die Deponierung erfolgt unter gesundheits- und umweltgef\u00e4hrdenden Bedingungen. In den l\u00e4ndlichen Gebieten wird der M\u00fcll \u00fcblicherweise auf offener Stra\u00dfe, im Garten oder sogar w\u00e4hrend des Kochens (bei offenem Feuer) verbrannt.<\/li>\n<li>Die Trinkwasserversorgung ist landesweit noch immer nicht vollst\u00e4ndig sichergestellt. 2009 hatten nur 78 % der Bev\u00f6lkerung Zugang zu sauberem Trinkwasser. Abwasser wird gr\u00f6\u00dftenteils unbehandelt abgeleitet. Im l\u00e4ndlichen Raum versickert das Abwasser so gut wie vollst\u00e4ndig unbehandelt im Boden oder flie\u00dft direkt in naheliegende Fl\u00fcsse oder Seen.<\/li>\n<li>Der \u00f6ffentliche Verkehr ist in Nicaragua nur unzureichend ausgebaut; die existierenden Stra\u00dfen sind gr\u00f6\u00dftenteils in einem schlechten Zustand.<\/li>\n<\/ul>\n<h3 style=\"text-align: justify;\"><strong>Umweltprobleme<\/strong><\/h3>\n<p style=\"text-align: justify;\">Entsprechend seiner geografischen Lage leidet das mittelamerikanische Land regelm\u00e4\u00dfig unter Naturkatastrophen. Vor allem Hurrikane, Erdbeben, Vulkanausbr\u00fcche und \u00dcberschwemmungen durch Dauerregen w\u00e4hrend der Regenzeit richten oft gr\u00f6\u00dfere Sch\u00e4den an, so zum Beispiel der bekannte Hurrikan Mitch im Jahre 1998.<\/p>\n<p style=\"text-align: justify;\">Zudem plagen immer mehr menschlich verursachte Umweltsch\u00e4den das Land. Darunter sind der starke Verlust fruchtbaren Bodens, die Zerst\u00f6rung von W\u00e4ldern und das Versiegen von Wasserquellen zu nennen. Zunehmende Bergbauprojekte bringen weitere \u00f6kologische und soziale Probleme mit sich. Auch die Umwelthygiene im Lande ist unzureichend: Die Trinkwasserqualit\u00e4t, die Abwasserhygiene, die innerh\u00e4usliche Rauchverschmutzung auf dem Lande und die atmosph\u00e4rische Luftverschmutzung in den St\u00e4dten wiesen 2013 schwere Missst\u00e4nde auf.<\/p>\n<h3 style=\"text-align: justify;\"><strong>Weitere Informationen \u00fcber Nicaragua findest Du auf den folgenden Seiten:<\/strong><\/h3>\n<ul>\n<li style=\"text-align: justify;\"><a href=\"http:\/\/www.auswaertiges-amt.de\/DE\/Aussenpolitik\/Laender\/Laenderinfos\/01-Nodes_Uebersichtsseiten\/Nicaragua_node.html\" target=\"_blank\" rel=\"noopener\">Ausw\u00e4rtiges Amt: Nicaragua<\/a><\/li>\n<li style=\"text-align: justify;\"><a href=\"http:\/\/www.nicaraguaportal.com\/home.html\" target=\"_blank\" rel=\"noopener\">Nicaraguaportal<\/a><\/li>\n<li style=\"text-align: justify;\"><a href=\"http:\/\/www.informationsbuero-nicaragua.org\/neu\/\" target=\"_blank\" rel=\"noopener\">Informationsb\u00fcro Nicaragua e.V.<\/a><\/li>\n<li style=\"text-align: justify;\"><a href=\"https:\/\/amerika21.de\/geo\/nicaragua\" target=\"_blank\" rel=\"noopener\">Amerika21: Nachrichten Nicargua<\/a><\/li>\n<\/ul>\n<p><\/p>\n<div class=\"shariff\"><ul class=\"shariff-buttons theme-default orientation-horizontal buttonsize-medium\"><li class=\"shariff-button facebook shariff-nocustomcolor\" style=\"background-color:#4273c8\"><a href=\"https:\/\/www.facebook.com\/sharer\/sharer.php?u=https%3A%2F%2Fsanito.org%2Fde%2Fsanito-alemania%2Fnicaragua%2F\" title=\"Bei Facebook teilen\" aria-label=\"Bei Facebook teilen\" role=\"button\" rel=\"nofollow\" class=\"shariff-link\" style=\"; background-color:#3b5998; color:#fff\" target=\"_blank\"><span class=\"shariff-icon\" style=\"\"><svg width=\"32px\" height=\"20px\" xmlns=\"http:\/\/www.w3.org\/2000\/svg\" viewBox=\"0 0 18 32\"><path fill=\"#3b5998\" d=\"M17.1 0.2v4.7h-2.8q-1.5 0-2.1 0.6t-0.5 1.9v3.4h5.2l-0.7 5.3h-4.5v13.6h-5.5v-13.6h-4.5v-5.3h4.5v-3.9q0-3.3 1.9-5.2t5-1.8q2.6 0 4.1 0.2z\"\/><\/svg><\/span><span class=\"shariff-text\">teilen<\/span>&nbsp;<\/a><\/li><li class=\"shariff-button twitter shariff-nocustomcolor\" style=\"background-color:#595959\"><a href=\"https:\/\/twitter.com\/share?url=https%3A%2F%2Fsanito.org%2Fde%2Fsanito-alemania%2Fnicaragua%2F&text=%C3%9Cber%20Nicaragua\" title=\"Bei X teilen\" aria-label=\"Bei X teilen\" role=\"button\" rel=\"noopener nofollow\" class=\"shariff-link\" style=\"; background-color:#000; color:#fff\" target=\"_blank\"><span class=\"shariff-icon\" style=\"\"><svg width=\"32px\" height=\"20px\" xmlns=\"http:\/\/www.w3.org\/2000\/svg\" viewBox=\"0 0 24 24\"><path fill=\"#000\" d=\"M14.258 10.152L23.176 0h-2.113l-7.747 8.813L7.133 0H0l9.352 13.328L0 23.973h2.113l8.176-9.309 6.531 9.309h7.133zm-2.895 3.293l-.949-1.328L2.875 1.56h3.246l6.086 8.523.945 1.328 7.91 11.078h-3.246zm0 0\"\/><\/svg><\/span><span class=\"shariff-text\">teilen<\/span>&nbsp;<\/a><\/li><li class=\"shariff-button diaspora shariff-nocustomcolor\" style=\"background-color:#b3b3b3\"><a href=\"https:\/\/share.diasporafoundation.org\/?url=https%3A%2F%2Fsanito.org%2Fde%2Fsanito-alemania%2Fnicaragua%2F&title=%C3%9Cber%20Nicaragua\" title=\"Bei diaspora* teilen\" aria-label=\"Bei diaspora* teilen\" role=\"button\" rel=\"noopener nofollow\" class=\"shariff-link\" style=\"; background-color:#999; color:#fff\" target=\"_blank\"><span class=\"shariff-icon\" style=\"\"><svg width=\"32px\" height=\"20px\" xmlns=\"http:\/\/www.w3.org\/2000\/svg\" viewBox=\"0 0 33 32\"><path fill=\"#999\" d=\"M20.6 28.2c-0.8-1.2-2.1-2.9-2.9-4-0.8-1.1-1.4-1.9-1.4-1.9s-1.2 1.6-2.8 3.8c-1.5 2.1-2.8 3.8-2.8 3.8 0 0-5.5-3.9-5.5-3.9 0 0 1.2-1.8 2.8-4s2.8-4 2.8-4.1c0-0.1-0.5-0.2-4.4-1.5-2.4-0.8-4.4-1.5-4.4-1.5 0 0 0.2-0.8 1-3.2 0.6-1.8 1-3.2 1.1-3.3s2.1 0.6 4.6 1.5c2.5 0.8 4.6 1.5 4.6 1.5s0.1 0 0.1-0.1c0 0 0-2.2 0-4.8s0-4.7 0.1-4.7c0 0 0.7 0 3.3 0 1.8 0 3.3 0 3.4 0 0 0 0.1 1.4 0.2 4.6 0.1 5.2 0.1 5.3 0.2 5.3 0 0 2-0.7 4.5-1.5s4.4-1.5 4.4-1.5c0 0.1 2 6.5 2 6.5 0 0-2 0.7-4.5 1.5-3.4 1.1-4.5 1.5-4.5 1.6 0 0 1.2 1.8 2.6 3.9 1.5 2.1 2.6 3.9 2.6 3.9 0 0-5.4 4-5.5 4 0 0-0.7-0.9-1.5-2.1z\"\/><\/svg><\/span><span class=\"shariff-text\">teilen<\/span>&nbsp;<\/a><\/li><li class=\"shariff-button printer shariff-nocustomcolor\" style=\"background-color:#a8a8a8\"><a href=\"javascript:window.print()\" title=\"drucken\" aria-label=\"drucken\" role=\"button\" rel=\"noopener nofollow\" class=\"shariff-link\" style=\"; background-color:#999; color:#fff\"><span class=\"shariff-icon\" style=\"\"><svg width=\"32px\" height=\"20px\" xmlns=\"http:\/\/www.w3.org\/2000\/svg\" viewBox=\"0 0 30 32\"><path fill=\"#999\" d=\"M6.8 27.4h16v-4.6h-16v4.6zM6.8 16h16v-6.8h-2.8q-0.7 0-1.2-0.5t-0.5-1.2v-2.8h-11.4v11.4zM27.4 17.2q0-0.5-0.3-0.8t-0.8-0.4-0.8 0.4-0.3 0.8 0.3 0.8 0.8 0.3 0.8-0.3 0.3-0.8zM29.7 17.2v7.4q0 0.2-0.2 0.4t-0.4 0.2h-4v2.8q0 0.7-0.5 1.2t-1.2 0.5h-17.2q-0.7 0-1.2-0.5t-0.5-1.2v-2.8h-4q-0.2 0-0.4-0.2t-0.2-0.4v-7.4q0-1.4 1-2.4t2.4-1h1.2v-9.7q0-0.7 0.5-1.2t1.2-0.5h12q0.7 0 1.6 0.4t1.3 0.8l2.7 2.7q0.5 0.5 0.9 1.4t0.4 1.6v4.6h1.1q1.4 0 2.4 1t1 2.4z\"\/><\/svg><\/span><span class=\"shariff-text\">drucken<\/span>&nbsp;<\/a><\/li><li class=\"shariff-button rss shariff-nocustomcolor\" style=\"background-color:#ff8c00\"><a href=\"https:\/\/sanito.org\/de\/feed\/rss\/\" title=\"RSS-feed\" aria-label=\"RSS-feed\" role=\"button\" class=\"shariff-link\" style=\"; background-color:#fe9312; color:#fff\" target=\"_blank\"><span class=\"shariff-icon\" style=\"\"><svg width=\"32px\" height=\"20px\" xmlns=\"http:\/\/www.w3.org\/2000\/svg\" viewBox=\"0 0 32 32\"><path fill=\"#fe9312\" d=\"M4.3 23.5c-2.3 0-4.3 1.9-4.3 4.3 0 2.3 1.9 4.2 4.3 4.2 2.4 0 4.3-1.9 4.3-4.2 0-2.3-1.9-4.3-4.3-4.3zM0 10.9v6.1c4 0 7.7 1.6 10.6 4.4 2.8 2.8 4.4 6.6 4.4 10.6h6.2c0-11.7-9.5-21.1-21.1-21.1zM0 0v6.1c14.2 0 25.8 11.6 25.8 25.9h6.2c0-17.6-14.4-32-32-32z\"\/><\/svg><\/span><span class=\"shariff-text\">RSS-feed<\/span>&nbsp;<\/a><\/li><li class=\"shariff-button info shariff-nocustomcolor\" style=\"background-color:#eee\"><a href=\"http:\/\/ct.de\/-2467514\" title=\"Weitere Informationen\" aria-label=\"Weitere Informationen\" role=\"button\" rel=\"noopener \" class=\"shariff-link\" style=\"; background-color:#fff; color:#fff\" target=\"_blank\"><span class=\"shariff-icon\" style=\"\"><svg width=\"32px\" height=\"20px\" xmlns=\"http:\/\/www.w3.org\/2000\/svg\" viewBox=\"0 0 11 32\"><path fill=\"#999\" d=\"M11.4 24v2.3q0 0.5-0.3 0.8t-0.8 0.4h-9.1q-0.5 0-0.8-0.4t-0.4-0.8v-2.3q0-0.5 0.4-0.8t0.8-0.4h1.1v-6.8h-1.1q-0.5 0-0.8-0.4t-0.4-0.8v-2.3q0-0.5 0.4-0.8t0.8-0.4h6.8q0.5 0 0.8 0.4t0.4 0.8v10.3h1.1q0.5 0 0.8 0.4t0.3 0.8zM9.2 3.4v3.4q0 0.5-0.4 0.8t-0.8 0.4h-4.6q-0.4 0-0.8-0.4t-0.4-0.8v-3.4q0-0.4 0.4-0.8t0.8-0.4h4.6q0.5 0 0.8 0.4t0.4 0.8z\"\/><\/svg><\/span><\/a><\/li><\/ul><\/div>","protected":false},"excerpt":{"rendered":"<p>Nicaragua: Hier sind wir t\u00e4tig! Nicaragua ist ohne Frage ein sehr beeindruckendes Land: Traumhafte Landschaften erstrecken sich von der Pazifikk\u00fcste bis hin zum Atlantik. Darunter befinden sich die aktiven Vulkane im Westen sowie der weitl\u00e4ufige Regenwald im Osten des Landes. Hinzukommen ein au\u00dfergew\u00f6hnlich liebevolles Volk sowie eine bemerkenswerte Kultur voller Traditionen. Allerdings ist das Land<\/p>\n","protected":false},"author":1,"featured_media":0,"parent":7,"menu_order":5,"comment_status":"closed","ping_status":"open","template":"fullwidth.php","meta":{"footnotes":""},"class_list":["post-85","page","type-page","status-publish","hentry"],"yoast_head":"<!-- This site is optimized with the Yoast SEO plugin v26.5 - https:\/\/yoast.com\/wordpress\/plugins\/seo\/ -->\n<title>\u00dcber Nicaragua - Sanito<\/title>\n<meta name=\"robots\" content=\"index, follow, max-snippet:-1, max-image-preview:large, max-video-preview:-1\" \/>\n<link rel=\"canonical\" href=\"https:\/\/sanito.org\/sanito-alemania\/nicaragua\/\" \/>\n<meta property=\"og:locale\" content=\"de_DE\" \/>\n<meta property=\"og:type\" content=\"article\" \/>\n<meta property=\"og:title\" content=\"[:es]Informaci\u00f3n sobre Nicaragua[:de]\u00dcber Nicaragua[:en]About Nicaragua[:] - Sanito\" \/>\n<meta property=\"og:description\" content=\"Nicaragua: Hier sind wir t\u00e4tig! Nicaragua ist ohne Frage ein sehr beeindruckendes Land: Traumhafte Landschaften erstrecken sich von der Pazifikk\u00fcste bis hin zum Atlantik. Darunter befinden sich die aktiven Vulkane im Westen sowie der weitl\u00e4ufige Regenwald im Osten des Landes. Hinzukommen ein au\u00dfergew\u00f6hnlich liebevolles Volk sowie eine bemerkenswerte Kultur voller Traditionen. Allerdings ist das Land\" \/>\n<meta property=\"og:url\" content=\"https:\/\/sanito.org\/sanito-alemania\/nicaragua\/\" \/>\n<meta property=\"og:site_name\" content=\"Sanito\" \/>\n<meta property=\"article:publisher\" content=\"https:\/\/www.facebook.com\/sanito.org\" \/>\n<meta property=\"article:modified_time\" content=\"2022-11-19T17:08:09+00:00\" \/>\n<meta property=\"og:image\" content=\"https:\/\/sanito.org\/wp-content\/uploads\/2014\/10\/nicaragua-karte-klein.png\" \/>\n<meta name=\"twitter:label1\" content=\"Gesch\u00e4tzte Lesezeit\" \/>\n\t<meta name=\"twitter:data1\" content=\"13\u00a0Minuten\" \/>\n<script type=\"application\/ld+json\" class=\"yoast-schema-graph\">{\"@context\":\"https:\/\/schema.org\",\"@graph\":[{\"@type\":\"WebPage\",\"@id\":\"https:\/\/sanito.org\/sanito-alemania\/nicaragua\/\",\"url\":\"https:\/\/sanito.org\/sanito-alemania\/nicaragua\/\",\"name\":\"[:es]Informaci\u00f3n sobre Nicaragua[:de]\u00dcber Nicaragua[:en]About Nicaragua[:] - Sanito\",\"isPartOf\":{\"@id\":\"https:\/\/sanito.org\/de\/#website\"},\"primaryImageOfPage\":{\"@id\":\"https:\/\/sanito.org\/sanito-alemania\/nicaragua\/#primaryimage\"},\"image\":{\"@id\":\"https:\/\/sanito.org\/sanito-alemania\/nicaragua\/#primaryimage\"},\"thumbnailUrl\":\"https:\/\/sanito.org\/wp-content\/uploads\/2014\/10\/nicaragua-karte-klein.png\",\"datePublished\":\"2014-10-23T19:38:22+00:00\",\"dateModified\":\"2022-11-19T17:08:09+00:00\",\"breadcrumb\":{\"@id\":\"https:\/\/sanito.org\/sanito-alemania\/nicaragua\/#breadcrumb\"},\"inLanguage\":\"de\",\"potentialAction\":[{\"@type\":\"ReadAction\",\"target\":[\"https:\/\/sanito.org\/sanito-alemania\/nicaragua\/\"]}]},{\"@type\":\"ImageObject\",\"inLanguage\":\"de\",\"@id\":\"https:\/\/sanito.org\/sanito-alemania\/nicaragua\/#primaryimage\",\"url\":\"https:\/\/sanito.org\/wp-content\/uploads\/2014\/10\/nicaragua-karte-klein.png\",\"contentUrl\":\"https:\/\/sanito.org\/wp-content\/uploads\/2014\/10\/nicaragua-karte-klein.png\"},{\"@type\":\"BreadcrumbList\",\"@id\":\"https:\/\/sanito.org\/sanito-alemania\/nicaragua\/#breadcrumb\",\"itemListElement\":[{\"@type\":\"ListItem\",\"position\":1,\"name\":\"Home\",\"item\":\"https:\/\/sanito.org\/de\/\"},{\"@type\":\"ListItem\",\"position\":2,\"name\":\"Sanito\",\"item\":\"https:\/\/sanito.org\/sanito-alemania\/\"},{\"@type\":\"ListItem\",\"position\":3,\"name\":\"\u00dcber Nicaragua\"}]},{\"@type\":\"WebSite\",\"@id\":\"https:\/\/sanito.org\/de\/#website\",\"url\":\"https:\/\/sanito.org\/de\/\",\"name\":\"Sanito\",\"description\":\"\",\"potentialAction\":[{\"@type\":\"SearchAction\",\"target\":{\"@type\":\"EntryPoint\",\"urlTemplate\":\"https:\/\/sanito.org\/de\/?s={search_term_string}\"},\"query-input\":{\"@type\":\"PropertyValueSpecification\",\"valueRequired\":true,\"valueName\":\"search_term_string\"}}],\"inLanguage\":\"de\"}]}<\/script>\n<!-- \/ Yoast SEO plugin. -->","yoast_head_json":{"title":"[:es]Informaci\u00f3n sobre Nicaragua[:de]\u00dcber Nicaragua[:en]About Nicaragua[:] - Sanito","robots":{"index":"index","follow":"follow","max-snippet":"max-snippet:-1","max-image-preview":"max-image-preview:large","max-video-preview":"max-video-preview:-1"},"canonical":"https:\/\/sanito.org\/sanito-alemania\/nicaragua\/","og_locale":"de_DE","og_type":"article","og_title":"[:es]Informaci\u00f3n sobre Nicaragua[:de]\u00dcber Nicaragua[:en]About Nicaragua[:] - Sanito","og_description":"Nicaragua: Hier sind wir t\u00e4tig! Nicaragua ist ohne Frage ein sehr beeindruckendes Land: Traumhafte Landschaften erstrecken sich von der Pazifikk\u00fcste bis hin zum Atlantik. Darunter befinden sich die aktiven Vulkane im Westen sowie der weitl\u00e4ufige Regenwald im Osten des Landes. Hinzukommen ein au\u00dfergew\u00f6hnlich liebevolles Volk sowie eine bemerkenswerte Kultur voller Traditionen. Allerdings ist das Land","og_url":"https:\/\/sanito.org\/sanito-alemania\/nicaragua\/","og_site_name":"Sanito","article_publisher":"https:\/\/www.facebook.com\/sanito.org","article_modified_time":"2022-11-19T17:08:09+00:00","og_image":[{"url":"https:\/\/sanito.org\/wp-content\/uploads\/2014\/10\/nicaragua-karte-klein.png","type":"","width":"","height":""}],"twitter_misc":{"Gesch\u00e4tzte Lesezeit":"13\u00a0Minuten"},"schema":{"@context":"https:\/\/schema.org","@graph":[{"@type":"WebPage","@id":"https:\/\/sanito.org\/sanito-alemania\/nicaragua\/","url":"https:\/\/sanito.org\/sanito-alemania\/nicaragua\/","name":"[:es]Informaci\u00f3n sobre Nicaragua[:de]\u00dcber Nicaragua[:en]About Nicaragua[:] - Sanito","isPartOf":{"@id":"https:\/\/sanito.org\/de\/#website"},"primaryImageOfPage":{"@id":"https:\/\/sanito.org\/sanito-alemania\/nicaragua\/#primaryimage"},"image":{"@id":"https:\/\/sanito.org\/sanito-alemania\/nicaragua\/#primaryimage"},"thumbnailUrl":"https:\/\/sanito.org\/wp-content\/uploads\/2014\/10\/nicaragua-karte-klein.png","datePublished":"2014-10-23T19:38:22+00:00","dateModified":"2022-11-19T17:08:09+00:00","breadcrumb":{"@id":"https:\/\/sanito.org\/sanito-alemania\/nicaragua\/#breadcrumb"},"inLanguage":"de","potentialAction":[{"@type":"ReadAction","target":["https:\/\/sanito.org\/sanito-alemania\/nicaragua\/"]}]},{"@type":"ImageObject","inLanguage":"de","@id":"https:\/\/sanito.org\/sanito-alemania\/nicaragua\/#primaryimage","url":"https:\/\/sanito.org\/wp-content\/uploads\/2014\/10\/nicaragua-karte-klein.png","contentUrl":"https:\/\/sanito.org\/wp-content\/uploads\/2014\/10\/nicaragua-karte-klein.png"},{"@type":"BreadcrumbList","@id":"https:\/\/sanito.org\/sanito-alemania\/nicaragua\/#breadcrumb","itemListElement":[{"@type":"ListItem","position":1,"name":"Home","item":"https:\/\/sanito.org\/de\/"},{"@type":"ListItem","position":2,"name":"Sanito","item":"https:\/\/sanito.org\/sanito-alemania\/"},{"@type":"ListItem","position":3,"name":"\u00dcber Nicaragua"}]},{"@type":"WebSite","@id":"https:\/\/sanito.org\/de\/#website","url":"https:\/\/sanito.org\/de\/","name":"Sanito","description":"","potentialAction":[{"@type":"SearchAction","target":{"@type":"EntryPoint","urlTemplate":"https:\/\/sanito.org\/de\/?s={search_term_string}"},"query-input":{"@type":"PropertyValueSpecification","valueRequired":true,"valueName":"search_term_string"}}],"inLanguage":"de"}]}},"_links":{"self":[{"href":"https:\/\/sanito.org\/de\/wp-json\/wp\/v2\/pages\/85","targetHints":{"allow":["GET"]}}],"collection":[{"href":"https:\/\/sanito.org\/de\/wp-json\/wp\/v2\/pages"}],"about":[{"href":"https:\/\/sanito.org\/de\/wp-json\/wp\/v2\/types\/page"}],"author":[{"embeddable":true,"href":"https:\/\/sanito.org\/de\/wp-json\/wp\/v2\/users\/1"}],"replies":[{"embeddable":true,"href":"https:\/\/sanito.org\/de\/wp-json\/wp\/v2\/comments?post=85"}],"version-history":[{"count":24,"href":"https:\/\/sanito.org\/de\/wp-json\/wp\/v2\/pages\/85\/revisions"}],"predecessor-version":[{"id":1458,"href":"https:\/\/sanito.org\/de\/wp-json\/wp\/v2\/pages\/85\/revisions\/1458"}],"up":[{"embeddable":true,"href":"https:\/\/sanito.org\/de\/wp-json\/wp\/v2\/pages\/7"}],"wp:attachment":[{"href":"https:\/\/sanito.org\/de\/wp-json\/wp\/v2\/media?parent=85"}],"curies":[{"name":"wp","href":"https:\/\/api.w.org\/{rel}","templated":true}]}}